{"id":1410790754,"date":"2026-04-17T11:21:21","date_gmt":"2026-04-17T14:21:21","guid":{"rendered":"https:\/\/dinhosreef.com\/produto\/casal-peixe-palhaco-black-storm-premium-exclusivo\/"},"modified":"2026-04-17T14:27:50","modified_gmt":"2026-04-17T17:27:50","slug":"casal-peixe-palhaco-black-storm-premium-exclusivo","status":"publish","type":"product","link":"https:\/\/dinhosreef.com\/en\/product\/casal-peixe-palhaco-black-storm-premium-exclusivo\/","title":{"rendered":"Casal Peixe Palha\u00e7o Black Storm&#8221; PREMIUM EXCLUSIVO&#8221;"},"content":{"rendered":"<p>Mais informa\u00e7\u00e3o<br \/>N\u00edvel de Cuidado: F\u00e1cil<br \/>Temperamento: Semi-agressivo<br \/>Cor: Preto e Branco<br \/>Dieta: On\u00edvoro<br \/>Compat\u00edvel com recife: Sim<br \/>Condi\u00e7\u00f5es da \u00e1gua: sg 1,020-1,025, 22-26\u00b0 C, dKH 8-12, pH 8,1-8,4<br \/>M\u00e1x. Tamanho: 7-8cm<br \/>Origem: Criado em Cativeiro<br \/>Fam\u00edlia: Pomacentridae<br \/>Tamanho m\u00ednimo do aqu\u00e1rio: 75 Litros<br \/>O Black Storm Clownfish \u00e9 um peixe-palha\u00e7o de design distinto que deriva sua linhagem de uma muta\u00e7\u00e3o que apareceu durante o processo de reprodu\u00e7\u00e3o selectivo. O peixe-palha\u00e7o Black Storm criado em cativeiro demonstra um padr\u00e3o corporal exagerado e branco com um rosto quase totalmente branco com olhos negros. Este cativante &#8220;padr\u00e3o de panda&#8221; \u00e9 ainda mais acentuado por lindos padr\u00f5es pretos expressos em formas aleat\u00f3rias, garantindo que cada indiv\u00edduo seja realmente um peixe completamente \u00fanico.\u00a0<\/p>\n<p>O Black Storm Clownfish dar-se-\u00e1 melhor, se alojado em um aqu\u00e1rio de pelo menos 75 litros ou maior, com bastante rocha viva. Pode formar uma rela\u00e7\u00e3o simbi\u00f3tica com as seguintes esp\u00e9cies de an\u00eamonas; Tapete (Stichodactyla sp.) , Sebae (Heteractis crispa) , Bubbletip (Entacmaea quadricolor) ou Ritteri (Heteractis magnifica) . Embora o peixe-palha\u00e7o Black Storm n\u00e3o exija uma anemona para se desenvolver, se voc\u00ea escolher abrig\u00e1-los numa anemona, certifique-se sempre \u00a0de que o seu aqu\u00e1rio e sistema de ilumina\u00e7\u00e3o atender\u00e3o \u00e0s necessidades da anemona hospedeira antes de incorpor\u00e1-la ao aqu\u00e1rio.<\/p>\n<p>Os peixes-palha\u00e7o criados em cativeiro, como o peixe-palha\u00e7o Black Strom, t\u00eam vantagens sobre as esp\u00e9cies coletadas na natureza. Por um lado, os peixes-palha\u00e7o criados em cativeiro s\u00e3o muito resistentes e mais acostumados \u00e0s condi\u00e7\u00f5es encontradas nos aqu\u00e1rios dom\u00e9sticos. Portanto, o Black Storm Clownfish \u00e9 uma \u00f3tima escolha para iniciantes e aquaristas experientes. O peixe-palha\u00e7o Black Storm pode ser mantido com uma variedade de outros peixes-palha\u00e7o criados em cativeiro, se introduzidos no aqu\u00e1rio ao mesmo tempo.<\/p>\n<p>O peixe-palha\u00e7o Black Storm, como v\u00e1rios outros peixes-palha\u00e7o criados em cativeiro, pode ser criado no aqu\u00e1rio dom\u00e9stico com relativa facilidade e \u00e9 um dos peixes &#8220;iniciais&#8221; mais comuns para criadores de \u00e1gua salgada. A f\u00eamea ser\u00e1 a maior do par, e dois peixes geralmente ficar\u00e3o pr\u00f3ximos um do outro no aqu\u00e1rio.<\/p>","protected":false},"excerpt":{"rendered":"<p>Mais informa\u00e7\u00e3oN\u00edvel de Cuidado: F\u00e1cilTemperamento: Semi-agressivoCor: Preto e BrancoDieta: On\u00edvoroCompat\u00edvel com recife: SimCondi\u00e7\u00f5es da \u00e1gua: sg 1,020-1,025, 22-26\u00b0 C, dKH 8-12, pH 8,1-8,4M\u00e1x. Tamanho: 7-8cmOrigem: Criado em CativeiroFam\u00edlia: PomacentridaeTamanho m\u00ednimo do aqu\u00e1rio: 75 LitrosO Black Storm Clownfish \u00e9 um peixe-palha\u00e7o de design distinto que deriva sua linhagem de uma muta\u00e7\u00e3o que apareceu durante o processo [&hellip;]<\/p>\n","protected":false},"featured_media":1410790753,"comment_status":"open","ping_status":"closed","template":"","meta":{"googlesitekit_rrm_CAow0N7NCw:productID":"","content-type":"","pmpro_default_level":"","_themeisle_gutenberg_block_has_review":false},"product_brand":[],"product_cat":[186],"product_tag":[],"class_list":{"0":"post-1410790754","1":"product","2":"type-product","3":"status-publish","4":"has-post-thumbnail","6":"product_cat-animais-vivos","7":"pmpro-has-access","9":"first","10":"outofstock","11":"taxable","12":"shipping-taxable","13":"purchasable","14":"product-type-simple"},"_links":{"self":[{"href":"https:\/\/dinhosreef.com\/en\/wp-json\/wp\/v2\/product\/1410790754","targetHints":{"allow":["GET"]}}],"collection":[{"href":"https:\/\/dinhosreef.com\/en\/wp-json\/wp\/v2\/product"}],"about":[{"href":"https:\/\/dinhosreef.com\/en\/wp-json\/wp\/v2\/types\/product"}],"replies":[{"embeddable":true,"href":"https:\/\/dinhosreef.com\/en\/wp-json\/wp\/v2\/comments?post=1410790754"}],"wp:featuredmedia":[{"embeddable":true,"href":"https:\/\/dinhosreef.com\/en\/wp-json\/wp\/v2\/media\/1410790753"}],"wp:attachment":[{"href":"https:\/\/dinhosreef.com\/en\/wp-json\/wp\/v2\/media?parent=1410790754"}],"wp:term":[{"taxonomy":"product_brand","embeddable":true,"href":"https:\/\/dinhosreef.com\/en\/wp-json\/wp\/v2\/product_brand?post=1410790754"},{"taxonomy":"product_cat","embeddable":true,"href":"https:\/\/dinhosreef.com\/en\/wp-json\/wp\/v2\/product_cat?post=1410790754"},{"taxonomy":"product_tag","embeddable":true,"href":"https:\/\/dinhosreef.com\/en\/wp-json\/wp\/v2\/product_tag?post=1410790754"}],"curies":[{"name":"wp","href":"https:\/\/api.w.org\/{rel}","templated":true}]}}