{"id":1410790908,"date":"2026-04-17T18:16:26","date_gmt":"2026-04-17T21:16:26","guid":{"rendered":"https:\/\/dinhosreef.com\/produto\/brinquedo-pelucia-para-pets-dragao-c-catnip-10cm\/"},"modified":"2026-04-17T18:16:26","modified_gmt":"2026-04-17T21:16:26","slug":"brinquedo-pelucia-para-pets-dragao-c-catnip-10cm","status":"publish","type":"product","link":"https:\/\/dinhosreef.com\/en\/product\/brinquedo-pelucia-para-pets-dragao-c-catnip-10cm\/","title":{"rendered":"BRINQUEDO PELUCIA PARA PETS DRAG\u00c3O C\/CATNIP 10CM"},"content":{"rendered":"<p><strong>Brinquedo de Pel\u00facia para Pets \u2013 Drag\u00e3o com Catnip (10cm)<\/strong>\u00a0<\/p>\n<p>Divers\u00e3o garantida para o seu pet com esse drag\u00e3ozinho irresist\u00edvel!<\/p>\n<p><strong>Destaques do produto:<\/strong><br \/>\u00a0Pel\u00facia macia e segura<br \/>\u00a0Recheado com <strong>catnip<\/strong> \u2013 atrai e estimula seu pet<br \/>\u00a0Formato divertido de drag\u00e3o<br \/>\u00a0Tamanho compacto: 10cm \u2013 ideal para brincar e carregar<\/p>\n<p><strong>Por que seu pet vai amar?<\/strong><\/p>\n<p>Estimula o instinto natural de ca\u00e7a<\/p>\n<ul>\n<li>\n<p>Ajuda a reduzir o estresse e ansiedade<\/p>\n<\/li>\n<li>\n<p>Mant\u00e9m seu pet ativo e entretido por mais tempo<\/p>\n<\/li>\n<\/ul>\n<p><strong>Perfeito para gatos e pets de pequeno porte!<\/strong><\/p>\n<p>\u00a0Envio r\u00e1pido<br \/>\u00a0Pre\u00e7o imperd\u00edvel<\/p>\n<p>Garanta agora esse companheiro de brincadeiras para o seu pet!\u00a0<\/p>","protected":false},"excerpt":{"rendered":"<p>Brinquedo de Pel\u00facia para Pets \u2013 Drag\u00e3o com Catnip (10cm)\u00a0 Divers\u00e3o garantida para o seu pet com esse drag\u00e3ozinho irresist\u00edvel! Destaques do produto:\u00a0Pel\u00facia macia e segura\u00a0Recheado com catnip \u2013 atrai e estimula seu pet\u00a0Formato divertido de drag\u00e3o\u00a0Tamanho compacto: 10cm \u2013 ideal para brincar e carregar Por que seu pet vai amar? Estimula o instinto natural [&hellip;]<\/p>\n","protected":false},"featured_media":1410790907,"comment_status":"open","ping_status":"closed","template":"","meta":{"googlesitekit_rrm_CAow0N7NCw:productID":"","content-type":"","pmpro_default_level":"","_themeisle_gutenberg_block_has_review":false},"product_brand":[],"product_cat":[186],"product_tag":[],"class_list":{"0":"post-1410790908","1":"product","2":"type-product","3":"status-publish","4":"has-post-thumbnail","6":"product_cat-animais-vivos","7":"pmpro-has-access","9":"first","10":"instock","11":"taxable","12":"shipping-taxable","13":"purchasable","14":"product-type-simple"},"_links":{"self":[{"href":"https:\/\/dinhosreef.com\/en\/wp-json\/wp\/v2\/product\/1410790908","targetHints":{"allow":["GET"]}}],"collection":[{"href":"https:\/\/dinhosreef.com\/en\/wp-json\/wp\/v2\/product"}],"about":[{"href":"https:\/\/dinhosreef.com\/en\/wp-json\/wp\/v2\/types\/product"}],"replies":[{"embeddable":true,"href":"https:\/\/dinhosreef.com\/en\/wp-json\/wp\/v2\/comments?post=1410790908"}],"wp:featuredmedia":[{"embeddable":true,"href":"https:\/\/dinhosreef.com\/en\/wp-json\/wp\/v2\/media\/1410790907"}],"wp:attachment":[{"href":"https:\/\/dinhosreef.com\/en\/wp-json\/wp\/v2\/media?parent=1410790908"}],"wp:term":[{"taxonomy":"product_brand","embeddable":true,"href":"https:\/\/dinhosreef.com\/en\/wp-json\/wp\/v2\/product_brand?post=1410790908"},{"taxonomy":"product_cat","embeddable":true,"href":"https:\/\/dinhosreef.com\/en\/wp-json\/wp\/v2\/product_cat?post=1410790908"},{"taxonomy":"product_tag","embeddable":true,"href":"https:\/\/dinhosreef.com\/en\/wp-json\/wp\/v2\/product_tag?post=1410790908"}],"curies":[{"name":"wp","href":"https:\/\/api.w.org\/{rel}","templated":true}]}}