{"id":1410791070,"date":"2026-04-18T15:17:12","date_gmt":"2026-04-18T18:17:12","guid":{"rendered":"https:\/\/dinhosreef.com\/produto\/peitoral-americano-p-caes-15mm-m\/"},"modified":"2026-04-18T15:17:22","modified_gmt":"2026-04-18T18:17:22","slug":"peitoral-americano-p-caes-15mm-m","status":"publish","type":"product","link":"https:\/\/dinhosreef.com\/en\/product\/peitoral-americano-p-caes-15mm-m\/","title":{"rendered":"PEITORAL AMERICANO P\/ C\u00c3ES 15MM (M)"},"content":{"rendered":"<p>Confira os benef\u00edcios do nosso PEITORAL AMERICANO \u00bb Materiais de alta durabilidade e podem ser lavados na m\u00e1quina sem perder as caracter\u00edsticas; \u00bb Fita de polietileno, acetinada que proporciona mais conforto; \u00bb Borrachinha decorativa at\u00f3xica no peitoral e guia; \u00bb Costura industrial; \u00bb Argolas resistentes e soldadas; \u00bb Metais inoxid\u00e1veis; \u00bb Regulador de tamanho; \u00bb Mosquet\u00e3o com base girat\u00f3ria 360\u00ba; \u00bb Trava de seguran\u00e7a dupla, com mola e rosqueada; \u00bb Fecho autom\u00e1tico em PU. Viu quantas vantagem para manter seu amiguinho confort\u00e1vel e seguro durante os passeios? Pe\u00e7a agora o seu. As cores do produto podem sofrer pequenas varia\u00e7\u00f5es em fun\u00e7\u00e3o das caracter\u00edsticas do monitor e do ambiente durante sua visualiza\u00e7\u00e3o. Voc\u00ea ir\u00e1 Receber:<\/p>\n<p>01 &#8211; Peitoral americano para passeio<\/p>\n<p>\u00a001 &#8211; Guia com 1 metro<\/p>","protected":false},"excerpt":{"rendered":"<p>Confira os benef\u00edcios do nosso PEITORAL AMERICANO \u00bb Materiais de alta durabilidade e podem ser lavados na m\u00e1quina sem perder as caracter\u00edsticas; \u00bb Fita de polietileno, acetinada que proporciona mais conforto; \u00bb Borrachinha decorativa at\u00f3xica no peitoral e guia; \u00bb Costura industrial; \u00bb Argolas resistentes e soldadas; \u00bb Metais inoxid\u00e1veis; \u00bb Regulador de tamanho; \u00bb [&hellip;]<\/p>\n","protected":false},"featured_media":1410791069,"comment_status":"open","ping_status":"closed","template":"","meta":{"googlesitekit_rrm_CAow0N7NCw:productID":"","content-type":"","pmpro_default_level":"","_themeisle_gutenberg_block_has_review":false},"product_brand":[],"product_cat":[353],"product_tag":[],"class_list":{"0":"post-1410791070","1":"product","2":"type-product","3":"status-publish","4":"has-post-thumbnail","6":"product_cat-guias-e-coleiras","7":"pmpro-has-access","9":"first","10":"instock","11":"taxable","12":"shipping-taxable","13":"purchasable","14":"product-type-variable"},"_links":{"self":[{"href":"https:\/\/dinhosreef.com\/en\/wp-json\/wp\/v2\/product\/1410791070","targetHints":{"allow":["GET"]}}],"collection":[{"href":"https:\/\/dinhosreef.com\/en\/wp-json\/wp\/v2\/product"}],"about":[{"href":"https:\/\/dinhosreef.com\/en\/wp-json\/wp\/v2\/types\/product"}],"replies":[{"embeddable":true,"href":"https:\/\/dinhosreef.com\/en\/wp-json\/wp\/v2\/comments?post=1410791070"}],"wp:featuredmedia":[{"embeddable":true,"href":"https:\/\/dinhosreef.com\/en\/wp-json\/wp\/v2\/media\/1410791069"}],"wp:attachment":[{"href":"https:\/\/dinhosreef.com\/en\/wp-json\/wp\/v2\/media?parent=1410791070"}],"wp:term":[{"taxonomy":"product_brand","embeddable":true,"href":"https:\/\/dinhosreef.com\/en\/wp-json\/wp\/v2\/product_brand?post=1410791070"},{"taxonomy":"product_cat","embeddable":true,"href":"https:\/\/dinhosreef.com\/en\/wp-json\/wp\/v2\/product_cat?post=1410791070"},{"taxonomy":"product_tag","embeddable":true,"href":"https:\/\/dinhosreef.com\/en\/wp-json\/wp\/v2\/product_tag?post=1410791070"}],"curies":[{"name":"wp","href":"https:\/\/api.w.org\/{rel}","templated":true}]}}