{"id":1410791877,"date":"2026-04-26T11:42:44","date_gmt":"2026-04-26T14:42:44","guid":{"rendered":"https:\/\/dinhosreef.com\/produto\/oceanmax-filtro-interno-450-h-110v-oc-f45\/"},"modified":"2026-04-26T11:45:58","modified_gmt":"2026-04-26T14:45:58","slug":"oceanmax-filtro-interno-450-h-110v-oc-f45","status":"publish","type":"product","link":"https:\/\/dinhosreef.com\/en\/product\/oceanmax-filtro-interno-450-h-110v-oc-f45\/","title":{"rendered":"OCEANMAX FILTRO INTERNO 450\/H &#8211; 110V &#8211; OC-F45"},"content":{"rendered":"<h2 class=\"ui-pdp-description__title\" data-testid=\"title\">Descri\u00e7\u00e3o<\/h2>\n<p class=\"ui-pdp-description__content\" data-testid=\"content\">FILTRO INTERNO OC-F45 450L\/H<\/p>\n<p>Principais Caracter\u00edsticas:<\/p>\n<p>I &#8211; Filtro interno com espa\u00e7o para alocar m\u00eddia de filtragem qu\u00edmica, mec\u00e2nica e\/ou biol\u00f3gica;<br \/>II &#8211; \u00c9 indicado para aqu\u00e1rios de at\u00e9 45L;<br \/>III &#8211; O filtro \u00e9 totalmente submers\u00edvel;<br \/>IV &#8211; Ideal para aqu\u00e1rios de \u00e1gua doce ou salgada;<br \/>V &#8211; A sua esponja auxilia na cria\u00e7\u00e3o prop\u00edcia de bact\u00e9rias ben\u00e9ficas para a vida no aqu\u00e1rio;<br \/>VI &#8211; Por conta de seu tamanho, a sua presen\u00e7a no aqu\u00e1rio \u00e9 discreta e n\u00e3o ocupa espa\u00e7o;<br \/>VII &#8211; Carca\u00e7a em pol\u00edmero resistente e com longa durabilidade;<br \/>VIII &#8211; Frestas especialmente dimensionadas na parte inferior para impedir que grandes sujeiras obstruam o sistema;<br \/>IX &#8211; Duto de ar para oxigena\u00e7\u00e3o suplementar e eficiente da \u00e1gua.<br \/>X &#8211; Equipamento compacto, discreto, f\u00e1cil de manusear, instalar, manter e limpar.<br \/>XI &#8211; Filtro interno poderoso, de elevada vaz\u00e3o e desempenho.<br \/>XII &#8211; Necess\u00e1rio utilizar totalmente submerso.<br \/>XIII &#8211; Acompanha mangueira de silicone para a oxigena\u00e7\u00e3o.<br \/>XIV &#8211; Acompanha 3 ventosas de fixa\u00e7\u00e3o.<\/p>","protected":false},"excerpt":{"rendered":"<p>Descri\u00e7\u00e3o FILTRO INTERNO OC-F45 450L\/H Principais Caracter\u00edsticas: I &#8211; Filtro interno com espa\u00e7o para alocar m\u00eddia de filtragem qu\u00edmica, mec\u00e2nica e\/ou biol\u00f3gica;II &#8211; \u00c9 indicado para aqu\u00e1rios de at\u00e9 45L;III &#8211; O filtro \u00e9 totalmente submers\u00edvel;IV &#8211; Ideal para aqu\u00e1rios de \u00e1gua doce ou salgada;V &#8211; A sua esponja auxilia na cria\u00e7\u00e3o prop\u00edcia de bact\u00e9rias [&hellip;]<\/p>\n","protected":false},"featured_media":1410791876,"comment_status":"open","ping_status":"closed","template":"","meta":{"googlesitekit_rrm_CAow0N7NCw:productID":"","content-type":"","pmpro_default_level":"","_themeisle_gutenberg_block_has_review":false},"product_brand":[],"product_cat":[71],"product_tag":[],"class_list":{"0":"post-1410791877","1":"product","2":"type-product","3":"status-publish","4":"has-post-thumbnail","6":"product_cat-filtros","7":"pmpro-has-access","9":"first","10":"instock","11":"taxable","12":"shipping-taxable","13":"purchasable","14":"product-type-simple"},"_links":{"self":[{"href":"https:\/\/dinhosreef.com\/en\/wp-json\/wp\/v2\/product\/1410791877","targetHints":{"allow":["GET"]}}],"collection":[{"href":"https:\/\/dinhosreef.com\/en\/wp-json\/wp\/v2\/product"}],"about":[{"href":"https:\/\/dinhosreef.com\/en\/wp-json\/wp\/v2\/types\/product"}],"replies":[{"embeddable":true,"href":"https:\/\/dinhosreef.com\/en\/wp-json\/wp\/v2\/comments?post=1410791877"}],"wp:featuredmedia":[{"embeddable":true,"href":"https:\/\/dinhosreef.com\/en\/wp-json\/wp\/v2\/media\/1410791876"}],"wp:attachment":[{"href":"https:\/\/dinhosreef.com\/en\/wp-json\/wp\/v2\/media?parent=1410791877"}],"wp:term":[{"taxonomy":"product_brand","embeddable":true,"href":"https:\/\/dinhosreef.com\/en\/wp-json\/wp\/v2\/product_brand?post=1410791877"},{"taxonomy":"product_cat","embeddable":true,"href":"https:\/\/dinhosreef.com\/en\/wp-json\/wp\/v2\/product_cat?post=1410791877"},{"taxonomy":"product_tag","embeddable":true,"href":"https:\/\/dinhosreef.com\/en\/wp-json\/wp\/v2\/product_tag?post=1410791877"}],"curies":[{"name":"wp","href":"https:\/\/api.w.org\/{rel}","templated":true}]}}