{"id":1410791989,"date":"2026-04-27T18:11:06","date_gmt":"2026-04-27T21:11:06","guid":{"rendered":"https:\/\/dinhosreef.com\/produto\/open-brain\/"},"modified":"2026-04-27T18:12:58","modified_gmt":"2026-04-27T21:12:58","slug":"open-brain","status":"publish","type":"product","link":"https:\/\/dinhosreef.com\/en\/product\/open-brain\/","title":{"rendered":"Open Brain"},"content":{"rendered":"<p>Open Brain<br \/>\nO coral-c\u00e9rebro aberto \u00e9 uma esp\u00e9cie de coral de vida livre colorida da fam\u00edlia<br \/>\nMerulinidae. \u00c9 a \u00fanica esp\u00e9cie do g\u00eanero monot\u00edpico Trachyphyllia e pode ser<br \/>\nencontrada em todo o Indo-Pac\u00edfico.<br \/>\nNome cient\u00edfico: Trachyphyllia geoffroyi Classifica\u00e7\u00e3o: Esp\u00e9cie Ordem: Scleractinia<br \/>\nClassifica\u00e7\u00e3o superior: Trachyphyllia G\u00eanero: Trachyphyllia; Henri Milne-Edwards &amp;<br \/>\nHaime, 1849 Esp\u00e9cie: T. Trachyphyllia geoffroyi<br \/>\nCaracter\u00edsticas<br \/>\nAlimenta\u00e7\u00e3o: M\u00e9dia<br \/>\nCircula\u00e7\u00e3o: M\u00e9dia<br \/>\nIlumina\u00e7\u00e3o: M\u00e9dia<br \/>\nDificuldade: M\u00e9dia<br \/>\nAgressivo com outras esp\u00e9cies: M\u00e9dia<br \/>\nAgressivo com mesmo: N\u00e3o<\/p>","protected":false},"excerpt":{"rendered":"<p>Open Brain O coral-c\u00e9rebro aberto \u00e9 uma esp\u00e9cie de coral de vida livre colorida da fam\u00edlia Merulinidae. \u00c9 a \u00fanica esp\u00e9cie do g\u00eanero monot\u00edpico Trachyphyllia e pode ser encontrada em todo o Indo-Pac\u00edfico. Nome cient\u00edfico: Trachyphyllia geoffroyi Classifica\u00e7\u00e3o: Esp\u00e9cie Ordem: Scleractinia Classifica\u00e7\u00e3o superior: Trachyphyllia G\u00eanero: Trachyphyllia; Henri Milne-Edwards &amp; Haime, 1849 Esp\u00e9cie: T. Trachyphyllia geoffroyi [&hellip;]<\/p>\n","protected":false},"featured_media":1410791988,"comment_status":"open","ping_status":"closed","template":"","meta":{"googlesitekit_rrm_CAow0N7NCw:productID":"","content-type":"","pmpro_default_level":"","_themeisle_gutenberg_block_has_review":false},"product_brand":[],"product_cat":[186,176,177,180],"product_tag":[],"class_list":{"0":"post-1410791989","1":"product","2":"type-product","3":"status-publish","4":"has-post-thumbnail","6":"product_cat-animais-vivos","7":"product_cat-corais","8":"product_cat-lps","9":"product_cat-todos","10":"product_shipping_class-animais-vivos","11":"pmpro-has-access","13":"first","14":"instock","15":"taxable","16":"shipping-taxable","17":"purchasable","18":"product-type-simple"},"_links":{"self":[{"href":"https:\/\/dinhosreef.com\/en\/wp-json\/wp\/v2\/product\/1410791989","targetHints":{"allow":["GET"]}}],"collection":[{"href":"https:\/\/dinhosreef.com\/en\/wp-json\/wp\/v2\/product"}],"about":[{"href":"https:\/\/dinhosreef.com\/en\/wp-json\/wp\/v2\/types\/product"}],"replies":[{"embeddable":true,"href":"https:\/\/dinhosreef.com\/en\/wp-json\/wp\/v2\/comments?post=1410791989"}],"wp:featuredmedia":[{"embeddable":true,"href":"https:\/\/dinhosreef.com\/en\/wp-json\/wp\/v2\/media\/1410791988"}],"wp:attachment":[{"href":"https:\/\/dinhosreef.com\/en\/wp-json\/wp\/v2\/media?parent=1410791989"}],"wp:term":[{"taxonomy":"product_brand","embeddable":true,"href":"https:\/\/dinhosreef.com\/en\/wp-json\/wp\/v2\/product_brand?post=1410791989"},{"taxonomy":"product_cat","embeddable":true,"href":"https:\/\/dinhosreef.com\/en\/wp-json\/wp\/v2\/product_cat?post=1410791989"},{"taxonomy":"product_tag","embeddable":true,"href":"https:\/\/dinhosreef.com\/en\/wp-json\/wp\/v2\/product_tag?post=1410791989"}],"curies":[{"name":"wp","href":"https:\/\/api.w.org\/{rel}","templated":true}]}}