{"id":1410792153,"date":"2026-05-14T13:39:01","date_gmt":"2026-05-14T16:39:01","guid":{"rendered":"https:\/\/dinhosreef.com\/produto\/periquito-australiano\/"},"modified":"2026-05-14T16:36:34","modified_gmt":"2026-05-14T19:36:34","slug":"periquito-australiano","status":"publish","type":"product","link":"https:\/\/dinhosreef.com\/en\/product\/periquito-australiano\/","title":{"rendered":"Periquito Australiano"},"content":{"rendered":"<p>O periquito-australiano ou periquito-comum ou, no popular em ingl\u00eas, budgerigar, conhecido cientificamente por Melopsittacus undulatus, \u00e9 uma pequena esp\u00e9cie de ave psitaciforme de cauda longa, pertencente \u00e0 fam\u00edlia Psittaculidae, que se alimenta de sementes e \u00e9 a \u00fanica esp\u00e9cie do g\u00eanero Melopsittacus<\/p>","protected":false},"excerpt":{"rendered":"<p>O periquito-australiano ou periquito-comum ou, no popular em ingl\u00eas, budgerigar, conhecido cientificamente por Melopsittacus undulatus, \u00e9 uma pequena esp\u00e9cie de ave psitaciforme de cauda longa, pertencente \u00e0 fam\u00edlia Psittaculidae, que se alimenta de sementes e \u00e9 a \u00fanica esp\u00e9cie do g\u00eanero Melopsittacus<\/p>","protected":false},"featured_media":1410792152,"comment_status":"open","ping_status":"closed","template":"","meta":{"googlesitekit_rrm_CAow0N7NCw:productID":"","content-type":"","pmpro_default_level":"","_themeisle_gutenberg_block_has_review":false},"product_brand":[],"product_cat":[186,245,451,248],"product_tag":[],"class_list":{"0":"post-1410792153","1":"product","2":"type-product","3":"status-publish","4":"has-post-thumbnail","6":"product_cat-animais-vivos","7":"product_cat-aves-domesticas","8":"product_cat-periquito","9":"product_cat-todas-as-aves-domesticas","10":"product_shipping_class-animais-vivos","11":"pmpro-has-access","13":"first","14":"instock","15":"taxable","16":"shipping-taxable","17":"purchasable","18":"product-type-variable"},"_links":{"self":[{"href":"https:\/\/dinhosreef.com\/en\/wp-json\/wp\/v2\/product\/1410792153","targetHints":{"allow":["GET"]}}],"collection":[{"href":"https:\/\/dinhosreef.com\/en\/wp-json\/wp\/v2\/product"}],"about":[{"href":"https:\/\/dinhosreef.com\/en\/wp-json\/wp\/v2\/types\/product"}],"replies":[{"embeddable":true,"href":"https:\/\/dinhosreef.com\/en\/wp-json\/wp\/v2\/comments?post=1410792153"}],"wp:featuredmedia":[{"embeddable":true,"href":"https:\/\/dinhosreef.com\/en\/wp-json\/wp\/v2\/media\/1410792152"}],"wp:attachment":[{"href":"https:\/\/dinhosreef.com\/en\/wp-json\/wp\/v2\/media?parent=1410792153"}],"wp:term":[{"taxonomy":"product_brand","embeddable":true,"href":"https:\/\/dinhosreef.com\/en\/wp-json\/wp\/v2\/product_brand?post=1410792153"},{"taxonomy":"product_cat","embeddable":true,"href":"https:\/\/dinhosreef.com\/en\/wp-json\/wp\/v2\/product_cat?post=1410792153"},{"taxonomy":"product_tag","embeddable":true,"href":"https:\/\/dinhosreef.com\/en\/wp-json\/wp\/v2\/product_tag?post=1410792153"}],"curies":[{"name":"wp","href":"https:\/\/api.w.org\/{rel}","templated":true}]}}