{"id":1410792388,"date":"2026-05-16T16:58:24","date_gmt":"2026-05-16T19:58:24","guid":{"rendered":"https:\/\/dinhosreef.com\/produto\/tridacna-crocea\/"},"modified":"2026-05-16T16:59:59","modified_gmt":"2026-05-16T19:59:59","slug":"tridacna-crocea","status":"publish","type":"product","link":"https:\/\/dinhosreef.com\/en\/product\/tridacna-crocea\/","title":{"rendered":"Tridacna crocea"},"content":{"rendered":"<p>Tridacna crocea \u00e9 uma esp\u00e9cie de bivalve da fam\u00edlia Tridacnidae. Pode ser encontrada<br \/>\nnos seguintes pa\u00edses: Austr\u00e1lia, Guam, Indon\u00e9sia, Jap\u00e3o, Mal\u00e1sia, ilhas Marianas do<br \/>\nNorte, Palau, Papua-Nova Guin\u00e9, Filipinas, Singapura, the Ilhas Salom\u00e3o, Tail\u00e2ndia,<br \/>\nVanuatu, Vietname e possivelmente em Tuvalu.<br \/>\nNome cient\u00edfico: Tridacna crocea<br \/>\nEstado de Conserva\u00e7\u00e3o: Pouco preocupante Enciclop\u00e9dia da Vida<br \/>\nClassifica\u00e7\u00e3o: Esp\u00e9cie Ordem: Cardiida Classifica\u00e7\u00e3o superior: Tridacna<br \/>\nSubclasse: Heterodonta<br \/>\nCaracter\u00edsticas<br \/>\nAlimenta\u00e7\u00e3o: F\u00e1cil<br \/>\nCircula\u00e7\u00e3o: Forte<br \/>\nIlumina\u00e7\u00e3o: Forte<br \/>\nDificuldade: Alta<br \/>\nAgressivo com outras esp\u00e9cies: M\u00e9dia<br \/>\nAgressivo com mesmo: N\u00e3o<\/p>","protected":false},"excerpt":{"rendered":"<p>Tridacna crocea \u00e9 uma esp\u00e9cie de bivalve da fam\u00edlia Tridacnidae. Pode ser encontrada nos seguintes pa\u00edses: Austr\u00e1lia, Guam, Indon\u00e9sia, Jap\u00e3o, Mal\u00e1sia, ilhas Marianas do Norte, Palau, Papua-Nova Guin\u00e9, Filipinas, Singapura, the Ilhas Salom\u00e3o, Tail\u00e2ndia, Vanuatu, Vietname e possivelmente em Tuvalu. Nome cient\u00edfico: Tridacna crocea Estado de Conserva\u00e7\u00e3o: Pouco preocupante Enciclop\u00e9dia da Vida Classifica\u00e7\u00e3o: Esp\u00e9cie Ordem: [&hellip;]<\/p>\n","protected":false},"featured_media":1410792387,"comment_status":"open","ping_status":"closed","template":"","meta":{"googlesitekit_rrm_CAow0N7NCw:productID":"","content-type":"","pmpro_default_level":"","_themeisle_gutenberg_block_has_review":false},"product_brand":[],"product_cat":[182,184,185],"product_tag":[],"class_list":{"0":"post-1410792388","1":"product","2":"type-product","3":"status-publish","4":"has-post-thumbnail","6":"product_cat-invertebrados-marinho","7":"product_cat-todos-invertebrados-marinho","8":"product_cat-tridacnas","9":"product_shipping_class-animais-vivos","10":"pmpro-has-access","12":"first","13":"outofstock","14":"taxable","15":"shipping-taxable","16":"purchasable","17":"product-type-simple"},"_links":{"self":[{"href":"https:\/\/dinhosreef.com\/en\/wp-json\/wp\/v2\/product\/1410792388","targetHints":{"allow":["GET"]}}],"collection":[{"href":"https:\/\/dinhosreef.com\/en\/wp-json\/wp\/v2\/product"}],"about":[{"href":"https:\/\/dinhosreef.com\/en\/wp-json\/wp\/v2\/types\/product"}],"replies":[{"embeddable":true,"href":"https:\/\/dinhosreef.com\/en\/wp-json\/wp\/v2\/comments?post=1410792388"}],"wp:featuredmedia":[{"embeddable":true,"href":"https:\/\/dinhosreef.com\/en\/wp-json\/wp\/v2\/media\/1410792387"}],"wp:attachment":[{"href":"https:\/\/dinhosreef.com\/en\/wp-json\/wp\/v2\/media?parent=1410792388"}],"wp:term":[{"taxonomy":"product_brand","embeddable":true,"href":"https:\/\/dinhosreef.com\/en\/wp-json\/wp\/v2\/product_brand?post=1410792388"},{"taxonomy":"product_cat","embeddable":true,"href":"https:\/\/dinhosreef.com\/en\/wp-json\/wp\/v2\/product_cat?post=1410792388"},{"taxonomy":"product_tag","embeddable":true,"href":"https:\/\/dinhosreef.com\/en\/wp-json\/wp\/v2\/product_tag?post=1410792388"}],"curies":[{"name":"wp","href":"https:\/\/api.w.org\/{rel}","templated":true}]}}