{"id":1410792401,"date":"2026-05-17T10:05:19","date_gmt":"2026-05-17T13:05:19","guid":{"rendered":"https:\/\/dinhosreef.com\/produto\/kinguio-telescopio-7-cores\/"},"modified":"2026-05-17T10:22:47","modified_gmt":"2026-05-17T13:22:47","slug":"kinguio-telescopio-7-cores","status":"publish","type":"product","link":"https:\/\/dinhosreef.com\/en\/product\/kinguio-telescopio-7-cores\/","title":{"rendered":"Kinguio Telesc\u00f3pio 7 CORES"},"content":{"rendered":"<p><span data-subtree=\"aimfl,mfl\" data-processed=\"true\" data-copy-service-computed-style=\"font-family: &quot;Google Sans&quot;, Arial, sans-serif; font-size: 16px; font-weight: 400; margin: 0px; text-decoration: none; border-bottom: 0px rgb(10, 10, 10);\">O peixe telesc\u00f3pio (tamb\u00e9m conhecido como Kinguio telesc\u00f3pio) \u00e9 uma esp\u00e9cie de \u00e1gua doce famosa pelos olhos grandes e cores variadas<\/span>. Por ser um peixe fr\u00e1gil e d\u00f3cil, exige cuidados espec\u00edficos de ambienta\u00e7\u00e3o e alimenta\u00e7\u00e3o para garantir uma vida longa e saud\u00e1vel em seu aqu\u00e1rio<\/p>","protected":false},"excerpt":{"rendered":"<p>O peixe telesc\u00f3pio (tamb\u00e9m conhecido como Kinguio telesc\u00f3pio) \u00e9 uma esp\u00e9cie de \u00e1gua doce famosa pelos olhos grandes e cores variadas. Por ser um peixe fr\u00e1gil e d\u00f3cil, exige cuidados espec\u00edficos de ambienta\u00e7\u00e3o e alimenta\u00e7\u00e3o para garantir uma vida longa e saud\u00e1vel em seu aqu\u00e1rio<\/p>","protected":false},"featured_media":1410792426,"comment_status":"open","ping_status":"closed","template":"","meta":{"googlesitekit_rrm_CAow0N7NCw:productID":"","content-type":"","pmpro_default_level":"","_themeisle_gutenberg_block_has_review":false},"product_brand":[],"product_cat":[186,253,205],"product_tag":[],"class_list":{"0":"post-1410792401","1":"product","2":"type-product","3":"status-publish","4":"has-post-thumbnail","6":"product_cat-animais-vivos","7":"product_cat-goldfish","8":"product_cat-peixes-agua-doce","9":"product_shipping_class-animais-vivos","10":"pmpro-has-access","12":"first","13":"instock","14":"taxable","15":"shipping-taxable","16":"purchasable","17":"product-type-simple"},"_links":{"self":[{"href":"https:\/\/dinhosreef.com\/en\/wp-json\/wp\/v2\/product\/1410792401","targetHints":{"allow":["GET"]}}],"collection":[{"href":"https:\/\/dinhosreef.com\/en\/wp-json\/wp\/v2\/product"}],"about":[{"href":"https:\/\/dinhosreef.com\/en\/wp-json\/wp\/v2\/types\/product"}],"replies":[{"embeddable":true,"href":"https:\/\/dinhosreef.com\/en\/wp-json\/wp\/v2\/comments?post=1410792401"}],"wp:featuredmedia":[{"embeddable":true,"href":"https:\/\/dinhosreef.com\/en\/wp-json\/wp\/v2\/media\/1410792426"}],"wp:attachment":[{"href":"https:\/\/dinhosreef.com\/en\/wp-json\/wp\/v2\/media?parent=1410792401"}],"wp:term":[{"taxonomy":"product_brand","embeddable":true,"href":"https:\/\/dinhosreef.com\/en\/wp-json\/wp\/v2\/product_brand?post=1410792401"},{"taxonomy":"product_cat","embeddable":true,"href":"https:\/\/dinhosreef.com\/en\/wp-json\/wp\/v2\/product_cat?post=1410792401"},{"taxonomy":"product_tag","embeddable":true,"href":"https:\/\/dinhosreef.com\/en\/wp-json\/wp\/v2\/product_tag?post=1410792401"}],"curies":[{"name":"wp","href":"https:\/\/api.w.org\/{rel}","templated":true}]}}