{"id":1410792403,"date":"2026-05-17T10:05:28","date_gmt":"2026-05-17T13:05:28","guid":{"rendered":"https:\/\/dinhosreef.com\/produto\/tricogaster-leeri\/"},"modified":"2026-05-17T10:09:07","modified_gmt":"2026-05-17T13:09:07","slug":"tricogaster-leeri","status":"publish","type":"product","link":"https:\/\/dinhosreef.com\/en\/product\/tricogaster-leeri\/","title":{"rendered":"TRICOGASTER LEERI"},"content":{"rendered":"<p><span data-subtree=\"aimfl\" data-processed=\"true\" data-copy-service-computed-style=\"font-family: &quot;Google Sans&quot;, Arial, sans-serif; font-size: 16px; font-weight: 400; margin: 0px; text-decoration: none; border-bottom: 0px rgb(10, 10, 10);\">O <\/span><strong class=\"Yjhzub\" data-sfc-root=\"c\" data-sfc-cb=\"\" data-complete=\"true\" data-processed=\"true\" data-copy-service-computed-style=\"font-family: &quot;Google Sans&quot;, Arial, sans-serif; font-size: 16px; font-weight: 600; margin: 0px; text-decoration: none; border-bottom: 0px rgb(10, 10, 10);\">Tricogaster Leeri<!--TgQPHd|[]--><\/strong> (<em class=\"eujQNb\" data-sfc-root=\"c\" data-sfc-cb=\"\" data-complete=\"true\" data-processed=\"true\" data-copy-service-computed-style=\"font-family: &quot;Google Sans&quot;, Arial, sans-serif; font-size: 16px; font-weight: 400; margin: 0px; text-decoration: none; border-bottom: 0px rgb(10, 10, 10);\">Trichopodus leerii<!--TgQPHd|[]--><\/em>), popularmente conhecido como <strong class=\"Yjhzub\" data-sfc-root=\"c\" data-sfc-cb=\"\" data-complete=\"true\" data-processed=\"true\" data-copy-service-computed-style=\"font-family: &quot;Google Sans&quot;, Arial, sans-serif; font-size: 16px; font-weight: 600; margin: 0px; text-decoration: none; border-bottom: 0px rgb(10, 10, 10);\">Gourami P\u00e9rola<!--TgQPHd|[]--><\/strong> ou Tricol\u00e9ri, <mark class=\"HxTRcb\" data-sfc-root=\"c\" data-wiz-uids=\"dBAwId_n\" data-sfc-cb=\"\" data-ved=\"2ahUKEwimltnfh76UAxW6rZUCHf41D2gQuJAPeggIAggACAgQAQ\" data-sae=\"\" data-complete=\"true\" data-copy-service-computed-style=\"font-family: &quot;Google Sans&quot;, Arial, sans-serif; font-size: 16px; font-weight: 500; margin: 0px; text-decoration: none; border-bottom: 0px rgb(10, 10, 10);\"><!--qkimaf dBAwId_m\/HugV6--><!--cqw1tb dBAwId_m\/HugV6-->\u00e9 um dos peixes de \u00e1gua doce mais elegantes e populares no aquarismo<!--TgQPHd|[]--><\/mark>. Origin\u00e1rio do Sudeste Asi\u00e1tico (Mal\u00e1sia, Tail\u00e2ndia, Born\u00e9u e Sumatra), ele destaca-se pelo seu corpo prateado e acastanhado repleto de pequenas manchas brilhantes que parecem p\u00e9rolas.<\/p>","protected":false},"excerpt":{"rendered":"<p>O Tricogaster Leeri (Trichopodus leerii), popularmente conhecido como Gourami P\u00e9rola ou Tricol\u00e9ri, \u00e9 um dos peixes de \u00e1gua doce mais elegantes e populares no aquarismo. Origin\u00e1rio do Sudeste Asi\u00e1tico (Mal\u00e1sia, Tail\u00e2ndia, Born\u00e9u e Sumatra), ele destaca-se pelo seu corpo prateado e acastanhado repleto de pequenas manchas brilhantes que parecem p\u00e9rolas.<\/p>","protected":false},"featured_media":1410792402,"comment_status":"open","ping_status":"closed","template":"","meta":{"googlesitekit_rrm_CAow0N7NCw:productID":"","content-type":"","pmpro_default_level":"","_themeisle_gutenberg_block_has_review":false},"product_brand":[],"product_cat":[186,210,205,219],"product_tag":[],"class_list":{"0":"post-1410792403","1":"product","2":"type-product","3":"status-publish","4":"has-post-thumbnail","6":"product_cat-animais-vivos","7":"product_cat-colisa","8":"product_cat-peixes-agua-doce","9":"product_cat-todos-os-peixes-de-agua-doce","10":"product_shipping_class-animais-vivos","11":"pmpro-has-access","13":"first","14":"instock","15":"taxable","16":"shipping-taxable","17":"purchasable","18":"product-type-simple"},"_links":{"self":[{"href":"https:\/\/dinhosreef.com\/en\/wp-json\/wp\/v2\/product\/1410792403","targetHints":{"allow":["GET"]}}],"collection":[{"href":"https:\/\/dinhosreef.com\/en\/wp-json\/wp\/v2\/product"}],"about":[{"href":"https:\/\/dinhosreef.com\/en\/wp-json\/wp\/v2\/types\/product"}],"replies":[{"embeddable":true,"href":"https:\/\/dinhosreef.com\/en\/wp-json\/wp\/v2\/comments?post=1410792403"}],"wp:featuredmedia":[{"embeddable":true,"href":"https:\/\/dinhosreef.com\/en\/wp-json\/wp\/v2\/media\/1410792402"}],"wp:attachment":[{"href":"https:\/\/dinhosreef.com\/en\/wp-json\/wp\/v2\/media?parent=1410792403"}],"wp:term":[{"taxonomy":"product_brand","embeddable":true,"href":"https:\/\/dinhosreef.com\/en\/wp-json\/wp\/v2\/product_brand?post=1410792403"},{"taxonomy":"product_cat","embeddable":true,"href":"https:\/\/dinhosreef.com\/en\/wp-json\/wp\/v2\/product_cat?post=1410792403"},{"taxonomy":"product_tag","embeddable":true,"href":"https:\/\/dinhosreef.com\/en\/wp-json\/wp\/v2\/product_tag?post=1410792403"}],"curies":[{"name":"wp","href":"https:\/\/api.w.org\/{rel}","templated":true}]}}