{"id":1410792405,"date":"2026-05-17T10:05:33","date_gmt":"2026-05-17T13:05:33","guid":{"rendered":"https:\/\/dinhosreef.com\/produto\/leporinus-fasciatus\/"},"modified":"2026-05-17T10:25:12","modified_gmt":"2026-05-17T13:25:12","slug":"leporinus-fasciatus","status":"publish","type":"product","link":"https:\/\/dinhosreef.com\/en\/product\/leporinus-fasciatus\/","title":{"rendered":"Leporinus fasciatus"},"content":{"rendered":"<p><span data-subtree=\"aimfl\" data-processed=\"true\" data-copy-service-computed-style=\"font-family: &quot;Google Sans&quot;, Arial, sans-serif; font-size: 16px; font-weight: 400; margin: 0px; text-decoration: none; border-bottom: 0px rgb(10, 10, 10);\">O <\/span><em class=\"eujQNb\" data-sfc-root=\"c\" data-sfc-cb=\"\" data-complete=\"true\" data-processed=\"true\" data-copy-service-computed-style=\"font-family: &quot;Google Sans&quot;, Arial, sans-serif; font-size: 16px; font-weight: 400; margin: 0px; text-decoration: none; border-bottom: 0px rgb(10, 10, 10);\">Leporinus fasciatus<!--TgQPHd|[]--><\/em>, popularmente conhecido no Brasil como <strong class=\"Yjhzub\" data-sfc-root=\"c\" data-sfc-cb=\"\" data-complete=\"true\" data-processed=\"true\" data-copy-service-computed-style=\"font-family: &quot;Google Sans&quot;, Arial, sans-serif; font-size: 16px; font-weight: 600; margin: 0px; text-decoration: none; border-bottom: 0px rgb(10, 10, 10);\">Aracu-flamengo<!--TgQPHd|[]--><\/strong>, <strong class=\"Yjhzub\" data-sfc-root=\"c\" data-sfc-cb=\"\" data-complete=\"true\" data-processed=\"true\" data-copy-service-computed-style=\"font-family: &quot;Google Sans&quot;, Arial, sans-serif; font-size: 16px; font-weight: 600; margin: 0px; text-decoration: none; border-bottom: 0px rgb(10, 10, 10);\">Piau-flamengo<!--TgQPHd|[]--><\/strong> ou <strong class=\"Yjhzub\" data-sfc-root=\"c\" data-sfc-cb=\"\" data-complete=\"true\" data-processed=\"true\" data-copy-service-computed-style=\"font-family: &quot;Google Sans&quot;, Arial, sans-serif; font-size: 16px; font-weight: 600; margin: 0px; text-decoration: none; border-bottom: 0px rgb(10, 10, 10);\">Aracu-pinima<!--TgQPHd|[]--><\/strong>, <mark class=\"HxTRcb\" data-sfc-root=\"c\" data-wiz-uids=\"q2lGmf_n\" data-sfc-cb=\"\" data-ved=\"2ahUKEwi3lvvvhr6UAxU7HrkGHQqjEVkQuJAPeggIAggACAcQAQ\" data-complete=\"true\" data-sae=\"\" data-copy-service-computed-style=\"font-family: &quot;Google Sans&quot;, Arial, sans-serif; font-size: 16px; font-weight: 500; margin: 0px; text-decoration: none; border-bottom: 0px rgb(10, 10, 10);\"><!--qkimaf q2lGmf_m\/HugV6--><!--cqw1tb q2lGmf_m\/HugV6-->\u00e9 uma esp\u00e9cie de peixe de \u00e1gua doce sul-americano muito valorizado no aquarismo, mas que exige cuidados espec\u00edficos devido ao seu tamanho e comportamento<\/mark><\/p>\n<div class=\"otQkpb\" role=\"heading\" data-animation-nesting=\"\" data-sfc-cp=\"\" data-sfc-root=\"c\" data-sfc-cb=\"\" data-complete=\"true\" data-processed=\"true\" data-sae=\"\" data-copy-service-computed-style=\"font-family: &quot;Google Sans&quot;, Arial, sans-serif; font-size: 20px; font-weight: 600; margin: 24px 0px 12px; text-decoration: none; border-bottom: 0px rgb(10, 10, 10);\"><\/div>","protected":false},"excerpt":{"rendered":"<p>O Leporinus fasciatus, popularmente conhecido no Brasil como Aracu-flamengo, Piau-flamengo ou Aracu-pinima, \u00e9 uma esp\u00e9cie de peixe de \u00e1gua doce sul-americano muito valorizado no aquarismo, mas que exige cuidados espec\u00edficos devido ao seu tamanho e comportamento<\/p>","protected":false},"featured_media":1410792427,"comment_status":"open","ping_status":"closed","template":"","meta":{"googlesitekit_rrm_CAow0N7NCw:productID":"","content-type":"","pmpro_default_level":"","_themeisle_gutenberg_block_has_review":false},"product_brand":[],"product_cat":[205,216,219],"product_tag":[],"class_list":{"0":"post-1410792405","1":"product","2":"type-product","3":"status-publish","4":"has-post-thumbnail","6":"product_cat-peixes-agua-doce","7":"product_cat-tetra","8":"product_cat-todos-os-peixes-de-agua-doce","9":"product_shipping_class-animais-vivos","10":"pmpro-has-access","12":"first","13":"instock","14":"taxable","15":"shipping-taxable","16":"purchasable","17":"product-type-simple"},"_links":{"self":[{"href":"https:\/\/dinhosreef.com\/en\/wp-json\/wp\/v2\/product\/1410792405","targetHints":{"allow":["GET"]}}],"collection":[{"href":"https:\/\/dinhosreef.com\/en\/wp-json\/wp\/v2\/product"}],"about":[{"href":"https:\/\/dinhosreef.com\/en\/wp-json\/wp\/v2\/types\/product"}],"replies":[{"embeddable":true,"href":"https:\/\/dinhosreef.com\/en\/wp-json\/wp\/v2\/comments?post=1410792405"}],"wp:featuredmedia":[{"embeddable":true,"href":"https:\/\/dinhosreef.com\/en\/wp-json\/wp\/v2\/media\/1410792427"}],"wp:attachment":[{"href":"https:\/\/dinhosreef.com\/en\/wp-json\/wp\/v2\/media?parent=1410792405"}],"wp:term":[{"taxonomy":"product_brand","embeddable":true,"href":"https:\/\/dinhosreef.com\/en\/wp-json\/wp\/v2\/product_brand?post=1410792405"},{"taxonomy":"product_cat","embeddable":true,"href":"https:\/\/dinhosreef.com\/en\/wp-json\/wp\/v2\/product_cat?post=1410792405"},{"taxonomy":"product_tag","embeddable":true,"href":"https:\/\/dinhosreef.com\/en\/wp-json\/wp\/v2\/product_tag?post=1410792405"}],"curies":[{"name":"wp","href":"https:\/\/api.w.org\/{rel}","templated":true}]}}