{"id":1410792407,"date":"2026-05-17T10:05:39","date_gmt":"2026-05-17T13:05:39","guid":{"rendered":"https:\/\/dinhosreef.com\/produto\/casal-guppy-pastel\/"},"modified":"2026-05-17T10:42:07","modified_gmt":"2026-05-17T13:42:07","slug":"casal-guppy-pastel","status":"publish","type":"product","link":"https:\/\/dinhosreef.com\/en\/product\/casal-guppy-pastel\/","title":{"rendered":"Casal Guppy Pastel"},"content":{"rendered":"<p><span data-subtree=\"aimfl\" data-processed=\"true\" data-copy-service-computed-style=\"font-family: &quot;Google Sans&quot;, Arial, sans-serif; font-size: 16px; font-weight: 400; margin: 0px; text-decoration: none; border-bottom: 0px rgb(10, 10, 10);\">O <\/span><strong class=\"Yjhzub\" data-sfc-root=\"c\" data-sfc-cb=\"\" data-complete=\"true\" data-processed=\"true\" data-copy-service-computed-style=\"font-family: &quot;Google Sans&quot;, Arial, sans-serif; font-size: 16px; font-weight: 600; margin: 0px; text-decoration: none; border-bottom: 0px rgb(10, 10, 10);\">Guppy Pastel<!--TgQPHd|[]--><\/strong> <mark class=\"HxTRcb\" data-sfc-root=\"c\" data-wiz-uids=\"XtZqLc_k\" data-sfc-cb=\"\" data-ved=\"2ahUKEwiuq9-Dgr6UAxVGFLkGHTHaKmkQuJAPeggIAggACAYQAQ\" data-complete=\"true\" data-sae=\"\" data-copy-service-computed-style=\"font-family: &quot;Google Sans&quot;, Arial, sans-serif; font-size: 16px; font-weight: 500; margin: 0px; text-decoration: none; border-bottom: 0px rgb(10, 10, 10);\"><!--qkimaf XtZqLc_j\/HugV6--><!--cqw1tb XtZqLc_j\/HugV6-->\u00e9 uma variedade refinada do peixe <em class=\"eujQNb\" data-sfc-root=\"c\" data-sfc-cb=\"\" data-complete=\"true\" data-copy-service-computed-style=\"font-family: &quot;Google Sans&quot;, Arial, sans-serif; font-size: 16px; font-weight: 500; margin: 0px; text-decoration: none; border-bottom: 0px rgb(10, 10, 10);\">Poecilia reticulata<!--TgQPHd|[]--><\/em>, conhecido por sua colora\u00e7\u00e3o suave e delicada, que inclui tons de azul claro, rosa, amarelo ou creme<!--TgQPHd|[]--><\/mark>. \u00c9 muito apreciado no aquarismo pelo seu visual leve e harmonioso, sendo uma excelente op\u00e7\u00e3o para aqu\u00e1rios comunit\u00e1rios pac\u00edficos<\/p>\n<div class=\"n6owBd awi2gc\" data-sfc-cp=\"\" data-sfc-root=\"c\" data-sfc-cb=\"\" data-hveid=\"CAIIAAgHEAA\" data-complete=\"true\" data-processed=\"true\" data-copy-service-computed-style=\"font-family: &quot;Google Sans&quot;, Arial, sans-serif; font-size: 16px; font-weight: 400; margin: 12px 0px 16px; text-decoration: none; border-bottom: 0px rgb(10, 10, 10);\"><strong class=\"Yjhzub\" data-sfc-root=\"c\" data-sfc-cb=\"\" data-complete=\"true\" data-processed=\"true\" data-copy-service-computed-style=\"font-family: &quot;Google Sans&quot;, Arial, sans-serif; font-size: 16px; font-weight: 600; margin: 0px; text-decoration: none; border-bottom: 0px rgb(10, 10, 10);\">Caracter\u00edsticas Principais:<!--TgQPHd|[]--><\/strong><!--TgQPHd|[]--><\/div>\n<ul class=\"KsbFXc U6u95\" data-sfc-root=\"c\" data-sfc-cb=\"\" data-complete=\"true\" data-processed=\"true\" data-copy-service-computed-style=\"font-family: &quot;Google Sans&quot;, Arial, sans-serif; font-size: 16px; font-weight: 400; margin: 12px 0px 16px; text-decoration: none; border-bottom: 0px rgb(10, 10, 10);\">\n<li class=\"Z1qcYe\" data-sfc-cp=\"\" data-sfc-root=\"c\" data-sfc-cb=\"\" data-hveid=\"CAIIAAgMEAA\" data-complete=\"true\" data-sae=\"\" data-copy-service-computed-style=\"font-family: &quot;Google Sans&quot;, Arial, sans-serif; font-size: 16px; font-weight: 400; margin: 0px 0px 12px; text-decoration: none; border-bottom: 0px rgb(10, 10, 10);\"><span class=\"T286Pc\" data-sfc-cp=\"\" data-sfc-root=\"c\" data-sfc-cb=\"\" data-complete=\"true\" data-copy-service-computed-style=\"font-family: &quot;Google Sans&quot;, Arial, sans-serif; font-size: 16px; font-weight: 400; margin: 0px; text-decoration: none; border-bottom: 0px rgb(10, 10, 10);\"><strong class=\"Yjhzub\" data-sfc-root=\"c\" data-sfc-cb=\"\" data-complete=\"true\" data-copy-service-computed-style=\"font-family: &quot;Google Sans&quot;, Arial, sans-serif; font-size: 16px; font-weight: 600; margin: 0px; text-decoration: none; border-bottom: 0px rgb(10, 10, 10);\">Cauda e Cores:<!--TgQPHd|[]--><\/strong> Geralmente possui uma cauda larga e clara, apresentando tons pastel.<!--TgQPHd|[]--><\/span><!--TgQPHd|[]--><\/li>\n<li class=\"Z1qcYe\" data-sfc-cp=\"\" data-sfc-root=\"c\" data-sfc-cb=\"\" data-hveid=\"CAIIAAgMEAE\" data-complete=\"true\" data-sae=\"\" data-copy-service-computed-style=\"font-family: &quot;Google Sans&quot;, Arial, sans-serif; font-size: 16px; font-weight: 400; margin: 0px 0px 12px; text-decoration: none; border-bottom: 0px rgb(10, 10, 10);\"><span class=\"T286Pc\" data-sfc-cp=\"\" data-sfc-root=\"c\" data-sfc-cb=\"\" data-complete=\"true\" data-copy-service-computed-style=\"font-family: &quot;Google Sans&quot;, Arial, sans-serif; font-size: 16px; font-weight: 400; margin: 0px; text-decoration: none; border-bottom: 0px rgb(10, 10, 10);\"><strong class=\"Yjhzub\" data-sfc-root=\"c\" data-sfc-cb=\"\" data-complete=\"true\" data-copy-service-computed-style=\"font-family: &quot;Google Sans&quot;, Arial, sans-serif; font-size: 16px; font-weight: 600; margin: 0px; text-decoration: none; border-bottom: 0px rgb(10, 10, 10);\">HB Pastel (Half Black):<!--TgQPHd|[]--><\/strong> Uma varia\u00e7\u00e3o popular \u00e9 o &#8220;HB Pastel&#8221;, que possui a metade do corpo traseiro escura (preta\/escura) e a cauda clara (branca\/creme).<!--TgQPHd|[]--><\/span><!--TgQPHd|[]--><\/li>\n<li class=\"Z1qcYe\" data-sfc-cp=\"\" data-sfc-root=\"c\" data-sfc-cb=\"\" data-hveid=\"CAIIAAgMEAI\" data-complete=\"true\" data-sae=\"\" data-copy-service-computed-style=\"font-family: &quot;Google Sans&quot;, Arial, sans-serif; font-size: 16px; font-weight: 400; margin: 0px 0px 12px; text-decoration: none; border-bottom: 0px rgb(10, 10, 10);\"><span class=\"T286Pc\" data-sfc-cp=\"\" data-sfc-root=\"c\" data-sfc-cb=\"\" data-complete=\"true\" data-copy-service-computed-style=\"font-family: &quot;Google Sans&quot;, Arial, sans-serif; font-size: 16px; font-weight: 400; margin: 0px; text-decoration: none; border-bottom: 0px rgb(10, 10, 10);\"><strong class=\"Yjhzub\" data-sfc-root=\"c\" data-sfc-cb=\"\" data-complete=\"true\" data-copy-service-computed-style=\"font-family: &quot;Google Sans&quot;, Arial, sans-serif; font-size: 16px; font-weight: 600; margin: 0px; text-decoration: none; border-bottom: 0px rgb(10, 10, 10);\">Comportamento:<!--TgQPHd|[]--><\/strong> Pac\u00edfico e de f\u00e1cil cuidado.<!--TgQPHd|[]--><\/span><!--TgQPHd|[]--><\/li>\n<li class=\"Z1qcYe\" data-sfc-cp=\"\" data-sfc-root=\"c\" data-sfc-cb=\"\" data-hveid=\"CAIIAAgMEAM\" data-complete=\"true\" data-sae=\"\" data-copy-service-computed-style=\"font-family: &quot;Google Sans&quot;, Arial, sans-serif; font-size: 16px; font-weight: 400; margin: 0px 0px 12px; text-decoration: none; border-bottom: 0px rgb(10, 10, 10);\"><span class=\"T286Pc\" data-sfc-cp=\"\" data-sfc-root=\"c\" data-sfc-cb=\"\" data-complete=\"true\" data-copy-service-computed-style=\"font-family: &quot;Google Sans&quot;, Arial, sans-serif; font-size: 16px; font-weight: 400; margin: 0px; text-decoration: none; border-bottom: 0px rgb(10, 10, 10);\"><strong class=\"Yjhzub\" data-sfc-root=\"c\" data-sfc-cb=\"\" data-complete=\"true\" data-copy-service-computed-style=\"font-family: &quot;Google Sans&quot;, Arial, sans-serif; font-size: 16px; font-weight: 600; margin: 0px; text-decoration: none; border-bottom: 0px rgb(10, 10, 10);\">Origem:<!--TgQPHd|[]--><\/strong> Como outros guppys, \u00e9 origin\u00e1rio da Am\u00e9rica Central e do Sul.<!--TgQPHd|[]--><\/span> [<a href=\"https:\/\/www.petbh.com.br\/guppy\/produto\/hb-pastel-jovem-casal\/\" target=\"_blank\" rel=\"noopener\">1<\/a>, <a href=\"https:\/\/www.youtube.com\/shorts\/IqodAL-jqsI\" target=\"_blank\" rel=\"noopener\">2<\/a>, <a href=\"https:\/\/cursos.unipampa.edu.br\/cursos\/engenhariadeaquicultura\/guppie\/\" target=\"_blank\" rel=\"noopener\">3<\/a>, <a href=\"https:\/\/www.fazendasubmersa.com.br\/peixes\/guppy-pastel-casal\" target=\"_blank\" rel=\"noopener\">4<\/a>, <a href=\"https:\/\/barretosaquarismo.lojavirtualnuvem.com.br\/produtos\/casal-de-guppy-half-black-pastel-contraste-sofisticado-e-reproducao-facil\/\" target=\"_blank\" rel=\"noopener\">5<\/a>]<\/li>\n<\/ul>\n","protected":false},"excerpt":{"rendered":"<p>O Guppy Pastel \u00e9 uma variedade refinada do peixe Poecilia reticulata, conhecido por sua colora\u00e7\u00e3o suave e delicada, que inclui tons de azul claro, rosa, amarelo ou creme. \u00c9 muito apreciado no aquarismo pelo seu visual leve e harmonioso, sendo uma excelente op\u00e7\u00e3o para aqu\u00e1rios comunit\u00e1rios pac\u00edficos Caracter\u00edsticas Principais: Cauda e Cores: Geralmente possui uma [&hellip;]<\/p>\n","protected":false},"featured_media":1410792428,"comment_status":"open","ping_status":"closed","template":"","meta":{"googlesitekit_rrm_CAow0N7NCw:productID":"","content-type":"","pmpro_default_level":"","_themeisle_gutenberg_block_has_review":false},"product_brand":[],"product_cat":[252,205,219],"product_tag":[],"class_list":{"0":"post-1410792407","1":"product","2":"type-product","3":"status-publish","4":"has-post-thumbnail","6":"product_cat-guppy","7":"product_cat-peixes-agua-doce","8":"product_cat-todos-os-peixes-de-agua-doce","9":"product_shipping_class-animais-vivos","10":"pmpro-has-access","12":"first","13":"instock","14":"taxable","15":"shipping-taxable","16":"purchasable","17":"product-type-simple"},"_links":{"self":[{"href":"https:\/\/dinhosreef.com\/en\/wp-json\/wp\/v2\/product\/1410792407","targetHints":{"allow":["GET"]}}],"collection":[{"href":"https:\/\/dinhosreef.com\/en\/wp-json\/wp\/v2\/product"}],"about":[{"href":"https:\/\/dinhosreef.com\/en\/wp-json\/wp\/v2\/types\/product"}],"replies":[{"embeddable":true,"href":"https:\/\/dinhosreef.com\/en\/wp-json\/wp\/v2\/comments?post=1410792407"}],"wp:featuredmedia":[{"embeddable":true,"href":"https:\/\/dinhosreef.com\/en\/wp-json\/wp\/v2\/media\/1410792428"}],"wp:attachment":[{"href":"https:\/\/dinhosreef.com\/en\/wp-json\/wp\/v2\/media?parent=1410792407"}],"wp:term":[{"taxonomy":"product_brand","embeddable":true,"href":"https:\/\/dinhosreef.com\/en\/wp-json\/wp\/v2\/product_brand?post=1410792407"},{"taxonomy":"product_cat","embeddable":true,"href":"https:\/\/dinhosreef.com\/en\/wp-json\/wp\/v2\/product_cat?post=1410792407"},{"taxonomy":"product_tag","embeddable":true,"href":"https:\/\/dinhosreef.com\/en\/wp-json\/wp\/v2\/product_tag?post=1410792407"}],"curies":[{"name":"wp","href":"https:\/\/api.w.org\/{rel}","templated":true}]}}