{"id":1791,"date":"2025-01-14T19:49:28","date_gmt":"2025-01-14T22:49:28","guid":{"rendered":"https:\/\/dinhosreef.com\/produto\/carbonelite-pro-premium-carbon-dinhos-reef-animal-25kg\/"},"modified":"2025-11-30T18:23:40","modified_gmt":"2025-11-30T21:23:40","slug":"carbonelite-pro-premium-carbon-dinhos-reef-animal-25kg","status":"publish","type":"product","link":"https:\/\/dinhosreef.com\/en\/product\/carbonelite-pro-premium-carbon-dinhos-reef-animal-25kg\/","title":{"rendered":"CarbonElite Pro \u2013 PREMIUM CARBON  DINHOS REEF ANIMAL 25KG"},"content":{"rendered":"<p><strong>Premium Carbon <\/strong>&#8211; \u00c9 produzido a partir da casca de coco e ativado atrav\u00e9s de vapor sendo livre de fosfato, ideal para uso em aqu\u00e1rios de \u00e1gua doce e marinho. Tem uma baixa densidade e alt\u00edssima capacidade de absor\u00e7\u00e3o em compara\u00e7\u00e3o com o carv\u00e3o ativado tradicional, o n\u00famero de micro poros \u00e9 maior e a \u00e1rea de superf\u00edcie efetiva maior (1 g \u02dc 1100 m2) rendendo at\u00e9 6x mais. Reduz e elimina poluentes org\u00e2nicos, odores, res\u00edduos de medicamentos e colora\u00e7\u00e3o da \u00e1gua do aqu\u00e1rio.<br \/>Ocean Tech Premium Carbon \u00e9 produzido a partir da casca de coco e ativado atrav\u00e9s de vapor, sendo livre de fosfato, ideal para uso em aqu\u00e1rios de \u00e1gua doce e marinho.<br \/>O carv\u00e3o ativo Ocean Tech Premium Carbon tem uma baixa densidade e altiss\u00edma capacidade de absor\u00e7\u00e3o, quando comparado com o carv\u00e3o ativo tradicional.<br \/>O n\u00famero de microporos \u00e9 maior e a \u00e1rea de superf\u00edcie efetiva maior (1g = 1100 m2), rendendo at\u00e9 6x mais. Reduz e elimina poluentes org\u00e2nicos, odores, res\u00edduos de medicamento e colora\u00e7\u00e3o da \u00e1gua do aqu\u00e1rio.<\/p>\n<p>Modo de uso:<br \/>Usar 200ml para cada 150 Litros de \u00e1gua.<br \/>Trocar o carv\u00e3o a cada 30 dias ou assim que estiver saturado.<\/p>\n<p>Cuidados:<br \/>&#8211; Enx\u00e1guar em \u00e1gua limpa antes do uso.<br \/>&#8211; Sempre remova o carv\u00e3o quando iniciar um tratamento medicamentoso, o carv\u00e3o deve ser usado ap\u00f3s o tratamento, para remo\u00e7\u00e3o dos res\u00edduos do medicamento.<\/p>\n<p>Embalagem: 25kg\u00a0<\/p>\n<p><\/p>","protected":false},"excerpt":{"rendered":"<p>Premium Carbon &#8211; \u00c9 produzido a partir da casca de coco e ativado atrav\u00e9s de vapor sendo livre de fosfato, ideal para uso em aqu\u00e1rios de \u00e1gua doce e marinho. Tem uma baixa densidade e alt\u00edssima capacidade de absor\u00e7\u00e3o em compara\u00e7\u00e3o com o carv\u00e3o ativado tradicional, o n\u00famero de micro poros \u00e9 maior e a [&hellip;]<\/p>\n","protected":false},"featured_media":1787,"comment_status":"open","ping_status":"closed","template":"","meta":{"googlesitekit_rrm_CAow0N7NCw:productID":"","content-type":"","pmpro_default_level":"","_themeisle_gutenberg_block_has_review":false},"product_brand":[345],"product_cat":[31],"product_tag":[],"class_list":{"0":"post-1791","1":"product","2":"type-product","3":"status-publish","4":"has-post-thumbnail","6":"product_brand-dinhos-reef","7":"product_cat-materiais-filtrantes","8":"aux-has-gallery","9":"pmpro-has-access","11":"first","12":"outofstock","13":"taxable","14":"shipping-taxable","15":"purchasable","16":"product-type-simple"},"_links":{"self":[{"href":"https:\/\/dinhosreef.com\/en\/wp-json\/wp\/v2\/product\/1791","targetHints":{"allow":["GET"]}}],"collection":[{"href":"https:\/\/dinhosreef.com\/en\/wp-json\/wp\/v2\/product"}],"about":[{"href":"https:\/\/dinhosreef.com\/en\/wp-json\/wp\/v2\/types\/product"}],"replies":[{"embeddable":true,"href":"https:\/\/dinhosreef.com\/en\/wp-json\/wp\/v2\/comments?post=1791"}],"wp:featuredmedia":[{"embeddable":true,"href":"https:\/\/dinhosreef.com\/en\/wp-json\/wp\/v2\/media\/1787"}],"wp:attachment":[{"href":"https:\/\/dinhosreef.com\/en\/wp-json\/wp\/v2\/media?parent=1791"}],"wp:term":[{"taxonomy":"product_brand","embeddable":true,"href":"https:\/\/dinhosreef.com\/en\/wp-json\/wp\/v2\/product_brand?post=1791"},{"taxonomy":"product_cat","embeddable":true,"href":"https:\/\/dinhosreef.com\/en\/wp-json\/wp\/v2\/product_cat?post=1791"},{"taxonomy":"product_tag","embeddable":true,"href":"https:\/\/dinhosreef.com\/en\/wp-json\/wp\/v2\/product_tag?post=1791"}],"curies":[{"name":"wp","href":"https:\/\/api.w.org\/{rel}","templated":true}]}}