{"id":1796,"date":"2025-01-14T19:49:44","date_gmt":"2025-01-14T22:49:44","guid":{"rendered":"https:\/\/dinhosreef.com\/produto\/refil-cartucho-carbon-block-carvao-ativado-dinhos-reef\/"},"modified":"2026-02-21T11:58:37","modified_gmt":"2026-02-21T14:58:37","slug":"refil-cartucho-carbon-block-carvao-ativado-dinhos-reef","status":"publish","type":"product","link":"https:\/\/dinhosreef.com\/en\/product\/refil-cartucho-carbon-block-carvao-ativado-dinhos-reef\/","title":{"rendered":"Refil Cartucho Carbon Block Carv\u00e3o Ativado Dinho&#8217;S Reef"},"content":{"rendered":"<p>Os elementos filtrantes tipo Carbon Block, possuem as camadas de fibras de carv\u00e3o ativado com tecnologia de \u00faltima gera\u00e7\u00e3o, foram desenvolvidas pensando em alta compatibilidade qu\u00edmica, combinada com redu\u00e7\u00e3o de 75% de cloros livres, e camadas que evitam os caminhos viciosos do flu\u00eddo que canalizam as part\u00edculas contaminantes, resultando em uma alta redu\u00e7\u00e3o de gosto, odor e cor desagrad\u00e1vel de solu\u00e7\u00f5es aquosas.<\/p>\n<p>Aplica\u00e7\u00e3o: Utilizado para reten\u00e7\u00e3o de cloro, gosto e odor<\/p>\n<p>Informa\u00e7\u00f5es T\u00e9cnicas:<\/p>\n<p>Material: Bloco de carv\u00e3o ativado com termina\u00e7\u00e3o superior e inferior e veda\u00e7\u00e3o de borracha.<\/p>\n<p>Caracter\u00edsticas:<br \/>Excelente efici\u00eancia na redu\u00e7\u00e3o de cloro livre<br \/>Ret\u00e9m sedimentos e part\u00edculas na \u00e1gua diminuindo a turbidez e colora\u00e7\u00e3o.<br \/>Evita a prolifera\u00e7\u00e3o de bact\u00e9rias deixando a \u00e1gua sem cloro gosto e odores.<\/p>\n<p>Temperatura de Trabalho: 1 \u00baC \u00e0 60\u00b0C<br \/>Press\u00e3o de Trabalho: : 0,2 bar \u00e0 4,0 bar (2 mca \u00e0 40 mca)<br \/>Vaz\u00e3o M\u00e1xima: 600 Litros por Hora<br \/>Grau de filtra\u00e7\u00e3o: 5 \u00b5 micras<br \/>Vida \u00fatil: 6 meses ou conforme satura\u00e7\u00e3o.<\/p>\n<p>Dimens\u00e3o nominal comercial: 10&#8243; x 2 1\/2&#8243;<br \/>Dimens\u00e3o do produto:<br \/>Di\u00e2metro externo: 2 \u00bd\u201d (63,5 mm)<br \/>Di\u00e2metro interno: 28 mm<\/p>","protected":false},"excerpt":{"rendered":"<p>Os elementos filtrantes tipo Carbon Block, possuem as camadas de fibras de carv\u00e3o ativado com tecnologia de \u00faltima gera\u00e7\u00e3o, foram desenvolvidas pensando em alta compatibilidade qu\u00edmica, combinada com redu\u00e7\u00e3o de 75% de cloros livres, e camadas que evitam os caminhos viciosos do flu\u00eddo que canalizam as part\u00edculas contaminantes, resultando em uma alta redu\u00e7\u00e3o de gosto, [&hellip;]<\/p>\n","protected":false},"featured_media":1794,"comment_status":"open","ping_status":"closed","template":"","meta":{"googlesitekit_rrm_CAow0N7NCw:productID":"","content-type":"","pmpro_default_level":"","_themeisle_gutenberg_block_has_review":false},"product_brand":[],"product_cat":[31],"product_tag":[],"class_list":{"0":"post-1796","1":"product","2":"type-product","3":"status-publish","4":"has-post-thumbnail","6":"product_cat-materiais-filtrantes","7":"aux-has-gallery","8":"pmpro-has-access","10":"first","11":"instock","12":"taxable","13":"shipping-taxable","14":"purchasable","15":"product-type-simple"},"_links":{"self":[{"href":"https:\/\/dinhosreef.com\/en\/wp-json\/wp\/v2\/product\/1796","targetHints":{"allow":["GET"]}}],"collection":[{"href":"https:\/\/dinhosreef.com\/en\/wp-json\/wp\/v2\/product"}],"about":[{"href":"https:\/\/dinhosreef.com\/en\/wp-json\/wp\/v2\/types\/product"}],"replies":[{"embeddable":true,"href":"https:\/\/dinhosreef.com\/en\/wp-json\/wp\/v2\/comments?post=1796"}],"wp:featuredmedia":[{"embeddable":true,"href":"https:\/\/dinhosreef.com\/en\/wp-json\/wp\/v2\/media\/1794"}],"wp:attachment":[{"href":"https:\/\/dinhosreef.com\/en\/wp-json\/wp\/v2\/media?parent=1796"}],"wp:term":[{"taxonomy":"product_brand","embeddable":true,"href":"https:\/\/dinhosreef.com\/en\/wp-json\/wp\/v2\/product_brand?post=1796"},{"taxonomy":"product_cat","embeddable":true,"href":"https:\/\/dinhosreef.com\/en\/wp-json\/wp\/v2\/product_cat?post=1796"},{"taxonomy":"product_tag","embeddable":true,"href":"https:\/\/dinhosreef.com\/en\/wp-json\/wp\/v2\/product_tag?post=1796"}],"curies":[{"name":"wp","href":"https:\/\/api.w.org\/{rel}","templated":true}]}}