{"id":1815,"date":"2025-01-14T19:56:24","date_gmt":"2025-01-14T22:56:24","guid":{"rendered":"https:\/\/dinhosreef.com\/produto\/substrato-samoa-pink-1kg-1-1-2mm-1-7mm-dinhos-reef\/"},"modified":"2025-07-01T15:06:00","modified_gmt":"2025-07-01T18:06:00","slug":"substrato-samoa-pink-1kg-1-1-2mm-1-7mm-dinhos-reef","status":"publish","type":"product","link":"https:\/\/dinhosreef.com\/en\/product\/substrato-samoa-pink-1kg-1-1-2mm-1-7mm-dinhos-reef\/","title":{"rendered":"SUBSTRATO SAMOA PINK 1KG #1 (1.2MM &#8211; 1.7MM) DINHOS REEF"},"content":{"rendered":"<p>\u00a0<\/p>\n<p><strong>&#8220;Produto original Nature&#8217;s Ocean, cuidadosamente embalado por DinhoS Reef Animal.&#8221;<\/strong><\/p>\n<p>Validade: indeterminado<\/p>\n<p>\u00a0Substrato Samoa Pink #1 (1.2-1.7mm) 1kg<\/p>\n<p>Substratos de recife premium para aqu\u00e1rios<\/p>\n<p>Benef\u00edcios dos Sustratos :<\/p>\n<p>&#8211; Ideal para fundos de tanques de recifes<br \/>&#8211; Leitos anaer\u00f3bicos desnitrificantes<br \/>&#8211; Meio filtrante de \u00e1rea de superf\u00edcie extremamente alta<br \/>&#8211; Aumenta a dureza de carbonatos<br \/>&#8211; Reduz nitratos<br \/>&#8211; 100% do fundo do oceano<br \/>&#8211; Mant\u00e9m o pH<br \/>&#8211; Fornece oligoelementos marinhos<br \/>&#8211; Calor Esterilizado<br \/>&#8211; Ideal para cultivo de areia viva<\/p>\n<p>Recomendado:<\/p>\n<p>Use a uma taxa de 4,5kg de substrato por 40x40cm da \u00e1rea inferior do fundo do tanque, o que rende cerca de 2,5cm de altura do substrato. Dependendo de suas necessidades ou prefer\u00eancias, a profundidade pode variar.<\/p>\n<p>Imagens ilustrativas.<\/p>","protected":false},"excerpt":{"rendered":"<p>\u00a0 &#8220;Produto original Nature&#8217;s Ocean, cuidadosamente embalado por DinhoS Reef Animal.&#8221; Validade: indeterminado \u00a0Substrato Samoa Pink #1 (1.2-1.7mm) 1kg Substratos de recife premium para aqu\u00e1rios Benef\u00edcios dos Sustratos : &#8211; Ideal para fundos de tanques de recifes&#8211; Leitos anaer\u00f3bicos desnitrificantes&#8211; Meio filtrante de \u00e1rea de superf\u00edcie extremamente alta&#8211; Aumenta a dureza de carbonatos&#8211; Reduz nitratos&#8211; [&hellip;]<\/p>\n","protected":false},"featured_media":1813,"comment_status":"open","ping_status":"closed","template":"","meta":{"googlesitekit_rrm_CAow0N7NCw:productID":"","content-type":"","pmpro_default_level":"","_themeisle_gutenberg_block_has_review":false},"product_brand":[],"product_cat":[36],"product_tag":[],"class_list":{"0":"post-1815","1":"product","2":"type-product","3":"status-publish","4":"has-post-thumbnail","6":"product_cat-substrato-para-aquarios","7":"aux-has-gallery","8":"pmpro-has-access","10":"first","11":"outofstock","12":"taxable","13":"shipping-taxable","14":"purchasable","15":"product-type-simple"},"_links":{"self":[{"href":"https:\/\/dinhosreef.com\/en\/wp-json\/wp\/v2\/product\/1815","targetHints":{"allow":["GET"]}}],"collection":[{"href":"https:\/\/dinhosreef.com\/en\/wp-json\/wp\/v2\/product"}],"about":[{"href":"https:\/\/dinhosreef.com\/en\/wp-json\/wp\/v2\/types\/product"}],"replies":[{"embeddable":true,"href":"https:\/\/dinhosreef.com\/en\/wp-json\/wp\/v2\/comments?post=1815"}],"wp:featuredmedia":[{"embeddable":true,"href":"https:\/\/dinhosreef.com\/en\/wp-json\/wp\/v2\/media\/1813"}],"wp:attachment":[{"href":"https:\/\/dinhosreef.com\/en\/wp-json\/wp\/v2\/media?parent=1815"}],"wp:term":[{"taxonomy":"product_brand","embeddable":true,"href":"https:\/\/dinhosreef.com\/en\/wp-json\/wp\/v2\/product_brand?post=1815"},{"taxonomy":"product_cat","embeddable":true,"href":"https:\/\/dinhosreef.com\/en\/wp-json\/wp\/v2\/product_cat?post=1815"},{"taxonomy":"product_tag","embeddable":true,"href":"https:\/\/dinhosreef.com\/en\/wp-json\/wp\/v2\/product_tag?post=1815"}],"curies":[{"name":"wp","href":"https:\/\/api.w.org\/{rel}","templated":true}]}}