{"id":1819,"date":"2025-01-14T19:57:03","date_gmt":"2025-01-14T22:57:03","guid":{"rendered":"https:\/\/dinhosreef.com\/produto\/resina-mista-mixed-resin-25l-premium-dinhos-reef-animal\/"},"modified":"2025-07-01T15:07:26","modified_gmt":"2025-07-01T18:07:26","slug":"resina-mista-mixed-resin-25l-premium-dinhos-reef-animal","status":"publish","type":"product","link":"https:\/\/dinhosreef.com\/en\/product\/resina-mista-mixed-resin-25l-premium-dinhos-reef-animal\/","title":{"rendered":"RESINA MISTA MIXED RESIN 25L PREMIUM DINHOS REEF ANIMAL"},"content":{"rendered":"<p><strong>Resina Mista: Sunresin SEPLITE MB20 &#8211; Saco 25 litros<\/strong><\/p>\n<p><strong>ANTIGA MB400<\/strong><\/p>\n<p>A resina mista MB20 SUNRESIN possui em sua composi\u00e7\u00e3o, uma mistura 40% de resina cati\u00f4nica e 60% ani\u00f4nica, conseguindo produzir uma \u00e1gua de excelente qualidade TDS 000* e condutividade pr\u00f3ximo de 0,1 micro S\/cm. Excelente para quem precisa de \u00e1gua deionizada com alto grau de pureza e livre de derivados da silica.<\/p>","protected":false},"excerpt":{"rendered":"<p>Resina Mista: Sunresin SEPLITE MB20 &#8211; Saco 25 litros ANTIGA MB400 A resina mista MB20 SUNRESIN possui em sua composi\u00e7\u00e3o, uma mistura 40% de resina cati\u00f4nica e 60% ani\u00f4nica, conseguindo produzir uma \u00e1gua de excelente qualidade TDS 000* e condutividade pr\u00f3ximo de 0,1 micro S\/cm. Excelente para quem precisa de \u00e1gua deionizada com alto grau [&hellip;]<\/p>\n","protected":false},"featured_media":1816,"comment_status":"open","ping_status":"closed","template":"","meta":{"googlesitekit_rrm_CAow0N7NCw:productID":"","content-type":"","pmpro_default_level":"","_themeisle_gutenberg_block_has_review":false},"product_brand":[],"product_cat":[31],"product_tag":[],"class_list":{"0":"post-1819","1":"product","2":"type-product","3":"status-publish","4":"has-post-thumbnail","6":"product_cat-materiais-filtrantes","7":"aux-has-gallery","8":"pmpro-has-access","10":"first","11":"instock","12":"taxable","13":"shipping-taxable","14":"purchasable","15":"product-type-simple"},"_links":{"self":[{"href":"https:\/\/dinhosreef.com\/en\/wp-json\/wp\/v2\/product\/1819","targetHints":{"allow":["GET"]}}],"collection":[{"href":"https:\/\/dinhosreef.com\/en\/wp-json\/wp\/v2\/product"}],"about":[{"href":"https:\/\/dinhosreef.com\/en\/wp-json\/wp\/v2\/types\/product"}],"replies":[{"embeddable":true,"href":"https:\/\/dinhosreef.com\/en\/wp-json\/wp\/v2\/comments?post=1819"}],"wp:featuredmedia":[{"embeddable":true,"href":"https:\/\/dinhosreef.com\/en\/wp-json\/wp\/v2\/media\/1816"}],"wp:attachment":[{"href":"https:\/\/dinhosreef.com\/en\/wp-json\/wp\/v2\/media?parent=1819"}],"wp:term":[{"taxonomy":"product_brand","embeddable":true,"href":"https:\/\/dinhosreef.com\/en\/wp-json\/wp\/v2\/product_brand?post=1819"},{"taxonomy":"product_cat","embeddable":true,"href":"https:\/\/dinhosreef.com\/en\/wp-json\/wp\/v2\/product_cat?post=1819"},{"taxonomy":"product_tag","embeddable":true,"href":"https:\/\/dinhosreef.com\/en\/wp-json\/wp\/v2\/product_tag?post=1819"}],"curies":[{"name":"wp","href":"https:\/\/api.w.org\/{rel}","templated":true}]}}