{"id":1829,"date":"2025-01-14T19:57:29","date_gmt":"2025-01-14T22:57:29","guid":{"rendered":"https:\/\/dinhosreef.com\/produto\/manta-acrilica-la-perlon-1m-x-140m-para-aquario-dinhos-reef\/"},"modified":"2025-12-18T13:02:11","modified_gmt":"2025-12-18T16:02:11","slug":"manta-acrilica-la-perlon-1m-x-140m-para-aquario-dinhos-reef","status":"publish","type":"product","link":"https:\/\/dinhosreef.com\/en\/product\/manta-acrilica-la-perlon-1m-x-140m-para-aquario-dinhos-reef\/","title":{"rendered":"Manta Acrilica L\u00e3 Perlon 1m X 1,40m Para Aquario DinhoS Reef"},"content":{"rendered":"<p><strong>Manta Acr\u00edlica L\u00e3 Perlon 1m x 1,40m Para Aqu\u00e1rio e Filtro &#8211; DinhoS Reef<\/strong><\/p>\n<p>Transforme a qualidade da \u00e1gua do seu aqu\u00e1rio com a nossa Manta Acr\u00edlica L\u00e3 Perlon! Esse produto de alta performance \u00e9 essencial para manter seu aqu\u00e1rio ou lago sempre cristalino e saud\u00e1vel. Perfeito para diversas aplica\u00e7\u00f5es, a manta \u00e9 uma ferramenta indispens\u00e1vel para quem deseja praticidade e efici\u00eancia.<\/p>\n<p><strong>Caracter\u00edsticas Principais:<\/strong><\/p>\n<ul>\n<li><strong>Dimens\u00f5es:<\/strong> 1m x 1,40m<\/li>\n<li><strong>Espessura:<\/strong> 10mm<\/li>\n<li><strong>Gramatura:<\/strong> 80g\/m\u00b2<\/li>\n<li><strong>Material:<\/strong> 100% poli\u00e9ster de alta qualidade<\/li>\n<\/ul>\n<p><strong>Versatilidade Incr\u00edvel:<\/strong><\/p>\n<ul>\n<li><strong>Filtragem Eficaz:<\/strong> Ideal para aqu\u00e1rios, lagos e sistemas de filtragem diversos.<\/li>\n<li><strong>M\u00faltiplas Utiliza\u00e7\u00f5es:<\/strong> Tamb\u00e9m pode ser usada para enchimento de edredons, colchas, jaquetas, trabalhos manuais (Patchwork), e at\u00e9 para encher bancos, travesseiros, bonecos e chaveiros.<\/li>\n<\/ul>\n<p><strong>Manuten\u00e7\u00e3o Simples:<\/strong> Para garantir sempre a melhor efici\u00eancia, recomendamos a troca da manta a cada 10 dias ou durante a manuten\u00e7\u00e3o, dependendo da utiliza\u00e7\u00e3o dentro do aqu\u00e1rio.<\/p>\n<p><strong>Aten\u00e7\u00e3o!<\/strong><\/p>\n<ul>\n<li><strong>Envio FLEX:<\/strong> M\u00e1ximo de 4 unidades por pedido. Pedidos acima dessa quantidade ser\u00e3o cancelados automaticamente.<\/li>\n<\/ul>\n<p>N\u00e3o perca a oportunidade de proporcionar o melhor para seu aqu\u00e1rio ou lago com a Manta Acr\u00edlica L\u00e3 Perlon da DinhoS Reef. Adquira agora e sinta a diferen\u00e7a na qualidade da \u00e1gua!<\/p>","protected":false},"excerpt":{"rendered":"<p>Manta Acr\u00edlica L\u00e3 Perlon 1m x 1,40m Para Aqu\u00e1rio e Filtro &#8211; DinhoS Reef Transforme a qualidade da \u00e1gua do seu aqu\u00e1rio com a nossa Manta Acr\u00edlica L\u00e3 Perlon! Esse produto de alta performance \u00e9 essencial para manter seu aqu\u00e1rio ou lago sempre cristalino e saud\u00e1vel. Perfeito para diversas aplica\u00e7\u00f5es, a manta \u00e9 uma ferramenta [&hellip;]<\/p>\n","protected":false},"featured_media":3935,"comment_status":"open","ping_status":"closed","template":"","meta":{"googlesitekit_rrm_CAow0N7NCw:productID":"","content-type":"","pmpro_default_level":"","_themeisle_gutenberg_block_has_review":false},"product_brand":[],"product_cat":[38],"product_tag":[],"class_list":{"0":"post-1829","1":"product","2":"type-product","3":"status-publish","4":"has-post-thumbnail","6":"product_cat-tampas-para-aquarios","7":"aux-has-gallery","8":"pmpro-has-access","10":"first","11":"outofstock","12":"taxable","13":"shipping-taxable","14":"purchasable","15":"product-type-simple"},"_links":{"self":[{"href":"https:\/\/dinhosreef.com\/en\/wp-json\/wp\/v2\/product\/1829","targetHints":{"allow":["GET"]}}],"collection":[{"href":"https:\/\/dinhosreef.com\/en\/wp-json\/wp\/v2\/product"}],"about":[{"href":"https:\/\/dinhosreef.com\/en\/wp-json\/wp\/v2\/types\/product"}],"replies":[{"embeddable":true,"href":"https:\/\/dinhosreef.com\/en\/wp-json\/wp\/v2\/comments?post=1829"}],"wp:featuredmedia":[{"embeddable":true,"href":"https:\/\/dinhosreef.com\/en\/wp-json\/wp\/v2\/media\/3935"}],"wp:attachment":[{"href":"https:\/\/dinhosreef.com\/en\/wp-json\/wp\/v2\/media?parent=1829"}],"wp:term":[{"taxonomy":"product_brand","embeddable":true,"href":"https:\/\/dinhosreef.com\/en\/wp-json\/wp\/v2\/product_brand?post=1829"},{"taxonomy":"product_cat","embeddable":true,"href":"https:\/\/dinhosreef.com\/en\/wp-json\/wp\/v2\/product_cat?post=1829"},{"taxonomy":"product_tag","embeddable":true,"href":"https:\/\/dinhosreef.com\/en\/wp-json\/wp\/v2\/product_tag?post=1829"}],"curies":[{"name":"wp","href":"https:\/\/api.w.org\/{rel}","templated":true}]}}