{"id":2037,"date":"2025-01-20T14:54:09","date_gmt":"2025-01-20T17:54:09","guid":{"rendered":"https:\/\/dinhosreef.com\/produto\/reagente-para-25-testes-de-amonia-marinha-para-hanna-hi784\/"},"modified":"2025-09-02T12:36:44","modified_gmt":"2025-09-02T15:36:44","slug":"reagente-para-25-testes-de-amonia-marinha-para-hanna-hi784","status":"publish","type":"product","link":"https:\/\/dinhosreef.com\/en\/product\/reagente-para-25-testes-de-amonia-marinha-para-hanna-hi784\/","title":{"rendered":"REAGENTE PARA 25 TESTES DE AMONIA MARINHA PARA HANNA HI784"},"content":{"rendered":"<p>HANNA HI784-25 REAGENTE DE AM\u00d4NIA NH3 \/ NH4 25 TESTES PARA AQUARIO DE \u00c1GUA SALGADA.<\/p>\n<p>O HI784-25 s\u00e3o reagentes de substitui\u00e7\u00e3o para o Checker HI784, para 25 testes de Am\u00f4nia. Estes reagentes de alta qualidade s\u00e3o fabricados em nossas instala\u00e7\u00f5es e s\u00e3o claramente marcados com seu n\u00famero de lote e data de validade em cada sach\u00ea.<br \/>Principais Caracter\u00edsticas:<br \/>Reagente de Am\u00f4nia.<br \/>Embalagem: Frasco e Sach\u00eas.<br \/>Quantidade: 25 testes.<br \/>M\u00e9todo: Adapta\u00e7\u00e3o do M\u00e9todo Salicilato. A rea\u00e7\u00e3o entre Am\u00f4nia e Am\u00f4nio e o reagente causa uma colora\u00e7\u00e3o azul-esverdeada na amostra.<\/p>\n<p>Instru\u00e7\u00e3o de uso:<br \/>Acompanha folheto interno de instru\u00e7\u00f5es, na embalagem e site.<\/p>","protected":false},"excerpt":{"rendered":"<p>HANNA HI784-25 REAGENTE DE AM\u00d4NIA NH3 \/ NH4 25 TESTES PARA AQUARIO DE \u00c1GUA SALGADA. O HI784-25 s\u00e3o reagentes de substitui\u00e7\u00e3o para o Checker HI784, para 25 testes de Am\u00f4nia. Estes reagentes de alta qualidade s\u00e3o fabricados em nossas instala\u00e7\u00f5es e s\u00e3o claramente marcados com seu n\u00famero de lote e data de validade em cada [&hellip;]<\/p>\n","protected":false},"featured_media":2036,"comment_status":"open","ping_status":"closed","template":"","meta":{"googlesitekit_rrm_CAow0N7NCw:productID":"","content-type":"","pmpro_default_level":"","_themeisle_gutenberg_block_has_review":false},"product_brand":[],"product_cat":[47],"product_tag":[],"class_list":{"0":"post-2037","1":"product","2":"type-product","3":"status-publish","4":"has-post-thumbnail","6":"product_cat-condicionadores-de-agua","7":"pmpro-has-access","9":"first","10":"outofstock","11":"taxable","12":"shipping-taxable","13":"purchasable","14":"product-type-simple"},"_links":{"self":[{"href":"https:\/\/dinhosreef.com\/en\/wp-json\/wp\/v2\/product\/2037","targetHints":{"allow":["GET"]}}],"collection":[{"href":"https:\/\/dinhosreef.com\/en\/wp-json\/wp\/v2\/product"}],"about":[{"href":"https:\/\/dinhosreef.com\/en\/wp-json\/wp\/v2\/types\/product"}],"replies":[{"embeddable":true,"href":"https:\/\/dinhosreef.com\/en\/wp-json\/wp\/v2\/comments?post=2037"}],"wp:featuredmedia":[{"embeddable":true,"href":"https:\/\/dinhosreef.com\/en\/wp-json\/wp\/v2\/media\/2036"}],"wp:attachment":[{"href":"https:\/\/dinhosreef.com\/en\/wp-json\/wp\/v2\/media?parent=2037"}],"wp:term":[{"taxonomy":"product_brand","embeddable":true,"href":"https:\/\/dinhosreef.com\/en\/wp-json\/wp\/v2\/product_brand?post=2037"},{"taxonomy":"product_cat","embeddable":true,"href":"https:\/\/dinhosreef.com\/en\/wp-json\/wp\/v2\/product_cat?post=2037"},{"taxonomy":"product_tag","embeddable":true,"href":"https:\/\/dinhosreef.com\/en\/wp-json\/wp\/v2\/product_tag?post=2037"}],"curies":[{"name":"wp","href":"https:\/\/api.w.org\/{rel}","templated":true}]}}