{"id":2049,"date":"2025-01-20T14:54:44","date_gmt":"2025-01-20T17:54:44","guid":{"rendered":"https:\/\/dinhosreef.com\/produto\/checker-hi702-hanna-faixa-alta-de-cobre-marinho-doce\/"},"modified":"2025-09-01T02:26:46","modified_gmt":"2025-09-01T05:26:46","slug":"checker-hi702-hanna-faixa-alta-de-cobre-marinho-doce","status":"publish","type":"product","link":"https:\/\/dinhosreef.com\/en\/product\/checker-hi702-hanna-faixa-alta-de-cobre-marinho-doce\/","title":{"rendered":"CHECKER HI702 HANNA FAIXA ALTA DE COBRE MARINHO\/DOCE"},"content":{"rendered":"<div id=\"description\" class=\"ui-pdp-container__row ui-pdp-container__row--description\">\n<div class=\"ui-pdp-collapsable ui-pdp-description-collapse\">\n<div class=\"ui-pdp-collapsable__container\">\n<div class=\"ui-pdp-description\">\n<p class=\"ui-pdp-description__content\">O HI702 Checker\u00aeHC (Color\u00edmetro Port\u00e1til) \u00e9 uma maneira simples, precisa e econ\u00f4mica de medir o cobre em seu aqu\u00e1rio de \u00e1gua salgada. Projetado como uma alternativa mais precisa aos kits de teste qu\u00edmico, o HI702 fornece resultados r\u00e1pidos e precisos em algumas etapas f\u00e1ceis.<\/p>\n<p>N\u00e3o se preocupe com a subjetividade das tabelas de cores, confie em nosso color\u00edmetro port\u00e1til para medi\u00e7\u00f5es precisas para seus testes de \u00e1gua.<\/p>\n<p>Obtenha melhor precis\u00e3o do que um kit de teste padr\u00e3o com nosso color\u00edmetro de cobre de alta gama. Nosso color\u00edmetro de m\u00e3o elimina o esfor\u00e7o de correspond\u00eancia com uma cartela de cores, fornecendo um resultado de cobre direto digitalmente.<\/p>\n<p>Resumo dos recursos:<br \/>Mais f\u00e1cil de usar e mais preciso do que os kits de teste qu\u00edmico<br \/>Dedicado a um \u00fanico par\u00e2metro<br \/>Tamanho pequeno, grande conveni\u00eancia<br \/>Ideal para: Aqu\u00e1rios de \u00e1gua salgada, qualidade da \u00e1gua, meio ambiente, galvaniza\u00e7\u00e3o, educa\u00e7\u00e3o<br \/>Especifica\u00e7\u00f5es<br \/>Faixa 0,00 &#8211; 5,00 ppm<br \/>Resolu\u00e7\u00e3o 0,01 ppm<br \/>Precis\u00e3o a 25 \u00b0 C \/ 77 \u00b0 F \u00b1 0,05 ppm \u00b1 5% da leitura<br \/>Fonte de luz LED @ 575 nm<br \/>Detector de luz fotoc\u00e9lula de sil\u00edcio<br \/>M\u00e9todo adapta\u00e7\u00e3o do m\u00e9todo EPA. A rea\u00e7\u00e3o entre o cobre e o reagente bicinconinato causa uma colora\u00e7\u00e3o roxa na amostra<br \/>Ambiente 0 a 50 \u00b0 C (32 a 122 \u00b0 F); UR m\u00e1x. 95% sem condensa\u00e7\u00e3o<br \/>Tipo de Bateria (1) 1,5 V AAA<br \/>Auto-off ap\u00f3s dez minutos sem uso<br \/>Dimens\u00f5es 81,5 mm x 61 mm x 37,5 mm (3,2 &#8220;x 2,4&#8221; x 1,5 &#8220;)<br \/>Peso 64 g (2,25 on\u00e7as)<br \/>Informa\u00e7\u00f5es sobre pedidos O HI702 Checker\u00aeHC \u00e9 fornecido com 2 cubetas e tampas, kit inicial de reagente (6 pacotes de reagente), 1 bateria AAA 1.5X e um manual de instru\u00e7\u00f5es.<br \/>garantia Garantia limitada de 1 ano<\/p>\n<\/p><\/div>\n<\/p><\/div>\n<\/p><\/div>\n<\/p><\/div>\n<div class=\"ui-vip-core-spot-middle\">\n<section class=\"ui-recommendations-carousel-wrapper-ref\">\n<div class=\"ui-recommendations-carousel-snapped ui-pdp-with--separator-top ui-pdp-with--separator-top--full mb-40 ui-pdp-with--separator ui-pdp-with--separator--full recos-override__card-vertical\">\n<div class=\"ui-recommendations-carousel-snapped__header\">\n<div class=\"ui-recommendations-carousel-snapped__header-titles\">\u00a0<\/div>\n<\/p><\/div>\n<\/p><\/div>\n<\/section><\/div>","protected":false},"excerpt":{"rendered":"<p>O HI702 Checker\u00aeHC (Color\u00edmetro Port\u00e1til) \u00e9 uma maneira simples, precisa e econ\u00f4mica de medir o cobre em seu aqu\u00e1rio de \u00e1gua salgada. Projetado como uma alternativa mais precisa aos kits de teste qu\u00edmico, o HI702 fornece resultados r\u00e1pidos e precisos em algumas etapas f\u00e1ceis. N\u00e3o se preocupe com a subjetividade das tabelas de cores, confie [&hellip;]<\/p>\n","protected":false},"featured_media":2756,"comment_status":"open","ping_status":"closed","template":"","meta":{"googlesitekit_rrm_CAow0N7NCw:productID":"","content-type":"","pmpro_default_level":"","_themeisle_gutenberg_block_has_review":false},"product_brand":[],"product_cat":[47],"product_tag":[],"class_list":{"0":"post-2049","1":"product","2":"type-product","3":"status-publish","4":"has-post-thumbnail","6":"product_cat-condicionadores-de-agua","7":"aux-has-gallery","8":"pmpro-has-access","10":"first","11":"outofstock","12":"taxable","13":"shipping-taxable","14":"purchasable","15":"product-type-simple"},"_links":{"self":[{"href":"https:\/\/dinhosreef.com\/en\/wp-json\/wp\/v2\/product\/2049","targetHints":{"allow":["GET"]}}],"collection":[{"href":"https:\/\/dinhosreef.com\/en\/wp-json\/wp\/v2\/product"}],"about":[{"href":"https:\/\/dinhosreef.com\/en\/wp-json\/wp\/v2\/types\/product"}],"replies":[{"embeddable":true,"href":"https:\/\/dinhosreef.com\/en\/wp-json\/wp\/v2\/comments?post=2049"}],"wp:featuredmedia":[{"embeddable":true,"href":"https:\/\/dinhosreef.com\/en\/wp-json\/wp\/v2\/media\/2756"}],"wp:attachment":[{"href":"https:\/\/dinhosreef.com\/en\/wp-json\/wp\/v2\/media?parent=2049"}],"wp:term":[{"taxonomy":"product_brand","embeddable":true,"href":"https:\/\/dinhosreef.com\/en\/wp-json\/wp\/v2\/product_brand?post=2049"},{"taxonomy":"product_cat","embeddable":true,"href":"https:\/\/dinhosreef.com\/en\/wp-json\/wp\/v2\/product_cat?post=2049"},{"taxonomy":"product_tag","embeddable":true,"href":"https:\/\/dinhosreef.com\/en\/wp-json\/wp\/v2\/product_tag?post=2049"}],"curies":[{"name":"wp","href":"https:\/\/api.w.org\/{rel}","templated":true}]}}