{"id":2088,"date":"2025-01-20T14:56:08","date_gmt":"2025-01-20T17:56:08","guid":{"rendered":"https:\/\/dinhosreef.com\/produto\/reagente-para-teste-de-nitrato-n03-hanna-hi782-25-testes\/"},"modified":"2026-01-10T10:08:26","modified_gmt":"2026-01-10T13:08:26","slug":"reagente-para-teste-de-nitrato-n03-hanna-hi782-25-testes","status":"publish","type":"product","link":"https:\/\/dinhosreef.com\/en\/product\/reagente-para-teste-de-nitrato-n03-hanna-hi782-25-testes\/","title":{"rendered":"Reagente Para Teste De Nitrato N03 Hanna Hi782-25 Testes"},"content":{"rendered":"<p><span style=\"color: #666666;font-family: 'Proxima Nova', -apple-system, Roboto, Arial, sans-serif;font-size: 20px;background-color: #ffffff\">Reagente Hanna Nitrato Marinho HI782-25<\/span><br style=\"color: #666666;font-family: 'Proxima Nova', -apple-system, Roboto, Arial, sans-serif;font-size: 20px;background-color: #ffffff\"><br style=\"color: #666666;font-family: 'Proxima Nova', -apple-system, Roboto, Arial, sans-serif;font-size: 20px;background-color: #ffffff\"><span style=\"color: #666666;font-family: 'Proxima Nova', -apple-system, Roboto, Arial, sans-serif;font-size: 20px;background-color: #ffffff\">Descri\u00e7\u00e3o:<\/span><br style=\"color: #666666;font-family: 'Proxima Nova', -apple-system, Roboto, Arial, sans-serif;font-size: 20px;background-color: #ffffff\"><br style=\"color: #666666;font-family: 'Proxima Nova', -apple-system, Roboto, Arial, sans-serif;font-size: 20px;background-color: #ffffff\"><span style=\"color: #666666;font-family: 'Proxima Nova', -apple-system, Roboto, Arial, sans-serif;font-size: 20px;background-color: #ffffff\">Obtenha hoje mesmo os reagentes de reposi\u00e7\u00e3o para o Checker de Nitrato Marinho HI782 de Faixa Baixa. Esses reagentes de alta qualidade s\u00e3o fabricados em nossas instala\u00e7\u00f5es de \u00faltima gera\u00e7\u00e3o e s\u00e3o claramente marcados com o n\u00famero do lote e a data de validade em cada pacote para rastreabilidade. Os HI782-25 s\u00e3o reagentes de alta qualidade que s\u00e3o pr\u00e9-medidos, permitindo que os usu\u00e1rios obtenham medi\u00e7\u00f5es r\u00e1pidas e precisas com seu Checker de nitrato marinho faixa alta HI782. Esses reagentes seguem um m\u00e9todo colorim\u00e9trico no qual a rea\u00e7\u00e3o entre o nitrato e o reagente causa uma colora\u00e7\u00e3o rosa \/ violeta na amostra. Este verificador foi desenvolvido para trabalhar com amostras de \u00e1gua do mar.<\/span><br style=\"color: #666666;font-family: 'Proxima Nova', -apple-system, Roboto, Arial, sans-serif;font-size: 20px;background-color: #ffffff\"><br style=\"color: #666666;font-family: 'Proxima Nova', -apple-system, Roboto, Arial, sans-serif;font-size: 20px;background-color: #ffffff\"><span style=\"color: #666666;font-family: 'Proxima Nova', -apple-system, Roboto, Arial, sans-serif;font-size: 20px;background-color: #ffffff\">Reagentes pr\u00e9-fabricados para facilidade de uso<\/span><br style=\"color: #666666;font-family: 'Proxima Nova', -apple-system, Roboto, Arial, sans-serif;font-size: 20px;background-color: #ffffff\"><span style=\"color: #666666;font-family: 'Proxima Nova', -apple-system, Roboto, Arial, sans-serif;font-size: 20px;background-color: #ffffff\">Preparado com produtos qu\u00edmicos de alta pureza.<\/span><br style=\"color: #666666;font-family: 'Proxima Nova', -apple-system, Roboto, Arial, sans-serif;font-size: 20px;background-color: #ffffff\"><span style=\"color: #666666;font-family: 'Proxima Nova', -apple-system, Roboto, Arial, sans-serif;font-size: 20px;background-color: #ffffff\">Marcado com data de validade e n\u00famero de lote para rastreabilidade.<\/span><br style=\"color: #666666;font-family: 'Proxima Nova', -apple-system, Roboto, Arial, sans-serif;font-size: 20px;background-color: #ffffff\"><br style=\"color: #666666;font-family: 'Proxima Nova', -apple-system, Roboto, Arial, sans-serif;font-size: 20px;background-color: #ffffff\"><br style=\"color: #666666;font-family: 'Proxima Nova', -apple-system, Roboto, Arial, sans-serif;font-size: 20px;background-color: #ffffff\"><span style=\"color: #666666;font-family: 'Proxima Nova', -apple-system, Roboto, Arial, sans-serif;font-size: 20px;background-color: #ffffff\">25 testes<\/span><\/p>\n<p>\u00a0<\/p>\n<p><span style=\"color: #666666;font-family: 'Proxima Nova', -apple-system, Roboto, Arial, sans-serif;font-size: 20px;background-color: #ffffff\">DINHOSREEF.SHOP<\/span><\/p>","protected":false},"excerpt":{"rendered":"<p>Reagente Hanna Nitrato Marinho HI782-25Descri\u00e7\u00e3o:Obtenha hoje mesmo os reagentes de reposi\u00e7\u00e3o para o Checker de Nitrato Marinho HI782 de Faixa Baixa. Esses reagentes de alta qualidade s\u00e3o fabricados em nossas instala\u00e7\u00f5es de \u00faltima gera\u00e7\u00e3o e s\u00e3o claramente marcados com o n\u00famero do lote e a data de validade em cada pacote para rastreabilidade. Os HI782-25 [&hellip;]<\/p>\n","protected":false},"featured_media":2086,"comment_status":"open","ping_status":"closed","template":"","meta":{"googlesitekit_rrm_CAow0N7NCw:productID":"","content-type":"","pmpro_default_level":"","_themeisle_gutenberg_block_has_review":false},"product_brand":[],"product_cat":[47],"product_tag":[],"class_list":{"0":"post-2088","1":"product","2":"type-product","3":"status-publish","4":"has-post-thumbnail","6":"product_cat-condicionadores-de-agua","7":"aux-has-gallery","8":"pmpro-has-access","10":"first","11":"outofstock","12":"taxable","13":"shipping-taxable","14":"purchasable","15":"product-type-simple"},"_links":{"self":[{"href":"https:\/\/dinhosreef.com\/en\/wp-json\/wp\/v2\/product\/2088","targetHints":{"allow":["GET"]}}],"collection":[{"href":"https:\/\/dinhosreef.com\/en\/wp-json\/wp\/v2\/product"}],"about":[{"href":"https:\/\/dinhosreef.com\/en\/wp-json\/wp\/v2\/types\/product"}],"replies":[{"embeddable":true,"href":"https:\/\/dinhosreef.com\/en\/wp-json\/wp\/v2\/comments?post=2088"}],"wp:featuredmedia":[{"embeddable":true,"href":"https:\/\/dinhosreef.com\/en\/wp-json\/wp\/v2\/media\/2086"}],"wp:attachment":[{"href":"https:\/\/dinhosreef.com\/en\/wp-json\/wp\/v2\/media?parent=2088"}],"wp:term":[{"taxonomy":"product_brand","embeddable":true,"href":"https:\/\/dinhosreef.com\/en\/wp-json\/wp\/v2\/product_brand?post=2088"},{"taxonomy":"product_cat","embeddable":true,"href":"https:\/\/dinhosreef.com\/en\/wp-json\/wp\/v2\/product_cat?post=2088"},{"taxonomy":"product_tag","embeddable":true,"href":"https:\/\/dinhosreef.com\/en\/wp-json\/wp\/v2\/product_tag?post=2088"}],"curies":[{"name":"wp","href":"https:\/\/api.w.org\/{rel}","templated":true}]}}