{"id":2123,"date":"2025-01-21T23:24:35","date_gmt":"2025-01-22T02:24:35","guid":{"rendered":"https:\/\/dinhosreef.com\/produto\/kit-reef-phyto-plankton-250ml-fuel-150ml\/"},"modified":"2026-04-07T09:51:15","modified_gmt":"2026-04-07T12:51:15","slug":"kit-reef-phyto-plankton-250ml-fuel-150ml","status":"publish","type":"product","link":"https:\/\/dinhosreef.com\/en\/product\/kit-reef-phyto-plankton-250ml-fuel-150ml\/","title":{"rendered":"Kit Reef Phyto Plankton 250ml + Fuel 150ml"},"content":{"rendered":"<p><strong>Kit Seachem Reef Phyto Plankton 250ml + Fuel 150ml<\/strong><\/p>\n<p>\u00a0<\/p>\n<p><strong>Reef Phytoplankton 250ml<\/strong><\/p>\n<p>Reef Phytoplankton \u00e9 uma mistura concentrada de fitopl\u00e2ncton marinho verde e marrom. Projetado para fornecer os \u00e1cidos graxos essenciais, prote\u00ednas, vitaminas, amino\u00e1cidos e carotenoides naturais necess\u00e1rios para o crescimento dos corais.<\/p>\n<p>A faixa de tamanho \u00e9 de 1-20m para alimentar uma ampla gama de invertebrados marinhos. Reef Phytoplankton cont\u00e9m uma fonte natural de carotenoides que fornece as prote\u00ednas essenciais, bem como uma fonte mais biodispon\u00edvel de pigmenta\u00e7\u00e3o quando comparado a outras fontes naturais e pigmentos sint\u00e9ticos.<\/p>\n<p>Carotenoides fornecem um benef\u00edcio extra na atividade antioxidante. Al\u00e9m disso Reef Phytoplankton \u00e9 refor\u00e7ado para aumentar a biodisponibilidade de nutrientes importantes como prote\u00ednas, lip\u00eddios, vitaminas B, e outros pigmentos org\u00e2nicos. Assim, os corais gastam menos energia para obter os benef\u00edcios. \u00c9 misturado para conter a propor\u00e7\u00e3o adequada de \u00e1cidos graxos, carboidratos e prote\u00ednas.<\/p>\n<p>Principais Caracter\u00edsticas:<br \/>I &#8211; Vitality \u00e9 um suplemento abrangente de vitaminas, amino\u00e1cidos e oligoelementos desenvolvidos para atender aos requisitos nutricionais comumente associados \u00e0 habita\u00e7\u00e3o de longo prazo de sistemas fechados de peixes ornamentais marinhos;<br \/>II &#8211; cont\u00e9m \u00e1cido asc\u00f3rbico em uma base pesada de espirulina e clorela;<br \/>III &#8211; Tanto a espirulina quanto a clorela cont\u00eam uma variedade variada de amino\u00e1cidos e vitaminas;<br \/>IV &#8211; Ajuda a evitar a &#8220;Sindrome do Aqu\u00e1rio Novo&#8221;;<br \/>V &#8211; Pode ser usado em peixes ornamentais de \u00e1gua doce; no entanto, \u00e9 projetado especificamente para peixes marinhos;<\/p>\n<p><strong>AQUAVITRO FUEL &#8211; Nutrientes e Vitaminas Para Corais<\/strong><\/p>\n<p>-Suplemento abrangente de carboidratos, vitaminas, amino\u00e1cidos e \u00e1cidos graxos poliinsaturados para corais.<br \/>-\u00c1cido asc\u00f3rbico em uma base de Chlorella.<br \/>-Torna desnecess\u00e1rio um elemento de rastreamento.<\/p>\n<p>A linha AQUAVITRO \u00e9 uma linha premium para aqu\u00e1rios marinhos e plantados da famosa Seachem.<\/p>\n<p>Aquavitro Fuel \u00e9 um carboidrato integral, vitaminas, amino\u00e1cidos, \u00e1cidos graxos poliinsaturados, e suplemento de oligoelementos desenvolvido para atender as necessidades nutricionais comumente associados com corais.<\/p>\n<p>Cont\u00e9m \u00e1cido asc\u00f3rbico em uma base de Chlorella, que cont\u00e9m uma rica variedade de amino\u00e1cidos e vitaminas.<\/p>\n<p>Os benef\u00edcios de sa\u00fade de Chlorella s\u00e3o amplamente conhecidos e enquanto a espirulina, uma alga semelhante, tem sido regularmente utilizado na ind\u00fastria, Aquavitro \u00e9 o primeiro a utilizar a Chlorella que \u00e9 muito superior.<\/p>\n<p>\u00c9 formulado para fornecer os nutrientes dispon\u00edveis a partir de \u00e1guas naturais de recifes tropicais.<\/p>\n<p>Chlorella \u00e9 uma alga \u00fanica que cresce em \u00e1gua doce.<br \/>\u00c9 extremamente elevada em enzimas, vitaminas e sais minerais, como o complexo de vitamina B.<br \/>\u00c9 sobre-corrente com os \u00e1cidos insaturados, amino\u00e1cidos e prote\u00ednas.<\/p>\n<p>H\u00e1 tamb\u00e9m vitaminas encontradas em Chlorella incluindo:<br \/>-Vitamina C,<br \/>-pr\u00f3-vitamina A (B-caroteno),<br \/>-tiamina (B1),<br \/>-riboflavina (B2),<br \/>-piridoxina (B6),<br \/>-niacina,<br \/>-\u00e1cido pantot\u00e9nico,<br \/>-\u00e1cido f\u00f3lico,<br \/>-vitamina B12,<br \/>-biotina, colina,<br \/>-vitamina K,<br \/>-\u00e1cido lip\u00f3ico,<br \/>-e inositol.<\/p>\n<p>Os minerais da Chlorella incluem:<br \/>-f\u00f3sforo,<br \/>-c\u00e1lcio,<br \/>-zinco,<br \/>-iodo,<br \/>-magn\u00e9sio,<br \/>-ferro<br \/>-e cobre.<\/p>\n<p>Ele cont\u00e9m um n\u00edvel mais elevado de amino\u00e1cidos do que a Spirulina e \u00e9 aprovado pela FDA para utiliza\u00e7\u00e3o com peixes ornamentais.<\/p>\n<p>Modo de usar:<br \/>Agite bem antes de usar.<br \/>Use uma tampa interior (7ml) por cada 110 litros duas vezes por semana, ou conforme necess\u00e1rio, para manter o crescimento de coral.<\/p>\n<p>\u00a0<\/p>\n<p>Kit cont\u00e9m<\/p>\n<p>1 Phyto Plankton 250ml<\/p>\n<p>1 Fuel 150ml<\/p>","protected":false},"excerpt":{"rendered":"<p>Kit Seachem Reef Phyto Plankton 250ml + Fuel 150ml \u00a0 Reef Phytoplankton 250ml Reef Phytoplankton \u00e9 uma mistura concentrada de fitopl\u00e2ncton marinho verde e marrom. Projetado para fornecer os \u00e1cidos graxos essenciais, prote\u00ednas, vitaminas, amino\u00e1cidos e carotenoides naturais necess\u00e1rios para o crescimento dos corais. A faixa de tamanho \u00e9 de 1-20m para alimentar uma ampla [&hellip;]<\/p>\n","protected":false},"featured_media":2121,"comment_status":"open","ping_status":"closed","template":"","meta":{"googlesitekit_rrm_CAow0N7NCw:productID":"","content-type":"","pmpro_default_level":"","_themeisle_gutenberg_block_has_review":false},"product_brand":[402],"product_cat":[31],"product_tag":[],"class_list":{"0":"post-2123","1":"product","2":"type-product","3":"status-publish","4":"has-post-thumbnail","6":"product_brand-seachem","7":"product_cat-materiais-filtrantes","8":"aux-has-gallery","9":"pmpro-has-access","11":"first","12":"outofstock","13":"taxable","14":"shipping-taxable","15":"purchasable","16":"product-type-simple"},"_links":{"self":[{"href":"https:\/\/dinhosreef.com\/en\/wp-json\/wp\/v2\/product\/2123","targetHints":{"allow":["GET"]}}],"collection":[{"href":"https:\/\/dinhosreef.com\/en\/wp-json\/wp\/v2\/product"}],"about":[{"href":"https:\/\/dinhosreef.com\/en\/wp-json\/wp\/v2\/types\/product"}],"replies":[{"embeddable":true,"href":"https:\/\/dinhosreef.com\/en\/wp-json\/wp\/v2\/comments?post=2123"}],"wp:featuredmedia":[{"embeddable":true,"href":"https:\/\/dinhosreef.com\/en\/wp-json\/wp\/v2\/media\/2121"}],"wp:attachment":[{"href":"https:\/\/dinhosreef.com\/en\/wp-json\/wp\/v2\/media?parent=2123"}],"wp:term":[{"taxonomy":"product_brand","embeddable":true,"href":"https:\/\/dinhosreef.com\/en\/wp-json\/wp\/v2\/product_brand?post=2123"},{"taxonomy":"product_cat","embeddable":true,"href":"https:\/\/dinhosreef.com\/en\/wp-json\/wp\/v2\/product_cat?post=2123"},{"taxonomy":"product_tag","embeddable":true,"href":"https:\/\/dinhosreef.com\/en\/wp-json\/wp\/v2\/product_tag?post=2123"}],"curies":[{"name":"wp","href":"https:\/\/api.w.org\/{rel}","templated":true}]}}