{"id":2135,"date":"2025-01-21T23:25:25","date_gmt":"2025-01-22T02:25:25","guid":{"rendered":"https:\/\/dinhosreef.com\/produto\/kit-seachem-reef-fusion-1-e-2-1l-fuel-1l-top-reef\/"},"modified":"2026-04-22T13:17:36","modified_gmt":"2026-04-22T16:17:36","slug":"kit-seachem-reef-fusion-1-e-2-1l-fuel-1l-top-reef","status":"publish","type":"product","link":"https:\/\/dinhosreef.com\/en\/product\/kit-seachem-reef-fusion-1-e-2-1l-fuel-1l-top-reef\/","title":{"rendered":"Kit Seachem Reef Fusion 1 E 2 &#8211; 1L + Fuel 1L Top Reef"},"content":{"rendered":"<div class=\"container-header\">\n<div class=\"container-img-produto\">\n<div>\n<h4>Kit Seachem Reef Fusion 1 E 2 &#8211; 1L + Fuel 1L Top Reef<\/h4>\n<\/p><\/div>\n<\/p><\/div>\n<\/p><\/div>\n<div class=\"mensagens-header-edicao\">\n<div id=\"mensagem\" class=\"nomessage\"><\/div>\n<\/p><\/div>\n<p>\u00a0<\/p>\n<p><strong>Reef Fusion 1 \u2122 e Reef Fusion 2 \u2122 <\/strong>s\u00e3o a base de um sistema formulado para fornecer os elementos essenciais para o aqu\u00e1rio de corais. Reef Fusion 1 \u2122 fornece c\u00e1lcio, enquanto Reef Fusion 2 \u2122 fornece alcalinidade. Quando usados em conjunto, o sistema Reef Fusion \u2122 vai manter os n\u00edveis de c\u00e1lcio e alcalinidade. Reef Fusion 1 \u2122 fornece n\u00e3o s\u00f3 100,000 mg \/ L de c\u00e1lcio i\u00f3nico, mas tamb\u00e9m inclui biologicamente n\u00edveis adequados de magn\u00e9sio, estr\u00f4ncio, boro, ferro, mangan\u00eas e molibd\u00e9nio. Reef Fusion 2 \u2122 cont\u00e9m uma mistura de carbonatos e bicarbonatos a uma alcalinidade de 4400 meq \/ L. Ele \u00e9 projetado para restaurar e manter a alcalinidade no aqu\u00e1rio de corais e fornecer o carbonato essencial necess\u00e1rio para o crescimento de esp\u00e9cies calc\u00e1rias. Quando usados corretamente, Reef Fusion 1 \u2122 e Reef Fusion 2 \u2122 ir\u00e3o manter os n\u00edveis cr\u00edticos de c\u00e1lcio e alcalinidade necess\u00e1rios para o crescimento saud\u00e1vel do coral, proporcionando biologicamente n\u00edveis adequados de outros elementos e minerais. Por que \u00e9 diferente Reef Fusion \u00e9 diferente dos outros suplementos de c\u00e1lcio e carbonato porque estes dois produtos, 1 e 2 s\u00e3o especificamente concebidos para serem utilizados em conjunto de uma forma simples, na raz\u00e3o de 1:1. Existem produtos similares no mercado, mas o sistema Reef Fusion \u00e9 o que apresenta estes dois sistemas mais concentrados para a manuten\u00e7\u00e3o de c\u00e1lcio e carbonato de alcalinidade dispon\u00edvel. Instru\u00e7\u00f5es Me\u00e7a os parametros do aqu\u00e1rio a cada 1-2 dias. Agite antes de usar. Adicionar 1 mL de Reef Fusion 1 \u2122 a cada 25 L de \u00e1gua (para fins de refer\u00eancia, a tampa tem 5 mL). Adicione a uma \u00e1rea grande do aqu\u00e1rio. Aguardar alguns minutos, depois adicionar Reef Fusion 2\u2122 da mesma maneira, de 1 mL a cada 25 L, depois agitar bem. Prefere-se que os dois produtos sejam adicionado em locais separados no tanque. Esta dose adiciona 4 mg \/ L de c\u00e1lcio, e 0,176 meq \/ L de alcalinidade. Nunca misture Reef Fus\u00e3o 1 \u2122 com Reef Fusion 2 \u2122 diretamente. N\u00e3o exceda a dose de 4 ml em 25 litros por dia de cada produto. Manter o n\u00edvel de c\u00e1lcio entre 410-430 mg \/ L. Manter a alcalinidade entre 4-6 mEq \/ L. Tamanho ou frequ\u00eancia de dose pode ser aumentada se o regime de dosagem \u00e9 insuficiente para manter o c\u00e1lcio e alcalinidade nestas gamas.<\/p>\n<h1 class=\"ui-pdp-title\">Seachem Aquavitro Fuel Suplemento P\/ Corais<\/h1>\n<div id=\"highlights\" class=\"ui-pdp-container__row ui-pdp-container__row--highlights\">\n<div class=\"ui-pdp-promotions-pill ui-pdp-highlights\">\n<div class=\"ui-pdp-promotions-pill-label ui-pdp-color--WHITE ui-pdp-size--XXSMALL ui-pdp-family--SEMIBOLD ui-pdp-promotions-pill-label--with-icon\">\n<div class=\"ui-pdp-promotions-pill-label__trigger\">\n<div class=\"ui-pdp-media ui-pdp-promotions-pill-label__icon\">\n<figure class=\"ui-pdp-media__figure\" aria-hidden=\"true\"><\/figure>\n<div class=\"ui-pdp-media__body\">-Suplemento abrangente de carboidratos, vitaminas, amino\u00e1cidos e \u00e1cidos graxos poliinsaturados para corais.<br \/>-\u00c1cido asc\u00f3rbico em uma base de Chlorella.<br \/>-Torna desnecess\u00e1rio um elemento de rastreamento.<\/p>\n<p>A linha AQUAVITRO \u00e9 uma linha premium para aqu\u00e1rios marinhos e plantados da famosa Seachem.<\/p>\n<p>Aquavitro Fuel \u00e9 um carboidrato integral, vitaminas, amino\u00e1cidos, \u00e1cidos graxos poliinsaturados, e suplemento de oligoelementos desenvolvido para atender as necessidades nutricionais comumente associados com corais.<\/p>\n<p>Cont\u00e9m \u00e1cido asc\u00f3rbico em uma base de Chlorella, que cont\u00e9m uma rica variedade de amino\u00e1cidos e vitaminas.<\/p>\n<p>Os benef\u00edcios de sa\u00fade de Chlorella s\u00e3o amplamente conhecidos e enquanto a espirulina, uma alga semelhante, tem sido regularmente utilizado na ind\u00fastria, Aquavitro \u00e9 o primeiro a utilizar a Chlorella que \u00e9 muito superior.<\/p>\n<p>\u00c9 formulado para fornecer os nutrientes dispon\u00edveis a partir de \u00e1guas naturais de recifes tropicais.<\/p>\n<p>Chlorella \u00e9 uma alga \u00fanica que cresce em \u00e1gua doce.<br \/>\u00c9 extremamente elevada em enzimas, vitaminas e sais minerais, como o complexo de vitamina B.<br \/>\u00c9 sobre-corrente com os \u00e1cidos insaturados, amino\u00e1cidos e prote\u00ednas.<\/p>\n<p>H\u00e1 tamb\u00e9m vitaminas encontradas em Chlorella incluindo:<br \/>-Vitamina C,<br \/>-pr\u00f3-vitamina A (B-caroteno),<br \/>-tiamina (B1),<br \/>-riboflavina (B2),<br \/>-piridoxina (B6),<br \/>-niacina,<br \/>-\u00e1cido pantot\u00e9nico,<br \/>-\u00e1cido f\u00f3lico,<br \/>-vitamina B12,<br \/>-biotina, colina,<br \/>-vitamina K,<br \/>-\u00e1cido lip\u00f3ico,<br \/>-e inositol.<\/p>\n<p>Os minerais da Chlorella incluem:<br \/>-f\u00f3sforo,<br \/>-c\u00e1lcio,<br \/>-zinco,<br \/>-iodo,<br \/>-magn\u00e9sio,<br \/>-ferro<br \/>-e cobre.<\/p>\n<p>Ele cont\u00e9m um n\u00edvel mais elevado de amino\u00e1cidos do que a Spirulina e \u00e9 aprovado pela FDA para utiliza\u00e7\u00e3o com peixes ornamentais.<\/p>\n<p>Modo de usar:<br \/>Agite bem antes de usar.<br \/>Use uma tampa interior (7ml) por cada 110 litros duas vezes por semana, ou conforme necess\u00e1rio, para manter o crescimento de coral.<\/div>\n<\/p><\/div>\n<\/p><\/div>\n<\/p><\/div>\n<\/p><\/div>\n<\/p><\/div>","protected":false},"excerpt":{"rendered":"<p>Kit Seachem Reef Fusion 1 E 2 &#8211; 1L + Fuel 1L Top Reef \u00a0 Reef Fusion 1 \u2122 e Reef Fusion 2 \u2122 s\u00e3o a base de um sistema formulado para fornecer os elementos essenciais para o aqu\u00e1rio de corais. Reef Fusion 1 \u2122 fornece c\u00e1lcio, enquanto Reef Fusion 2 \u2122 fornece alcalinidade. Quando [&hellip;]<\/p>\n","protected":false},"featured_media":2132,"comment_status":"open","ping_status":"closed","template":"","meta":{"googlesitekit_rrm_CAow0N7NCw:productID":"","content-type":"","pmpro_default_level":"","_themeisle_gutenberg_block_has_review":false},"product_brand":[402],"product_cat":[47],"product_tag":[],"class_list":{"0":"post-2135","1":"product","2":"type-product","3":"status-publish","4":"has-post-thumbnail","6":"product_brand-seachem","7":"product_cat-condicionadores-de-agua","8":"aux-has-gallery","9":"pmpro-has-access","11":"first","12":"outofstock","13":"taxable","14":"shipping-taxable","15":"purchasable","16":"product-type-simple"},"_links":{"self":[{"href":"https:\/\/dinhosreef.com\/en\/wp-json\/wp\/v2\/product\/2135","targetHints":{"allow":["GET"]}}],"collection":[{"href":"https:\/\/dinhosreef.com\/en\/wp-json\/wp\/v2\/product"}],"about":[{"href":"https:\/\/dinhosreef.com\/en\/wp-json\/wp\/v2\/types\/product"}],"replies":[{"embeddable":true,"href":"https:\/\/dinhosreef.com\/en\/wp-json\/wp\/v2\/comments?post=2135"}],"wp:featuredmedia":[{"embeddable":true,"href":"https:\/\/dinhosreef.com\/en\/wp-json\/wp\/v2\/media\/2132"}],"wp:attachment":[{"href":"https:\/\/dinhosreef.com\/en\/wp-json\/wp\/v2\/media?parent=2135"}],"wp:term":[{"taxonomy":"product_brand","embeddable":true,"href":"https:\/\/dinhosreef.com\/en\/wp-json\/wp\/v2\/product_brand?post=2135"},{"taxonomy":"product_cat","embeddable":true,"href":"https:\/\/dinhosreef.com\/en\/wp-json\/wp\/v2\/product_cat?post=2135"},{"taxonomy":"product_tag","embeddable":true,"href":"https:\/\/dinhosreef.com\/en\/wp-json\/wp\/v2\/product_tag?post=2135"}],"curies":[{"name":"wp","href":"https:\/\/api.w.org\/{rel}","templated":true}]}}