{"id":2195,"date":"2025-01-21T23:28:29","date_gmt":"2025-01-22T02:28:29","guid":{"rendered":"https:\/\/dinhosreef.com\/produto\/kit-negative-ion-high-energy-far-infrared-bacterial\/"},"modified":"2026-03-06T16:49:59","modified_gmt":"2026-03-06T19:49:59","slug":"kit-negative-ion-high-energy-far-infrared-bacterial","status":"publish","type":"product","link":"https:\/\/dinhosreef.com\/en\/product\/kit-negative-ion-high-energy-far-infrared-bacterial\/","title":{"rendered":"KIT NEGATIVE ION + HIGH ENERGY FAR + INFRARED + BACTERIAL"},"content":{"rendered":"<div class=\"ui-pdp-header__title-container\">\n<h1 class=\"ui-pdp-title\">KIT NANO RING NEGATIVE ION + HIGH ENERGY FAR + INFRARED + BACTERIAL\u00a0 1KG OCEANTECH<\/h1>\n<h1 class=\"ui-pdp-title\">M\u00eddia Biol\u00f3gica Aqu\u00e1rio Oceantech Nano Rings Cer\u00e2mica Kit 4k<\/h1>\n<\/p><\/div>\n<div class=\"ui-pdp-header__info\">\u00a0<\/div>\n<p><strong>\u00a0KIT com UMA CAIXA de 1 Kg de CADA M\u00cdDIA &#8211; TOTAL 4KG\u00a0<\/strong><\/p>\n<p>\u00a0<strong>BACTERIAL + HIGH ENERGY + FAR INFRARED + NEGATIVE ION\u00a0<\/strong><\/p>\n<p>&#8211; Cada caixa cont\u00e9m aproximadamente 34 m\u00eddias (Total Aproximado 136 m\u00eddias)<\/p>\n<p>&#8211; Dimens\u00e3o aproximada de cada unidade de m\u00eddia (CxLxA) cm: 3x3x2,5<\/p>\n<p>=======================================================================<\/p>\n<p>RECOMENDA\u00c7\u00c3O:<\/p>\n<p>O fabricante informa que 1 caixa trata at\u00e9 3000 litros de \u00e1gua, por\u00e9m recomendamos colocar o m\u00e1ximo de m\u00eddia que puder, especialmente se o aqu\u00e1rio\/lago tiver muitos peixes, pois a filtragem mec\u00e2nica\/biol\u00f3gica \u00e9 o &#8220;cora\u00e7\u00e3o&#8221; do seu sistema.<\/p>\n<p>=======================================================================<\/p>\n<p>BACTERIAL NANO RINGS &#8211; 1 KG<\/p>\n<p>Bacterial Nano Rings OceanTech \u00e9 produzido a partir de microesferas cer\u00e2micas tridimensionais, tendo assim uma \u00e1rea de superf\u00edcie para a coloniza\u00e7\u00e3o de bact\u00e9rias at\u00e9 10 VEZES MAIOR que outras m\u00eddias filtrantes.<\/p>\n<p>Bacterial Nano Rings \u00e9 altamente perme\u00e1vel, permitindo uma distribui\u00e7\u00e3o de \u00e1gua uniforme em toda a m\u00eddia.<\/p>\n<p>Cada micro esfera tem contato com o fluxo d\u2019\u00e1gua em todo seu entorno, aumentando significativamente sua \u00e1rea de coloniza\u00e7\u00e3o.<\/p>\n<p>Ideal para filtros hang-on, canisters, filtros de lago, sumps e em sistemas dry-wet.<\/p>\n<p>Para acelerar a coloniza\u00e7\u00e3o e resultados mais r\u00e1pidos, recomendamos o uso em conjunto com os produtos biol\u00f3gicos da OceanTech: Overnite e OceanBlend.<\/p>\n<p>=======================================================================<\/p>\n<p>FAR INFRARED NANO RINGS 1 KG<\/p>\n<p>Far-Infrared Nano Rings OceanTech\u00ae \u00e9 produzida a partir de microesferas cer\u00e2micas tridimensionais, tendo assim uma \u00e1rea de superf\u00edcie para a coloniza\u00e7\u00e3o de bact\u00e9rias de at\u00e9 10 vezes maior do que outras m\u00eddias filtrantes.<\/p>\n<p>Al\u00e9m da alt\u00edssima capacidade porosa de coloniza\u00e7\u00e3o bacteriana, Far-Infrared Nano Rings OceanTech\u00ae tem adi\u00e7\u00e3o de elementos que emitem pequenas quantidades de raio infravermelho.<\/p>\n<p>O infravermelho acelera o movimento molecular da \u00e1gua e melhora a penetra\u00e7\u00e3o nas c\u00e9lulas, fortalecendo v\u00e1rios \u00f3rg\u00e3os no corpo dos peixes aumentando a atividade, a colora\u00e7\u00e3o e a imunidade.<\/p>\n<p>=======================================================================<\/p>\n<p>NEGATIVE IONS NANO RINGS 1 KG<\/p>\n<p>Al\u00e9m da mais alta capacidade porosa de coloniza\u00e7\u00e3o bacteriana, Nano Rings Negative \u00cdons s\u00e3o adicionados com elementos de \u00edons negativos.<\/p>\n<p>Centenas de milh\u00f5es de pares de el\u00e9trons s\u00e3o formados pela adi\u00e7\u00e3o de p\u00f3 de composto cer\u00e2mico de \u00edon negativo de alta atividade na esfera de cer\u00e2mica.<\/p>\n<p>No momento do contato com a \u00e1gua, o grupo macromolecular de \u00e1gua torna-se um pequeno grupo molecular, que aumenta a solubilidade e a permeabilidade da \u00e1gua e produz \u00edons negativos para o hidrog\u00eanio e o oxig\u00eanio.<\/p>\n<p>A massa molecular da \u00e1gua torna-se menor, permeia facilmente a membrana celular, aumenta a atividade celular e a imunidade dos peixes.<\/p>\n<p>=======================================================================<\/p>\n<p>HIGH ENERGY NANO RINGS 1 KG<\/p>\n<p>High Energy Nano Rings OceanTech\u00ae \u00e9 produzida a partir de microesferas cer\u00e2micas tridimensionais, tendo assim uma \u00e1rea de superf\u00edcie para a coloniza\u00e7\u00e3o de bact\u00e9rias de AT\u00c9 10 VEZES MAIOR do que outras m\u00eddias filtrantes.<\/p>\n<p>Al\u00e9m da alt\u00edssima capacidade porosa de coloniza\u00e7\u00e3o bacteriana, High Energy Nano Rings OceanTech\u00ae liberam lentamente e continuamente cerca de 20 elementos e minerais exigidos pelos animais aqu\u00e1ticos, como c\u00e1lcio, magn\u00e9sio, enxofre, tit\u00e2nio, estr\u00f4ncio e etc, ajudando o equil\u00edbrio osm\u00f3tico.<\/p>\n<p>O uso a longo prazo pode melhorar a fun\u00e7\u00e3o imunol\u00f3gica dos peixes e melhorar a capacidade anti-infec\u00e7\u00e3o.<\/p>\n<p>\u00a0<\/p>","protected":false},"excerpt":{"rendered":"<p>KIT NANO RING NEGATIVE ION + HIGH ENERGY FAR + INFRARED + BACTERIAL\u00a0 1KG OCEANTECH M\u00eddia Biol\u00f3gica Aqu\u00e1rio Oceantech Nano Rings Cer\u00e2mica Kit 4k \u00a0 \u00a0KIT com UMA CAIXA de 1 Kg de CADA M\u00cdDIA &#8211; TOTAL 4KG\u00a0 \u00a0BACTERIAL + HIGH ENERGY + FAR INFRARED + NEGATIVE ION\u00a0 &#8211; Cada caixa cont\u00e9m aproximadamente 34 m\u00eddias [&hellip;]<\/p>\n","protected":false},"featured_media":2189,"comment_status":"open","ping_status":"closed","template":"","meta":{"googlesitekit_rrm_CAow0N7NCw:productID":"","content-type":"","pmpro_default_level":"","_themeisle_gutenberg_block_has_review":false},"product_brand":[],"product_cat":[31],"product_tag":[],"class_list":{"0":"post-2195","1":"product","2":"type-product","3":"status-publish","4":"has-post-thumbnail","6":"product_cat-materiais-filtrantes","7":"aux-has-gallery","8":"pmpro-has-access","10":"first","11":"outofstock","12":"taxable","13":"shipping-taxable","14":"purchasable","15":"product-type-simple"},"_links":{"self":[{"href":"https:\/\/dinhosreef.com\/en\/wp-json\/wp\/v2\/product\/2195","targetHints":{"allow":["GET"]}}],"collection":[{"href":"https:\/\/dinhosreef.com\/en\/wp-json\/wp\/v2\/product"}],"about":[{"href":"https:\/\/dinhosreef.com\/en\/wp-json\/wp\/v2\/types\/product"}],"replies":[{"embeddable":true,"href":"https:\/\/dinhosreef.com\/en\/wp-json\/wp\/v2\/comments?post=2195"}],"wp:featuredmedia":[{"embeddable":true,"href":"https:\/\/dinhosreef.com\/en\/wp-json\/wp\/v2\/media\/2189"}],"wp:attachment":[{"href":"https:\/\/dinhosreef.com\/en\/wp-json\/wp\/v2\/media?parent=2195"}],"wp:term":[{"taxonomy":"product_brand","embeddable":true,"href":"https:\/\/dinhosreef.com\/en\/wp-json\/wp\/v2\/product_brand?post=2195"},{"taxonomy":"product_cat","embeddable":true,"href":"https:\/\/dinhosreef.com\/en\/wp-json\/wp\/v2\/product_cat?post=2195"},{"taxonomy":"product_tag","embeddable":true,"href":"https:\/\/dinhosreef.com\/en\/wp-json\/wp\/v2\/product_tag?post=2195"}],"curies":[{"name":"wp","href":"https:\/\/api.w.org\/{rel}","templated":true}]}}