{"id":2203,"date":"2025-01-21T23:34:41","date_gmt":"2025-01-22T02:34:41","guid":{"rendered":"https:\/\/dinhosreef.com\/produto\/kit-reef-zooplankton-phyto-plankton-250ml-vitality-100ml\/"},"modified":"2026-04-22T09:31:48","modified_gmt":"2026-04-22T12:31:48","slug":"kit-reef-zooplankton-phyto-plankton-250ml-vitality-100ml","status":"publish","type":"product","link":"https:\/\/dinhosreef.com\/en\/product\/kit-reef-zooplankton-phyto-plankton-250ml-vitality-100ml\/","title":{"rendered":"Kit Reef Zooplankton Phyto Plankton 250ml + Vitality 100ml"},"content":{"rendered":"<p>Kit SEACHEM Reef Zooplankton Phyto Plankton 250ml + Vitality 50ml<\/p>\n<p>\u00a0<\/p>\n<p>SEACHEM REEF ZOOPLANKTON 250ML MISTURA CONCENTRADA DE ZOOPL\u00c2NCTON MARINHO PARA CRESCIMENTO DE CORAIS. Reef Zooplankton \u00e9 uma mistura concentrada de zoopl\u00e2ncton marinho projetado para fornecer os \u00e1cidos graxos essenciais, prote\u00ednas, vitaminas, amino\u00e1cidos, com caroten\u00f3ides biol\u00f3gicos para o crescimento de corais. A faixa de tamanho de part\u00edcula \u00e9 de 12,5 a 500 para alimentar uma ampla gama de habitantes de aqu\u00e1rios marinhos. Reef Zooplankton cont\u00e9m uma fonte natural de caroten\u00f3ides que fornece prote\u00ednas essenciais, bem como uma fonte de pigmenta\u00e7\u00e3o mais biodispon\u00edvel quando comparado a outras fontes naturais e pigmentos sint\u00e9ticos. Os caroten\u00f3ides fornecem o benef\u00edcio extra da atividade antioxidante. Al\u00e9m disso, o Reef Zooplankton \u00e9 aprimorado para aumentar a biodisponibilidade de nutrientes importantes, como prote\u00ednas, lip\u00eddios, vitaminas do complexo B e outros pigmentos org\u00e2nicos; assim, os corais gastam menos energia para obter o benef\u00edcio nutricional. \u00c9 misturado para conter propor\u00e7\u00e3o adequada de \u00e1cidos graxos, carboidratos e prote\u00ednas. Principais Caracter\u00edsticas: Mistura concentrada de zoopl\u00e2ncton marinho; O tamanho varia de 12,5 a 500; Melhorado para aumentar a biodisponibilidade de nutrientes importantes.<\/p>\n<p>Reef Phytoplankton \u00e9 uma mistura concentrada de fitopl\u00e2ncton marinho verde e marrom. Projetado para fornecer os \u00e1cidos graxos essenciais, prote\u00ednas, vitaminas, amino\u00e1cidos e carotenoides naturais necess\u00e1rios para o crescimento dos corais.<\/p>\n<p>A faixa de tamanho \u00e9 de 1-20m para alimentar uma ampla gama de invertebrados marinhos. Reef Phytoplankton cont\u00e9m uma fonte natural de carotenoides que fornece as prote\u00ednas essenciais, bem como uma fonte mais biodispon\u00edvel de pigmenta\u00e7\u00e3o quando comparado a outras fontes naturais e pigmentos sint\u00e9ticos.<\/p>\n<p>Carotenoides fornecem um benef\u00edcio extra na atividade antioxidante. Al\u00e9m disso Reef Phytoplankton \u00e9 refor\u00e7ado para aumentar a biodisponibilidade de nutrientes importantes como prote\u00ednas, lip\u00eddios, vitaminas B, e outros pigmentos org\u00e2nicos. Assim, os corais gastam menos energia para obter os benef\u00edcios. \u00c9 misturado para conter a propor\u00e7\u00e3o adequada de \u00e1cidos graxos, carboidratos e prote\u00ednas.<\/p>\n<p>Principais Caracter\u00edsticas:<br \/>I &#8211; Vitality \u00e9 um suplemento abrangente de vitaminas, amino\u00e1cidos e oligoelementos desenvolvidos para atender aos requisitos nutricionais comumente associados \u00e0 habita\u00e7\u00e3o de longo prazo de sistemas fechados de peixes ornamentais marinhos;<br \/>II &#8211; cont\u00e9m \u00e1cido asc\u00f3rbico em uma base pesada de espirulina e clorela;<br \/>III &#8211; Tanto a espirulina quanto a clorela cont\u00eam uma variedade variada de amino\u00e1cidos e vitaminas;<br \/>IV &#8211; Ajuda a evitar a &#8220;Sindrome do Aqu\u00e1rio Novo&#8221;;<br \/>V &#8211; Pode ser usado em peixes ornamentais de \u00e1gua doce; no entanto, \u00e9 projetado especificamente para peixes marinhos;<\/p>\n<p>Descri\u00e7\u00e3o:<br \/>Seachem Vitality \u00e9 um composto de vitaminas e amino\u00e1cidos necess\u00e1rios para um bom desempenho nutricional de seu aqu\u00e1rio marinho. Vitality cont\u00e9m \u00e1cido asc\u00f3rbico em uma base pesada de espirulina e clorela. O \u00e1cido asc\u00f3rbico \u00e9 um cofator na hidroxila\u00e7\u00e3o de prolina e lisina a componentes do procol\u00e1geno, o precursor do col\u00e1geno, necess\u00e1rio para a forma\u00e7\u00e3o de tecidos conjuntivos, tecido cicatricial no reparo de feridas e matriz \u00f3ssea.<\/p>\n<p>Atributos do Produto:<br \/>Modelo: VITALITY 100ML<br \/>Tipo de Pet: indicado para Peixes<\/p>\n<p>\u00a0<\/p>\n<p>Kit cont\u00e9m<\/p>\n<p>1 Reef Zooplankton 250ml<\/p>\n<p>1 Phyto Plankton 250ml<\/p>\n<p>1 Vitality 100ml<\/p>","protected":false},"excerpt":{"rendered":"<p>Kit SEACHEM Reef Zooplankton Phyto Plankton 250ml + Vitality 50ml \u00a0 SEACHEM REEF ZOOPLANKTON 250ML MISTURA CONCENTRADA DE ZOOPL\u00c2NCTON MARINHO PARA CRESCIMENTO DE CORAIS. Reef Zooplankton \u00e9 uma mistura concentrada de zoopl\u00e2ncton marinho projetado para fornecer os \u00e1cidos graxos essenciais, prote\u00ednas, vitaminas, amino\u00e1cidos, com caroten\u00f3ides biol\u00f3gicos para o crescimento de corais. A faixa de tamanho [&hellip;]<\/p>\n","protected":false},"featured_media":2200,"comment_status":"open","ping_status":"closed","template":"","meta":{"googlesitekit_rrm_CAow0N7NCw:productID":"","content-type":"","pmpro_default_level":"","_themeisle_gutenberg_block_has_review":false},"product_brand":[402],"product_cat":[31],"product_tag":[],"class_list":{"0":"post-2203","1":"product","2":"type-product","3":"status-publish","4":"has-post-thumbnail","6":"product_brand-seachem","7":"product_cat-materiais-filtrantes","8":"aux-has-gallery","9":"pmpro-has-access","11":"first","12":"outofstock","13":"taxable","14":"shipping-taxable","15":"purchasable","16":"product-type-simple"},"_links":{"self":[{"href":"https:\/\/dinhosreef.com\/en\/wp-json\/wp\/v2\/product\/2203","targetHints":{"allow":["GET"]}}],"collection":[{"href":"https:\/\/dinhosreef.com\/en\/wp-json\/wp\/v2\/product"}],"about":[{"href":"https:\/\/dinhosreef.com\/en\/wp-json\/wp\/v2\/types\/product"}],"replies":[{"embeddable":true,"href":"https:\/\/dinhosreef.com\/en\/wp-json\/wp\/v2\/comments?post=2203"}],"wp:featuredmedia":[{"embeddable":true,"href":"https:\/\/dinhosreef.com\/en\/wp-json\/wp\/v2\/media\/2200"}],"wp:attachment":[{"href":"https:\/\/dinhosreef.com\/en\/wp-json\/wp\/v2\/media?parent=2203"}],"wp:term":[{"taxonomy":"product_brand","embeddable":true,"href":"https:\/\/dinhosreef.com\/en\/wp-json\/wp\/v2\/product_brand?post=2203"},{"taxonomy":"product_cat","embeddable":true,"href":"https:\/\/dinhosreef.com\/en\/wp-json\/wp\/v2\/product_cat?post=2203"},{"taxonomy":"product_tag","embeddable":true,"href":"https:\/\/dinhosreef.com\/en\/wp-json\/wp\/v2\/product_tag?post=2203"}],"curies":[{"name":"wp","href":"https:\/\/api.w.org\/{rel}","templated":true}]}}