{"id":2217,"date":"2025-01-21T23:37:23","date_gmt":"2025-01-22T02:37:23","guid":{"rendered":"https:\/\/dinhosreef.com\/produto\/kit-teste-seachem-marine-basic-iodide-multitest-75-testes\/"},"modified":"2026-02-02T17:48:44","modified_gmt":"2026-02-02T20:48:44","slug":"kit-teste-seachem-marine-basic-iodide-multitest-75-testes","status":"publish","type":"product","link":"https:\/\/dinhosreef.com\/en\/product\/kit-teste-seachem-marine-basic-iodide-multitest-75-testes\/","title":{"rendered":"Kit Teste Seachem Marine Basic + Iodide  Multitest 75 Testes"},"content":{"rendered":"<p><strong>MULTITEST:MARINE BASIC 75 TESTES &#8211; SEACHEM<\/strong><br \/>\u00a0<br \/>Este kit combina os kits de:<br \/>1) pH e alcalinidade marinhos,<br \/>2) Am\u00f4nia<br \/>3) Nitrito e nitrato<br \/>\u00a0<br \/>O MultiTest Marine Basic realiza mais de 75 testes e cont\u00e9m amostras de refer\u00eancia para valida\u00e7\u00e3o.<br \/>Combina os kits de pH e alcalinidade marinhos, am\u00f4nia e nitrito e nitrato<br \/>Placa multicavidade para testes simult\u00e2neos de at\u00e9 6 amostras ao mesmo tempo<br \/>Inclui refer\u00eancia para valida\u00e7\u00e3o de teste<br \/>\u00a0<br \/>1) pH marinho e alcalinidade: O teste de pH e alcalinidade marinhos apresenta um corante exclusivo que possui uma mudan\u00e7a de cor pronunciada entre 8,0 e 8,3, tornando-o o kit mais f\u00e1cil do mercado para ler nessa faixa cr\u00edtica. \u00c9 adequado apenas para \u00e1gua marinha ou salobra. A alcalinidade pode ser lida da mesma amostra em incrementos de 0,5 meq\/L.<br \/>\u00a0<br \/>2) Am\u00f4nia: O teste de am\u00f4nia mede am\u00f4nia total (NH3 e NH4+) e am\u00f4nia livre (somente NH3) at\u00e9 menos de 0,05 mg\/L e \u00e9 praticamente livre de interfer\u00eancia em \u00e1gua marinha e doce. A am\u00f4nia livre \u00e9 a forma t\u00f3xica da am\u00f4nia e, portanto, \u00e9 muito mais importante ficar de olho no n\u00edvel de am\u00f4nia livre em seu sistema. Este teste pode ser usado com \u00e1gua doce ou marinha.<br \/>\u00a0<br \/>3) Nitrito\/Nitrato: O teste de Nitrito\/Nitrato mede nitrito a menos de 0,1 mg\/L e nitrato a menos de 0,2 mg\/L em \u00e1gua marinha ou doce. Os valores relatados s\u00e3o expressos como nitrito e nitrato em vez de nitrog\u00eanio (para converter em nitrog\u00eanio, basta dividir por 3,3 e 4,4, respectivamente).<br \/>\u00a0<br \/>Caracter\u00edsticas<br \/>75 Testes: O MultiTest Marine Basic realiza mais de 75 testes de pH e alcalinidade marinhos, am\u00f4nia e nitrito\/nitrato, e com a placa de teste com v\u00e1rias cavidades, v\u00e1rios testes podem ser executados ao mesmo tempo.<br \/>\u00a0<br \/>Intervalos de medida:<br \/>pH: 7,80 a 8,70<br \/>Alcalinidade: a partir de 0<br \/>Am\u00f4nia: 0 a 6 mg\/L<br \/>Nitrito: 0 a 25 mg\/L<br \/>Nitrato: 0 a 50 mg\/L<br \/>\u00a0<br \/>Precis\u00e3o<br \/>Altera\u00e7\u00f5es detect\u00e1veis na tabela de cores nos seguintes incrementos:<br \/>pH: 0,01 unidades de pH<br \/>Alcalinidade: 0,5 meq\/L<br \/>Am\u00f4nia: 0,01\u20130,1 mg\/L<br \/>Nitrito\/Nitrato: 0,1\u20131 mg\/L<br \/>\u00a0<br \/>Amostra de refer\u00eancia: N\u00e3o \u00e9 necess\u00e1rio executar um teste de refer\u00eancia para usar este kit; no entanto, seu desempenho adequado pode ser validado executando um teste da maneira normal, exceto que a amostra de refer\u00eancia \u00e9 usada no lugar da amostra do aqu\u00e1rio. Voc\u00ea pode optar por executar um teste de refer\u00eancia se tiver motivos para acreditar que o teste est\u00e1 fornecendo resultados incorretos. Se voc\u00ea executar um teste usando a amostra de refer\u00eancia e obtiver o resultado correto (com base no valor de refer\u00eancia conhecido fornecido), poder\u00e1 ter certeza de que o teste est\u00e1 fornecendo resultados precisos.<br \/>\u00a0<br \/>Tabela de cores<br \/>Todos os kits de teste MultiTest v\u00eam com uma tabela de cores de f\u00e1cil leitura. Possui uma janela de visualiza\u00e7\u00e3o de 5 cm para ajudar a isolar a cor e corresponder o mais pr\u00f3ximo poss\u00edvel da amostra de teste.<br \/>\u00a0<br \/>Placa de teste multicavidade opaca<br \/>Todos os kits de teste MultiTest s\u00e3o lidos em uma placa de teste branca opaca. A cartela de cores deslizante junto com a placa de teste de seis cavidades permite f\u00e1cil leitura e compara\u00e7\u00e3o de v\u00e1rias amostras ao mesmo tempo.<\/p>\n<p>\u00a0<\/p>\n<p><strong>Teste de Iodo Seachem Multitest Iodine &amp; Iodide P\/Aqu\u00e1rios<\/strong><\/p>\n<p>Caracter\u00edsticas Seachem Multitest Iodine &amp; Iodide<\/p>\n<p>&#8211; M\u00e9todo de teste baseado em cat\u00e1lise que permite medir as concentra\u00e7\u00f5es de iodo e iodeto.<br \/>&#8211; Teste d elevada precis\u00e3o, sens\u00edvel a menos de 0,0025 mg\/L.<br \/>&#8211; Escalas: 0-0,1 mg\/L.<br \/>&#8211; Precis\u00e3o: 0,0025-0,005 mg\/L.<br \/>&#8211; Inteligente bandeja multicavidade que permite realizar at\u00e9 6 testes simultaneamente.<br \/>&#8211; Inclui amostra de refer\u00eancia para valida\u00e7\u00e3o do teste.<br \/>&#8211; Adequado para aqu\u00e1rios marinhos ou de \u00e1gua doce.<\/p>\n<p>Este kit \u00e9 capaz de realizar 75 testes de Iodo e Iodeto e \u00e9 projetado para aqu\u00e1rios marinhos e de \u00e1gua doce. Fornece resultados altamente precisos destes par\u00e2metros em nosso aqu\u00e1rio.<\/p>\n<p>Realiza at\u00e9 75 testes.<br \/>Elevada precis\u00e3o de escala.<br \/>Realiza at\u00e9 6 testes simultaneamente<\/p>\n<p>Para aprendermos mais sobre os elementos iodo\/iodeto e suas fun\u00e7\u00f5es, vamos utilizar como base este \u00f3timo artigo do site &#8220;Comida de Corais&#8221;.<br \/>O Iodo no aqu\u00e1rio marinho tem um importante &#8220;papel&#8221;, mas deve ser dosado com extrema cautela, visto que excedendo a quantia ideal causar\u00e1 um surto de algas indesej\u00e1veis, e se dosado com exagero poder\u00e1 prejudicar a sa\u00fade ou at\u00e9 levar a morte de algumas esp\u00e9cies.<br \/>A \u00e1gua do mar cont\u00e9m predominantemente iodato e, em menor concentra\u00e7\u00e3o, iodeto. Importante ressaltar que o iodeto \u00e9 tamb\u00e9m mais facilmente utilizado que o iodato por alguns organismos, e o iodeto (Iodo) \u00e9 detectado pelos kits de testes vendidos em lojas de aquarismo.<br \/>A concentra\u00e7\u00e3o da soma de todas as formas de iodo no oceano \u00e9 em m\u00e9dia 0,06 ppm, sendo que apenas o Iodeto fica entre 0,01 \u00e0 0,02 ppm. No aqu\u00e1rio estes n\u00edveis n\u00e3o devem ser diferentes, o ideal \u00e9 0,06 ppm, no m\u00e1ximo 0,07 ppm.<br \/>Muitos aquaristas usam o Iodo para evitar que parasitas, fungos e protozo\u00e1rios entrem no aqu\u00e1rio &#8220;de carona&#8221; com corais rec\u00e9m-adquiridos. Como tratamento profil\u00e1tico, eles submetem o coral a um banho de \u00e1gua com Iodo &#8211; \u00e9 um procedimento preventivo e funcional. Recomendamos a utiliza\u00e7\u00e3o de Seachem Reef Dip para um tratamento eficaz e seguro.<br \/>O Iodo \u00e9 tamb\u00e9m muito usado para quem faz propaga\u00e7\u00e3o de corais, onde \u00e9 preciso cortar o coral, tirar parte da col\u00f4nia, enfim, se o coral sofrer qualquer tipo de les\u00e3o, ent\u00e3o o Iodo far\u00e1 seu trabalho, n\u00e3o deixando o coral necrosar, pois tamb\u00e9m tem a\u00e7\u00e3o cicatrizante. Este efeito cicatrizante tamb\u00e9m se aplica a algum peixe que foi ferido por algum motivo, ent\u00e3o o Iodo ajudar\u00e1 na sua recupera\u00e7\u00e3o de forma mais r\u00e1pida e segura.<br \/>O Iodo tamb\u00e9m favorece o crescimento de macroalgas (Caulerpa racemosa e Chaetomorpha sp) e camar\u00f5es.<br \/>Segundo pesquisas, o Iodo \u00e9 importante para o endurecimento da casca de crust\u00e1ceos, neutraliza o oxig\u00eanio em excesso causado pelas Zooxantelas, quando a luz for excedente ao exigido, protege o coral contra radia\u00e7\u00f5es UV. Tamb\u00e9m traz benef\u00edcios a v\u00e1rios corais, tais como: Zoanthus, Xenia, Cloves, Mushroom e outros corais moles, mas tamb\u00e9m para corais duros, principalmente Gorg\u00f4nias.<br \/>Muitos aquaristas relatam que seus corais tiveram melhor colora\u00e7\u00e3o e um significativo aumento populacional quando dosaram Iodo em seus aqu\u00e1rios, inclusive an\u00eamonas gostaram, enquanto outros n\u00e3o notaram qualquer altera\u00e7\u00e3o, portanto, se voc\u00ea pretende dosar Iodo no seu aqu\u00e1rio fa\u00e7a o teste apropriado para verificar se realmente \u00e9 necess\u00e1rio. Se voc\u00ea dosa Elementos Tra\u00e7os, provavelmente o Iodo j\u00e1 estar\u00e1 nos par\u00e2metros ideais (0,06 ppm), pois este cont\u00e9m o Iodo.<\/p>","protected":false},"excerpt":{"rendered":"<p>MULTITEST:MARINE BASIC 75 TESTES &#8211; SEACHEM\u00a0Este kit combina os kits de:1) pH e alcalinidade marinhos,2) Am\u00f4nia3) Nitrito e nitrato\u00a0O MultiTest Marine Basic realiza mais de 75 testes e cont\u00e9m amostras de refer\u00eancia para valida\u00e7\u00e3o.Combina os kits de pH e alcalinidade marinhos, am\u00f4nia e nitrito e nitratoPlaca multicavidade para testes simult\u00e2neos de at\u00e9 6 amostras ao [&hellip;]<\/p>\n","protected":false},"featured_media":2216,"comment_status":"open","ping_status":"closed","template":"","meta":{"googlesitekit_rrm_CAow0N7NCw:productID":"","content-type":"","pmpro_default_level":"","_themeisle_gutenberg_block_has_review":false},"product_brand":[402],"product_cat":[56],"product_tag":[],"class_list":{"0":"post-2217","1":"product","2":"type-product","3":"status-publish","4":"has-post-thumbnail","6":"product_brand-seachem","7":"product_cat-kits-de-limpeza-e-manutencao","8":"pmpro-has-access","10":"first","11":"outofstock","12":"taxable","13":"shipping-taxable","14":"purchasable","15":"product-type-simple"},"_links":{"self":[{"href":"https:\/\/dinhosreef.com\/en\/wp-json\/wp\/v2\/product\/2217","targetHints":{"allow":["GET"]}}],"collection":[{"href":"https:\/\/dinhosreef.com\/en\/wp-json\/wp\/v2\/product"}],"about":[{"href":"https:\/\/dinhosreef.com\/en\/wp-json\/wp\/v2\/types\/product"}],"replies":[{"embeddable":true,"href":"https:\/\/dinhosreef.com\/en\/wp-json\/wp\/v2\/comments?post=2217"}],"wp:featuredmedia":[{"embeddable":true,"href":"https:\/\/dinhosreef.com\/en\/wp-json\/wp\/v2\/media\/2216"}],"wp:attachment":[{"href":"https:\/\/dinhosreef.com\/en\/wp-json\/wp\/v2\/media?parent=2217"}],"wp:term":[{"taxonomy":"product_brand","embeddable":true,"href":"https:\/\/dinhosreef.com\/en\/wp-json\/wp\/v2\/product_brand?post=2217"},{"taxonomy":"product_cat","embeddable":true,"href":"https:\/\/dinhosreef.com\/en\/wp-json\/wp\/v2\/product_cat?post=2217"},{"taxonomy":"product_tag","embeddable":true,"href":"https:\/\/dinhosreef.com\/en\/wp-json\/wp\/v2\/product_tag?post=2217"}],"curies":[{"name":"wp","href":"https:\/\/api.w.org\/{rel}","templated":true}]}}