{"id":2269,"date":"2025-01-21T23:39:30","date_gmt":"2025-01-22T02:39:30","guid":{"rendered":"https:\/\/dinhosreef.com\/produto\/kit-ocean-tech-bomba-9000l-h-ac-9000-filtro-uv-18w-110v\/"},"modified":"2025-11-04T09:46:38","modified_gmt":"2025-11-04T12:46:38","slug":"kit-ocean-tech-bomba-9000l-h-ac-9000-filtro-uv-18w-110v","status":"publish","type":"product","link":"https:\/\/dinhosreef.com\/en\/product\/kit-ocean-tech-bomba-9000l-h-ac-9000-filtro-uv-18w-110v\/","title":{"rendered":"Kit Ocean Tech Bomba 9000l\/h Ac-9000 + Filtro UV 18W 110v"},"content":{"rendered":"<h4>Kit Ocean Tech Bomba 9000l\/h Ac-9000 + Filtro UV 18W 110v<\/h4>\n<h4>Ocean Tech Bomba 9000l\/h Ac-9000<\/h4>\n<p>Bomba Submersa 9.000 Lt\/h OCEANTECH \u00e9 ideal para Projetos de Lagos, Fontes e Aqu\u00e1rios.<\/p>\n<p>Possui CONTROLE ELETR\u00d4NICO de Fluxo \/ Vaz\u00e3o e BOT\u00c3O FEED &#8211; Desliga a Bomba por 5 Minutos para Alimenta\u00e7\u00e3o dos Peixes.<\/p>\n<p>A import\u00e2ncia de um fluxo constante para uma boa filtragem, seja em aqu\u00e1rios ou lagos ornamentais, \u00e9 conhecida. Para isso, \u00e9 necess\u00e1rio ter uma bomba dur\u00e1vel, econ\u00f4mica e segura. A OceanTech traz at\u00e9 voc\u00ea tudo isso e um pouco mais com a sua linha ECO.<\/p>\n<p>A linha AC PUMP da Ocean Tech se destaca pela economia de energia e pelas quatro funcionalidades que s\u00e3o extremamente \u00fateis.<\/p>\n<p>1- CONTROLE ELETR\u00d4NICO DE VAZ\u00c3O:<br \/>Com essa regulagem, voc\u00ea pode usar uma bomba mais forte do que o necess\u00e1rio para o momento e regular a vaz\u00e3o ideal atrav\u00e9s do controlador eletr\u00f4nico com o simples apertar de 1 bot\u00e3o.<\/p>\n<p>2- BOT\u00c3O FEED:<br \/>Quando pressionado ele interrompe o funcionamento da bomba por 5 minutos, tempo suficiente para realizar pequenas manuten\u00e7\u00f5es no seu filtro ao alimentar os peixes sem que a comida seja sugada para o filtro.<\/p>\n<p>3- FUN\u00c7\u00c3O ANTITRAVAMENTO:<br \/>Caso algo grande bloqueie a rota\u00e7\u00e3o do impeller, esgotadas as tentativas de destravamento, o controlador interrompe o funcionamento, evitando que o seu equipamento seja danificado.<\/p>\n<p>4- FUN\u00c7\u00c3O ANTISECAMENTO:<br \/>No caso de secamento do compartimento onde a bomba est\u00e1 instalada, ap\u00f3s algumas tentativas de normaliza\u00e7\u00e3o do sistema, o controlador desativa o funcionamento, garantindo que o equipamento n\u00e3o exceda sua rota\u00e7\u00e3o m\u00e1xima, superaque\u00e7a e seja permanentemente danificado.<\/p>\n<p>VANTAGENS:<br \/>1- Motor e driver separados, permitindo uma instala\u00e7\u00e3o totalmente segura;<br \/>2- Chip inteligente. Desliga a bomba no caso de falta de \u00e1gua ou obstru\u00e7\u00e3o;<br \/>3- Bomba AC \u2013 9000 litros\/hora;<br \/>4- Eixo cer\u00e2mico resistente a corros\u00e3o; ultra silenciosa e dur\u00e1vel;<br \/>5- Baixo consumo (at\u00e9 65% de economia);<br \/>6- Para uso em \u00e1gua doce ou salgada.<\/p>\n<p>INFORMA\u00c7\u00d5ES T\u00c9CNICAS:<br \/>1- Modelo: AC-9000<br \/>2- Pot\u00eancia: 75W<br \/>3- Consumo: 0,075 kWh.<br \/>4- Voltagem: Selecione 110\/127V ou 220V<br \/>5- Vaz\u00e3o M\u00ednima: 2.500L\/h<br \/>6- Vaz\u00e3o M\u00e1xima: 9.000L\/h<br \/>7- Coluna da \u00c1gua: 4,3m<br \/>8- Entrada \/ Sa\u00edda: 35 mm<br \/>9- Conex\u00f5es: 15, 21 e 26mm<br \/>10- Dimens\u00f5es (CxLxA): 21 x 9 x 12,5cm<\/p>\n<p>COMO DIMENSIONAR A BOMBA IDEAL PARA O SEU SISTEMA:<br \/>&#8211; Recomenda-se uma vaz\u00e3o m\u00ednima de 3x o volume do seu lago\/aqu\u00e1rio.<\/p>\n<p>Exemplo: Se o seu lago ou aqu\u00e1rio tem 1000 litros, recomenda-se uma bomba de no m\u00ednimo 3000 litros\/hora.<\/p>\n<p>&#8211; Quanto maior a vaz\u00e3o, melhor a filtragem, circula\u00e7\u00e3o, oxigena\u00e7\u00e3o da \u00e1gua e consequentemente melhor a qualidade da \u00e1gua.<\/p>\n<p>RECOMENDA\u00c7\u00d5ES:<br \/>Se a tomada estiver abaixo do n\u00edvel da bomba, fa\u00e7a uma curva no cabo para prevenir que a \u00e1gua escorra pelo o cabo e molhe a tomada, ocasionando um curto circuito.<\/p>\n<p>INSTRU\u00c7\u00d5ES:<br \/>1. Assegure-se que todas as pe\u00e7as est\u00e3o na embalagem;<br \/>2. Sempre conecte a bomba ao controlador antes de conectar o controlador na rede el\u00e9trica;<br \/>3. Inspecione a bomba e as pe\u00e7as para certificar-se que todas est\u00e3o em perfeitas condi\u00e7\u00f5es;<br \/>4. Encontre um local apropriado no aqu\u00e1rio\/lago (um lugar firme, longe de areia e\/ou detritos que possam ser sugados e obstruir e\/ou danificar o impeller;<br \/>5. Mantenha a bomba totalmente submersa.<\/p>\n<p>MANUTEN\u00c7\u00c3O:<br \/>1- Inspecione o impeller periodicamente para evitar obstru\u00e7\u00f5es e desgaste prematuro;<br \/>2- Limpe a bomba com \u00e1gua e um pincel para remover res\u00edduos acumulados;<br \/>3- Substitua qualquer pe\u00e7a danificada apenas por pe\u00e7as originais;<br \/>4- Desconecte da tomada antes de qualquer manuten\u00e7\u00e3o.<\/p>\n<p>CUIDADOS:<br \/>1- Desligue a bomba antes de manusear;<br \/>2- N\u00e3o ligue a bomba fora da \u00e1gua;<br \/>3- N\u00e3o levante a bomba pelo fio para n\u00e3o romper o cabo internamente;<br \/>4- N\u00e3o use em l\u00edquidos quentes (acima de 40\u00ba);<br \/>5- Mantenha a bomba totalmente submersa quando em uso;<br \/>6- A bomba desligar\u00e1 dentro de 2 minutos em caso de falta de \u00e1gua.<\/p>\n<h4>Filtro UV 18W 110v<\/h4>\n<p>O Filtro UV Ocean Tech \u00e9 um sistema de esteriliza\u00e7\u00e3o UV com design altamente eficiente e compacto.<\/p>\n<p>Erradica eficazmente organismos prejudiciais \u00e0 sa\u00fade dos peixes e elimina a apar\u00eancia esverdeada da \u00e1gua, resultante do excesso de algas.<\/p>\n<p>O Filtro UV Ocean Tech \u00e9 recomendado para uso em aqu\u00e1rios de \u00e1gua doce e salgada, lagos e fontes.<\/p>\n<p>Pode-se conect\u00e1-lo a uma bomba submersa ou tamb\u00e9m a um filtro Canister.<\/p>\n<p>=======================================================================<\/p>\n<p>ACOMPANHA:<\/p>\n<p>* L\u00e2mpada UV com luva (tubo) de quartzo de alt\u00edssima transpar\u00eancia.<\/p>\n<p>* Conex\u00f5es compat\u00edveis com diferentes di\u00e2metros de mangueira.<\/p>\n<p>* Cabo de Alimenta\u00e7\u00e3o: 4,8 m.<\/p>\n<p>* Suporte duplo para fixa\u00e7\u00e3o do filtro UV.<\/p>\n<p>* Manual em portugu\u00eas.<\/p>\n<p>=======================================================================<\/p>\n<p>CUIDADOS:<\/p>\n<p>1- Jamais ligue o filtro sem \u00e1gua, para n\u00e3o queimar a l\u00e2mpada.<\/p>\n<p>2- A l\u00e2mpada emite radia\u00e7\u00e3o ultravioleta e \u00e9 prejudicial para a pele e para os olhos. Desligue o esterilizador antes de efetuar a manuten\u00e7\u00e3o.<\/p>\n<p>\u00a0<\/p>\n<p>IMAGENS ILUSTRATIVAS<\/p>","protected":false},"excerpt":{"rendered":"<p>Kit Ocean Tech Bomba 9000l\/h Ac-9000 + Filtro UV 18W 110v Ocean Tech Bomba 9000l\/h Ac-9000 Bomba Submersa 9.000 Lt\/h OCEANTECH \u00e9 ideal para Projetos de Lagos, Fontes e Aqu\u00e1rios. Possui CONTROLE ELETR\u00d4NICO de Fluxo \/ Vaz\u00e3o e BOT\u00c3O FEED &#8211; Desliga a Bomba por 5 Minutos para Alimenta\u00e7\u00e3o dos Peixes. A import\u00e2ncia de um [&hellip;]<\/p>\n","protected":false},"featured_media":2265,"comment_status":"open","ping_status":"closed","template":"","meta":{"googlesitekit_rrm_CAow0N7NCw:productID":"","content-type":"","pmpro_default_level":"","_themeisle_gutenberg_block_has_review":false},"product_brand":[],"product_cat":[58],"product_tag":[],"class_list":{"0":"post-2269","1":"product","2":"type-product","3":"status-publish","4":"has-post-thumbnail","6":"product_cat-bombas","7":"aux-has-gallery","8":"pmpro-has-access","10":"first","11":"outofstock","12":"sale","13":"taxable","14":"shipping-taxable","15":"purchasable","16":"product-type-variable"},"_links":{"self":[{"href":"https:\/\/dinhosreef.com\/en\/wp-json\/wp\/v2\/product\/2269","targetHints":{"allow":["GET"]}}],"collection":[{"href":"https:\/\/dinhosreef.com\/en\/wp-json\/wp\/v2\/product"}],"about":[{"href":"https:\/\/dinhosreef.com\/en\/wp-json\/wp\/v2\/types\/product"}],"replies":[{"embeddable":true,"href":"https:\/\/dinhosreef.com\/en\/wp-json\/wp\/v2\/comments?post=2269"}],"wp:featuredmedia":[{"embeddable":true,"href":"https:\/\/dinhosreef.com\/en\/wp-json\/wp\/v2\/media\/2265"}],"wp:attachment":[{"href":"https:\/\/dinhosreef.com\/en\/wp-json\/wp\/v2\/media?parent=2269"}],"wp:term":[{"taxonomy":"product_brand","embeddable":true,"href":"https:\/\/dinhosreef.com\/en\/wp-json\/wp\/v2\/product_brand?post=2269"},{"taxonomy":"product_cat","embeddable":true,"href":"https:\/\/dinhosreef.com\/en\/wp-json\/wp\/v2\/product_cat?post=2269"},{"taxonomy":"product_tag","embeddable":true,"href":"https:\/\/dinhosreef.com\/en\/wp-json\/wp\/v2\/product_tag?post=2269"}],"curies":[{"name":"wp","href":"https:\/\/api.w.org\/{rel}","templated":true}]}}