{"id":2277,"date":"2025-01-21T23:39:54","date_gmt":"2025-01-22T02:39:54","guid":{"rendered":"https:\/\/dinhosreef.com\/produto\/kit-ocean-tech-bomba-6000l-h-ac-6000-filtro-uv-13w\/"},"modified":"2025-10-01T11:05:00","modified_gmt":"2025-10-01T14:05:00","slug":"kit-ocean-tech-bomba-6000l-h-ac-6000-filtro-uv-13w","status":"publish","type":"product","link":"https:\/\/dinhosreef.com\/en\/product\/kit-ocean-tech-bomba-6000l-h-ac-6000-filtro-uv-13w\/","title":{"rendered":"Kit Ocean Tech Bomba 6000l\/h Ac-6000 + Filtro UV 13W"},"content":{"rendered":"<p>Descri\u00e7\u00e3o Bomba Submersa 6.000 Lt\/h. P\/ Lagos, Fontes E Aqu\u00e1rios. A bomba Aqua Flow AC Pump se destaca pela economia de energia e diversas funcionalidades que s\u00e3o extremamente \u00fateis. N\u00e3o \u00e9 de hoje que sabemos a import\u00e2ncia de um fluxo constante para uma boa filtragem, seja em aqu\u00e1rios ou lagos ornamentais, para isso precisamos ter uma bomba dur\u00e1vel, econ\u00f4mica e segura. A Ocean Tech tr\u00e1s at\u00e9 voc\u00ea tudo isso e um pouco mais com a sua linha ECO. O controlador eletr\u00f4nico de fluxo garante um controle total e adapta\u00e7\u00e3o a diferentes exig\u00eancias de cada projeto, al\u00e9m disso ele garante a possibilidade de substitui\u00e7\u00e3o de apenas parte do produto quando houver a necessidade. Principais vantagens *Motor e driver separados, permitindo uma instala\u00e7\u00e3o totalmente segura; *Chip inteligente, desliga a bomba no caso de falta de \u00e1gua ou obstru\u00e7\u00e3o; *Bomba AC\u2013 6.000 mil litros\/hora; *Eixo cer\u00e2mico resistente a corros\u00e3o, ultra silenciosa, dur\u00e1vel; *Baixo consumo (at\u00e9 65% de economia); *Para uso em \u00e1gua doce ou salgada. Toda a linha AC PUMP Ocean Tech se destaca pela economia de energia e pelas quatros funcionalidades que s\u00e3o extremamente \u00fateis. * A primeira \u00e9 o controle eletr\u00f4nico de vaz\u00e3o. Muitas pessoas ficam na d\u00favida sobre a vaz\u00e3o ideal, a vaz\u00e3o que o seu sistema suporta e a possibilidade de amplia\u00e7\u00e3o futura dos seus projetos. Com essa regulagem voc\u00ea pode usar uma bomba mais forte do que o necess\u00e1rio para o momento e regular a vaz\u00e3o ideal atrav\u00e9s do controlador eletr\u00f4nico,com o simples apertar de 1 bot\u00e3o, dispensando a necessidade de registros que \u201cestrangulam\u201d a bomba, fazendo com que ela trabalhe sobrecarregada. * A segunda \u00e9 o bot\u00e3o Feed. Quando pressionado ele interrompe o funcionamento da bomba por 5 minutos. Tempo suficiente para realizar pequenas manuten\u00e7\u00f5es no seu filtro ao alimentar os peixes sem que a comida seja sugada para o filtro. * A terceira \u00e9 uma das mais importantes, a fun\u00e7\u00e3o anti travamento. Caso algo grande bloqueie a rota\u00e7\u00e3o do impeller, esgotadas as tentativas de destravamento,o controlador interrompe o funcionamento, evitando que o seu equipamento seja danificado. * A quarta tamb\u00e9m \u00e9 uma fun\u00e7\u00e3o de seguran\u00e7a, a fun\u00e7\u00e3o anti secamento. No caso de secamento do compartimento onde a bomba est\u00e1 instalada, ap\u00f3s algumas tentativas de normaliza\u00e7\u00e3o do sistema, o controlador desativa o funcionamento, garantindo que o equipamento n\u00e3o exceda sua rota\u00e7\u00e3o m\u00e1xima, superaque\u00e7a e seja permanentemente danificado. Modelo: AC-6000 Pot\u00eancia: 55W Vaz\u00e3o M\u00ednima: 3.000L\/h Vaz\u00e3o M\u00e1x.: 6.000L\/h Coluna D&#8217;\u00e1gua: 3,6m Conex\u00f5es: 15|21|26mm Dimens\u00f5es (CxLxA): 21x9x12,5cm Cabo Energia:2m Cabo Controlador: 1,4m<\/p>","protected":false},"excerpt":{"rendered":"<p>Descri\u00e7\u00e3o Bomba Submersa 6.000 Lt\/h. P\/ Lagos, Fontes E Aqu\u00e1rios. A bomba Aqua Flow AC Pump se destaca pela economia de energia e diversas funcionalidades que s\u00e3o extremamente \u00fateis. N\u00e3o \u00e9 de hoje que sabemos a import\u00e2ncia de um fluxo constante para uma boa filtragem, seja em aqu\u00e1rios ou lagos ornamentais, para isso precisamos ter [&hellip;]<\/p>\n","protected":false},"featured_media":2273,"comment_status":"open","ping_status":"closed","template":"","meta":{"googlesitekit_rrm_CAow0N7NCw:productID":"","content-type":"","pmpro_default_level":"","_themeisle_gutenberg_block_has_review":false},"product_brand":[],"product_cat":[58],"product_tag":[],"class_list":{"0":"post-2277","1":"product","2":"type-product","3":"status-publish","4":"has-post-thumbnail","6":"product_cat-bombas","7":"aux-has-gallery","8":"pmpro-has-access","10":"first","11":"outofstock","12":"taxable","13":"shipping-taxable","14":"purchasable","15":"product-type-variable"},"_links":{"self":[{"href":"https:\/\/dinhosreef.com\/en\/wp-json\/wp\/v2\/product\/2277","targetHints":{"allow":["GET"]}}],"collection":[{"href":"https:\/\/dinhosreef.com\/en\/wp-json\/wp\/v2\/product"}],"about":[{"href":"https:\/\/dinhosreef.com\/en\/wp-json\/wp\/v2\/types\/product"}],"replies":[{"embeddable":true,"href":"https:\/\/dinhosreef.com\/en\/wp-json\/wp\/v2\/comments?post=2277"}],"wp:featuredmedia":[{"embeddable":true,"href":"https:\/\/dinhosreef.com\/en\/wp-json\/wp\/v2\/media\/2273"}],"wp:attachment":[{"href":"https:\/\/dinhosreef.com\/en\/wp-json\/wp\/v2\/media?parent=2277"}],"wp:term":[{"taxonomy":"product_brand","embeddable":true,"href":"https:\/\/dinhosreef.com\/en\/wp-json\/wp\/v2\/product_brand?post=2277"},{"taxonomy":"product_cat","embeddable":true,"href":"https:\/\/dinhosreef.com\/en\/wp-json\/wp\/v2\/product_cat?post=2277"},{"taxonomy":"product_tag","embeddable":true,"href":"https:\/\/dinhosreef.com\/en\/wp-json\/wp\/v2\/product_tag?post=2277"}],"curies":[{"name":"wp","href":"https:\/\/api.w.org\/{rel}","templated":true}]}}