{"id":2291,"date":"2025-01-21T23:40:49","date_gmt":"2025-01-22T02:40:49","guid":{"rendered":"https:\/\/dinhosreef.com\/produto\/kit-seachem-prime-stability-pristine-clarity-325ml\/"},"modified":"2026-05-07T14:48:43","modified_gmt":"2026-05-07T17:48:43","slug":"kit-seachem-prime-stability-pristine-clarity-325ml","status":"publish","type":"product","link":"https:\/\/dinhosreef.com\/en\/product\/kit-seachem-prime-stability-pristine-clarity-325ml\/","title":{"rendered":"Kit Seachem Prime + Stability + Pristine + Clarity  325ml"},"content":{"rendered":"<p>**Super Kit Seachem com Prime, Pristine, Stability e Clarity &#8211; Edi\u00e7\u00e3o Especial 325ml**<\/p>\n<p>**O que vem neste Kit:**<br \/>&#8211; 1 Seachem Prime 325 ml<br \/>&#8211; 1 Seachem Pristine 325 ml<br \/>&#8211; 1 Seachem Stability 325 ml<br \/>&#8211; 1 Seachem Clarity 325 ml<\/p>\n<p>**Descri\u00e7\u00e3o Detalhada:**<\/p>\n<p>**Seachem Prime:**<br \/>Prime \u00e9 um condicionador completo para aqu\u00e1rios de \u00e1gua doce e salgada. Remove cloramina, cloro e am\u00f4nia, al\u00e9m de desintoxicar nitrito e nitrato. Ideal para uso durante a ciclagem do tanque e em trocas de \u00e1gua, Prime garante uma \u00e1gua segura e saud\u00e1vel para seus peixes. \u00c9 altamente concentrado e trata eficientemente 200 litros com apenas 5 ml.<\/p>\n<p>**Seachem Clarity:**<br \/>Clarity \u00e9 um clarificante seguro para todos os tipos de aqu\u00e1rio, tanto de \u00e1gua doce quanto salgada. Utiliza um pol\u00edmero avan\u00e7ado que aglomera part\u00edculas suspensas na \u00e1gua, melhorando a claridade sem prejudicar plantas, peixes, corais ou invertebrados.<\/p>\n<p>**Seachem Stability:**<br \/>Stability \u00e9 um acelerador biol\u00f3gico que estabiliza rapidamente a filtragem biol\u00f3gica do aqu\u00e1rio. Formulado com uma combina\u00e7\u00e3o sin\u00e9rgica de bact\u00e9rias aer\u00f3bias, anaer\u00f3bias e facultativas, facilita a decomposi\u00e7\u00e3o de res\u00edduos org\u00e2nicos, am\u00f4nia, nitrito e nitrato. Ideal para prevenir a &#8220;s\u00edndrome do aqu\u00e1rio novo&#8221;, proporcionando um ambiente est\u00e1vel para seus peixes.<\/p>\n<p>**Seachem Pristine:**<br \/>Pristine utiliza bio-aumento para melhorar a qualidade da \u00e1gua de forma natural e n\u00e3o qu\u00edmica. As bact\u00e9rias presentes decomp\u00f5em alimentos em excesso, res\u00edduos e detritos em sistemas de \u00e1gua doce e marinhos. Reduz eficientemente am\u00f4nia, nitratos e nitritos, promovendo a claridade da \u00e1gua e a sa\u00fade geral dos habitantes do aqu\u00e1rio.<\/p>\n<p>**Atributos do Produto:**<br \/>&#8211; Marca: Seachem<br \/>&#8211; Modelo: Prime 325ml + Pristine 325ml + Stability 325ml + Clarity 325ml<br \/>&#8211; Tipo de Pet: Peixes<br \/>&#8211; Tipo de \u00c1gua: Doce e Salgada<br \/>&#8211; Volume L\u00edquido do Produto: 1,3 litros no total<br \/>&#8211; Produtos Originais com Nota Fiscal<\/p>\n<p>**D\u00favidas e Suporte:**<br \/>Estamos \u00e0 disposi\u00e7\u00e3o para esclarecer qualquer d\u00favida que voc\u00ea tenha sobre nossos produtos. Garanta o melhor para seus peixes com o Super Kit Seachem, desenvolvido para oferecer m\u00e1xima qualidade e seguran\u00e7a ao ambiente aqu\u00e1tico.<\/p>","protected":false},"excerpt":{"rendered":"<p>**Super Kit Seachem com Prime, Pristine, Stability e Clarity &#8211; Edi\u00e7\u00e3o Especial 325ml** **O que vem neste Kit:**&#8211; 1 Seachem Prime 325 ml&#8211; 1 Seachem Pristine 325 ml&#8211; 1 Seachem Stability 325 ml&#8211; 1 Seachem Clarity 325 ml **Descri\u00e7\u00e3o Detalhada:** **Seachem Prime:**Prime \u00e9 um condicionador completo para aqu\u00e1rios de \u00e1gua doce e salgada. Remove cloramina, [&hellip;]<\/p>\n","protected":false},"featured_media":2282,"comment_status":"open","ping_status":"closed","template":"","meta":{"googlesitekit_rrm_CAow0N7NCw:productID":"","content-type":"","pmpro_default_level":"","_themeisle_gutenberg_block_has_review":false},"product_brand":[402],"product_cat":[31],"product_tag":[],"class_list":{"0":"post-2291","1":"product","2":"type-product","3":"status-publish","4":"has-post-thumbnail","6":"product_brand-seachem","7":"product_cat-materiais-filtrantes","8":"aux-has-gallery","9":"pmpro-has-access","11":"first","12":"outofstock","13":"taxable","14":"shipping-taxable","15":"purchasable","16":"product-type-simple"},"_links":{"self":[{"href":"https:\/\/dinhosreef.com\/en\/wp-json\/wp\/v2\/product\/2291","targetHints":{"allow":["GET"]}}],"collection":[{"href":"https:\/\/dinhosreef.com\/en\/wp-json\/wp\/v2\/product"}],"about":[{"href":"https:\/\/dinhosreef.com\/en\/wp-json\/wp\/v2\/types\/product"}],"replies":[{"embeddable":true,"href":"https:\/\/dinhosreef.com\/en\/wp-json\/wp\/v2\/comments?post=2291"}],"wp:featuredmedia":[{"embeddable":true,"href":"https:\/\/dinhosreef.com\/en\/wp-json\/wp\/v2\/media\/2282"}],"wp:attachment":[{"href":"https:\/\/dinhosreef.com\/en\/wp-json\/wp\/v2\/media?parent=2291"}],"wp:term":[{"taxonomy":"product_brand","embeddable":true,"href":"https:\/\/dinhosreef.com\/en\/wp-json\/wp\/v2\/product_brand?post=2291"},{"taxonomy":"product_cat","embeddable":true,"href":"https:\/\/dinhosreef.com\/en\/wp-json\/wp\/v2\/product_cat?post=2291"},{"taxonomy":"product_tag","embeddable":true,"href":"https:\/\/dinhosreef.com\/en\/wp-json\/wp\/v2\/product_tag?post=2291"}],"curies":[{"name":"wp","href":"https:\/\/api.w.org\/{rel}","templated":true}]}}