{"id":2300,"date":"2025-01-21T23:41:22","date_gmt":"2025-01-22T02:41:22","guid":{"rendered":"https:\/\/dinhosreef.com\/produto\/kit-seachem-325ml-prime-stability-e-pristine\/"},"modified":"2026-04-18T18:23:51","modified_gmt":"2026-04-18T21:23:51","slug":"kit-seachem-325ml-prime-stability-e-pristine","status":"publish","type":"product","link":"https:\/\/dinhosreef.com\/en\/product\/kit-seachem-325ml-prime-stability-e-pristine\/","title":{"rendered":"Kit Seachem 325ml Prime, Stability E Pristine"},"content":{"rendered":"<p>**Kit Seachem Prime + Stability + Pristine &#8211; Tratamento Completo para Aqu\u00e1rios**<\/p>\n<p>**Principais Caracter\u00edsticas:**<br \/>I &#8211; Kit promocional com 30% de b\u00f4nus: Prime + Stability + Pristine em embalagem especial.<br \/>II &#8211; Seachem Stability \u00e9 resultado de quase uma d\u00e9cada de pesquisa em acelera\u00e7\u00e3o biol\u00f3gica de aqu\u00e1rios.<br \/>III &#8211; Cont\u00e9m uma mistura sin\u00e9rgica de bact\u00e9rias aer\u00f3bias, anaer\u00f3bias e facultativas para decompor res\u00edduos org\u00e2nicos, am\u00f4nia, nitrito e nitrato.<br \/>IV &#8211; Estabelece rapidamente a biologia do aqu\u00e1rio novo de forma segura.<br \/>V &#8211; Previne a &#8220;s\u00edndrome do aqu\u00e1rio novo&#8221;, que pode ser fatal para os peixes.<br \/>VI &#8211; Seachem Prime \u00e9 um condicionador completo e concentrado para \u00e1gua doce e salgada.<br \/>VII &#8211; Remove cloro, cloramina, am\u00f4nia, nitrito e nitrato.<br \/>VIII &#8211; Desintoxica metais pesados da \u00e1gua da torneira.<br \/>IX &#8211; \u00c9 5 vezes mais concentrado que produtos concorrentes.<br \/>X &#8211; Trata 200 litros de \u00e1gua com apenas 5ml de Prime.<br \/>XI &#8211; Elimina lodo, detritos e membranas oleosas da superf\u00edcie da \u00e1gua.<br \/>XII &#8211; Seachem Pristine processa naturalmente res\u00edduos org\u00e2nicos prejudiciais aos habitantes do aqu\u00e1rio.<br \/>XIII &#8211; Ajuda a aumentar a clareza da \u00e1gua em aqu\u00e1rios de \u00e1gua doce e salgada.<\/p>\n<p>**Descri\u00e7\u00e3o:**<br \/>O Seachem Prime \u00e9 um condicionador altamente concentrado para \u00e1gua doce e salgada, que remove cloro, cloramina e neutraliza a am\u00f4nia t\u00f3xica. Durante a montagem do aqu\u00e1rio, ele ajuda a atenuar a toxicidade inicial da am\u00f4nia e nitrito.<\/p>\n<p>O Seachem Stability \u00e9 um acelerador biol\u00f3gico que utiliza uma combina\u00e7\u00e3o \u00fanica de bact\u00e9rias para estabelecer rapidamente a filtragem biol\u00f3gica do aqu\u00e1rio, prevenindo problemas como a &#8220;s\u00edndrome do aqu\u00e1rio novo&#8221;.<\/p>\n<p>O Seachem Pristine \u00e9 um bioaumento natural que melhora a qualidade da \u00e1gua, reduzindo nutrientes em excesso e decompondo res\u00edduos org\u00e2nicos em aqu\u00e1rios de \u00e1gua doce e marinhos.<\/p>\n<p>**Especifica\u00e7\u00f5es T\u00e9cnicas:**<br \/>&#8211; **Marca:** Seachem<br \/>&#8211; **Modelo:** Prime 325ml + Stability 325ml + Pristine 325ml<br \/>&#8211; **Tipo de Pet:** Peixes<br \/>&#8211; **Tipo de \u00c1gua:** Doce e Salgada<br \/>&#8211; **Volume L\u00edquido do Produto:** 0,975 litros<br \/>&#8211; **Rendimento:** 5ml de Pristine para 80 litros de \u00e1gua | 5ml de Stability para 80 litros de \u00e1gua | 5ml de Prime para 200 litros de \u00e1gua<\/p>\n<p>**Conte\u00fado da Embalagem:**<br \/>&#8211; 01x Seachem Prime 325ml<br \/>&#8211; 01x Seachem Stability 325ml<br \/>&#8211; 01x Seachem Pristine 325ml<\/p>\n<p>Com o Kit Seachem Prime + Stability + Pristine, voc\u00ea garante um ambiente saud\u00e1vel e seguro para seus peixes, desde a montagem inicial at\u00e9 a manuten\u00e7\u00e3o di\u00e1ria do aqu\u00e1rio. Aproveite a promo\u00e7\u00e3o com b\u00f4nus exclusivo e proporcione o melhor cuidado para seus animais aqu\u00e1ticos.<\/p>","protected":false},"excerpt":{"rendered":"<p>**Kit Seachem Prime + Stability + Pristine &#8211; Tratamento Completo para Aqu\u00e1rios** **Principais Caracter\u00edsticas:**I &#8211; Kit promocional com 30% de b\u00f4nus: Prime + Stability + Pristine em embalagem especial.II &#8211; Seachem Stability \u00e9 resultado de quase uma d\u00e9cada de pesquisa em acelera\u00e7\u00e3o biol\u00f3gica de aqu\u00e1rios.III &#8211; Cont\u00e9m uma mistura sin\u00e9rgica de bact\u00e9rias aer\u00f3bias, anaer\u00f3bias e [&hellip;]<\/p>\n","protected":false},"featured_media":2292,"comment_status":"open","ping_status":"closed","template":"","meta":{"googlesitekit_rrm_CAow0N7NCw:productID":"","content-type":"","pmpro_default_level":"","_themeisle_gutenberg_block_has_review":false},"product_brand":[402],"product_cat":[31],"product_tag":[],"class_list":{"0":"post-2300","1":"product","2":"type-product","3":"status-publish","4":"has-post-thumbnail","6":"product_brand-seachem","7":"product_cat-materiais-filtrantes","8":"aux-has-gallery","9":"pmpro-has-access","11":"first","12":"outofstock","13":"taxable","14":"shipping-taxable","15":"purchasable","16":"product-type-simple"},"_links":{"self":[{"href":"https:\/\/dinhosreef.com\/en\/wp-json\/wp\/v2\/product\/2300","targetHints":{"allow":["GET"]}}],"collection":[{"href":"https:\/\/dinhosreef.com\/en\/wp-json\/wp\/v2\/product"}],"about":[{"href":"https:\/\/dinhosreef.com\/en\/wp-json\/wp\/v2\/types\/product"}],"replies":[{"embeddable":true,"href":"https:\/\/dinhosreef.com\/en\/wp-json\/wp\/v2\/comments?post=2300"}],"wp:featuredmedia":[{"embeddable":true,"href":"https:\/\/dinhosreef.com\/en\/wp-json\/wp\/v2\/media\/2292"}],"wp:attachment":[{"href":"https:\/\/dinhosreef.com\/en\/wp-json\/wp\/v2\/media?parent=2300"}],"wp:term":[{"taxonomy":"product_brand","embeddable":true,"href":"https:\/\/dinhosreef.com\/en\/wp-json\/wp\/v2\/product_brand?post=2300"},{"taxonomy":"product_cat","embeddable":true,"href":"https:\/\/dinhosreef.com\/en\/wp-json\/wp\/v2\/product_cat?post=2300"},{"taxonomy":"product_tag","embeddable":true,"href":"https:\/\/dinhosreef.com\/en\/wp-json\/wp\/v2\/product_tag?post=2300"}],"curies":[{"name":"wp","href":"https:\/\/api.w.org\/{rel}","templated":true}]}}