{"id":2329,"date":"2025-01-21T23:45:32","date_gmt":"2025-01-22T02:45:32","guid":{"rendered":"https:\/\/dinhosreef.com\/produto\/kit-seachem-prime-325ml-seachem-stability-325ml\/"},"modified":"2026-04-18T18:23:41","modified_gmt":"2026-04-18T21:23:41","slug":"kit-seachem-prime-325ml-seachem-stability-325ml","status":"publish","type":"product","link":"https:\/\/dinhosreef.com\/en\/product\/kit-seachem-prime-325ml-seachem-stability-325ml\/","title":{"rendered":"Kit Seachem Prime 325ml + Seachem Stability 325ml"},"content":{"rendered":"<p>PRODUTO 100% ORIGINAL SEACHEM<br \/>&#8212;&#8212;&#8212;&#8212;&#8212;&#8212;&#8212;&#8212;&#8212;&#8212;&#8212;&#8212;&#8212;&#8212;&#8212;&#8212;&#8212;&#8212;&#8212;&#8212;&#8212;&#8212;&#8212;&#8212;&#8212;&#8212;&#8212;&#8212;&#8212;&#8212;&#8212;&#8212;&#8212;&#8212;&#8212;<\/p>\n<p>Kit Seachem Prime 325ml + Seachem Stability 325ml<\/p>\n<p>COMPOSI\u00c7\u00c3O KIT<br \/>01x Seachem Prime de 325ml Save the Rhino (250ml + 25% B\u00f4nus)<br \/>01x Seachem Stability de 325ml Save the Rhino (250ml + 25% B\u00f4nus)<\/p>\n<p>DESCRI\u00c7\u00c3O SEACHEM PRIME<br \/>Seachem Prime \u00e9 o mais completo e concentrado condicionador para aqu\u00e1rios de \u00e1gua doce e salgada. Prime remove o cloro, cloramina e desintoxica am\u00f4nia. Seachem Prime converte am\u00f4nia em uma forma segura, n\u00e3o-t\u00f3xica, que \u00e9 prontamente removida pela filtragem biol\u00f3gica do aqu\u00e1rio. Ele tamb\u00e9m pode ser utilizado durante a ciclagem do aqu\u00e1rio &#8211; cria\u00e7\u00e3o inicial da biologia do aqu\u00e1rio &#8211; para desintoxicar am\u00f4nia e nitrito.<\/p>\n<p>Seachem Prime desintoxica nitrito e nitrato, permitindo que seja removido de forma mais eficiente pela filtragem biol\u00f3gica. Al\u00e9m de eliminar metais pesados encontrados na \u00e1gua da torneira em n\u00edveis de concentra\u00e7\u00e3o prejudiciais para os habitantes do aqu\u00e1rio.<\/p>\n<p>Seachem Prime n\u00e3o \u00e9 \u00e1cido e n\u00e3o ter\u00e1 impacto sobre o pH. Prime n\u00e3o interfere no funcionamento dos skimmers. Use desde a montagem do aqu\u00e1rio e sempre que adicionar ou trocar a \u00e1gua (TPAs).<\/p>\n<p>Durante o transporte ou a quarentena de peixe, use Seachem StressGuard. Ao adicionar novos peixes, use Stability . Ambos s\u00e3o ideais para utiliza\u00e7\u00e3o junto com Prime.<\/p>\n<p>Quase todas as empresas fabricam um produto que remove o cloro. Nenhuma delas, no entanto, pode -se comparar em qualidade, concentra\u00e7\u00e3o ou efic\u00e1cia ao principal produto da Seachem: o Prime. Prime \u00e9 o segundo anti-cloro mais concentrado no mercado, ficando atr\u00e1s somente do nosso Seachem Aquavitro Alfa. Um \u00fanico frasco de 100 ml trata 1.000 gal\u00f5es de \u00e1gua da torneira. Prime ir\u00e1 remover tanto cloro quanto cloramina desta \u00e1gua.<\/p>\n<p>Prime tamb\u00e9m cont\u00e9m um componente que torna a am\u00f4nia, o nitrito e o nitrato em n\u00e3o-t\u00f3xicos. \u00c9 muito importante entender como essas duas fun\u00e7\u00f5es trabalham juntas. O anti-cloro opera atrav\u00e9s de um processo qu\u00edmico conhecido como redu\u00e7\u00e3o. Neste processo, o g\u00e1s dissolvido t\u00f3xico de cloro (Cl 2 ) \u00e9 convertido em cloreto n\u00e3o-t\u00f3xicos (Cl-). O processo de redu\u00e7\u00e3o tamb\u00e9m rompe as liga\u00e7\u00f5es entre o cloro e nitrog\u00eanio, \u00e1tomos da mol\u00e9cula cloramina (NH 2 Cl), libertando os \u00e1tomos de cloro e substituindo por hidrog\u00eanio (H) para criar am\u00f4nia (NH 3 ).<\/p>\n<p>Normalmente, todos os anti-cloro param por a\u00ed, deixando um aqu\u00e1rio cheio de am\u00f4nia t\u00f3xica! Seachem levou ao pr\u00f3ximo passo, e incluiu na f\u00f3rmula do Prime um composto para desintoxicar a am\u00f4nia produzido no processo de redu\u00e7\u00e3o.<\/p>\n<p>Tenha muito cuidado ao comprar condicionadores de \u00e1gua. Se a sua cidade inclui cloramina no abastecimento de \u00e1gua, um anti-cloro tiossulfato de s\u00f3dio padr\u00e3o n\u00e3o \u00e9 suficiente. Prime promove a produ\u00e7\u00e3o natural e restaura\u00e7\u00e3o do muco dos peixes. Um outro b\u00f4nus para os aquaristas marinhos: Prime n\u00e3o interfere no funcionamento dos skimmers.<\/p>\n<p>Modo de Usar<br \/>Utilize 1 tampinha (5 mL) para cada 200 L (50 gal\u00f5es) de \u00e1gua nova. Para volumes menores, observe que cada marca\u00e7\u00e3o na tampa corresponde a cerca de 1 mL. Prime pode ser adicionado ao aqu\u00e1rio diretamente, mas \u00e9 melhor se adicionado a nova \u00e1gua primeiro. Se adicionando diretamente ao aqu\u00e1rio, dose de acordo com o volume do aqu\u00e1rio. O odor de enxofre \u00e9 normal. Para concentra\u00e7\u00f5es excepcionalmente elevadas de cloramina, uma dose dupla pode ser usada com seguran\u00e7a. Para desintoxicar o nitrito em caso de emerg\u00eancia, pode ser usada at\u00e9 5 vezes a dose normal. Se a temperatura estiver &gt; 30\u00b0C (86\u00b0 F) os n\u00edveis de cloro e de am\u00f4nia s\u00e3o baixos, portanto pode-se utilizar meia dose.<\/p>\n<p>DESCRI\u00c7\u00c3O SEACHEM STABILITY<br \/>Seachem Stability \u00e9 um acelerador e estabilizador de filtragem biol\u00f3gica para aqu\u00e1rios.<\/p>\n<p>&#8211; Stability ir\u00e1 rapidamente e de forma segura estabelecer a filtragem biol\u00f3gica nos aqu\u00e1rios de \u00e1gua doce e salgada, prevenindo desse modo a causa n\u00ba 1 da morte dos peixes, a sindrome do &#8220;aqu\u00e1rio novo&#8221;;<br \/>&#8211; Stability \u00e9 formulado especialmente para aqu\u00e1rios;<br \/>&#8211; Cont\u00e9m uma mistura perfeita de bact\u00e9rias aer\u00f3bicas e facultativas que fazem a degrada\u00e7\u00e3o dos dejetos org\u00e2nicos, am\u00f4nia e nitrito presentes na \u00e1gua &#8211; compostos t\u00f3xicos para os peixes e invertebrados;<br \/>&#8211; Ao contr\u00e1rio de outros produtos similares, Seachem Stability n\u00e3o produz enxofre e nem sulfato de hidrog\u00eaneo que s\u00e3o t\u00f3xicos para os habitantes do aqu\u00e1rio;<br \/>&#8211; Seachem Stability \u00e9 completamente seguro para todos organismos aqu\u00e1ticos, bem como plantas aqu\u00e1ticas, portanto, n\u00e3o h\u00e1 nenhum perigo de us\u00e1-lo em excesso no aqu\u00e1rio;<br \/>&#8211; Seachem Stability \u00e9 o resultado de mais de uma d\u00e9cada de pesquisa biotecnol\u00f3gica e seu desenvolvimento representa o mais atual modelo de ger\u00eancia biol\u00f3gica natural.<\/p>\n<p>Modo de Usar<br \/>Agite antes de usar. Desligue UV\/Oz\u00f4nio. Use 1 tampinha (5mL) para cada 40L no primeiro dia da montagem do novo aqu\u00e1rio. Em seguida, use 1 tampinha para cada 80L por dia durante 7 dias. Peixe e outras esp\u00e9cies aqu\u00e1ticas podem ser introduzidos a qualquer momento desde que a dosagem seja mantida por 7 dias. Para o desempenho ideal do biofiltro, use 1 tampa para cada 80 L uma vez por m\u00eas ou a cada TPA (troca parcial de \u00e1gua).<\/p>","protected":false},"excerpt":{"rendered":"<p>PRODUTO 100% ORIGINAL SEACHEM&#8212;&#8212;&#8212;&#8212;&#8212;&#8212;&#8212;&#8212;&#8212;&#8212;&#8212;&#8212;&#8212;&#8212;&#8212;&#8212;&#8212;&#8212;&#8212;&#8212;&#8212;&#8212;&#8212;&#8212;&#8212;&#8212;&#8212;&#8212;&#8212;&#8212;&#8212;&#8212;&#8212;&#8212;&#8212; Kit Seachem Prime 325ml + Seachem Stability 325ml COMPOSI\u00c7\u00c3O KIT01x Seachem Prime de 325ml Save the Rhino (250ml + 25% B\u00f4nus)01x Seachem Stability de 325ml Save the Rhino (250ml + 25% B\u00f4nus) DESCRI\u00c7\u00c3O SEACHEM PRIMESeachem Prime \u00e9 o mais completo e concentrado condicionador para aqu\u00e1rios de \u00e1gua doce e salgada. Prime [&hellip;]<\/p>\n","protected":false},"featured_media":2328,"comment_status":"open","ping_status":"closed","template":"","meta":{"googlesitekit_rrm_CAow0N7NCw:productID":"","content-type":"","pmpro_default_level":"","_themeisle_gutenberg_block_has_review":false},"product_brand":[402],"product_cat":[31],"product_tag":[],"class_list":{"0":"post-2329","1":"product","2":"type-product","3":"status-publish","4":"has-post-thumbnail","6":"product_brand-seachem","7":"product_cat-materiais-filtrantes","8":"pmpro-has-access","10":"first","11":"outofstock","12":"taxable","13":"shipping-taxable","14":"purchasable","15":"product-type-simple"},"_links":{"self":[{"href":"https:\/\/dinhosreef.com\/en\/wp-json\/wp\/v2\/product\/2329","targetHints":{"allow":["GET"]}}],"collection":[{"href":"https:\/\/dinhosreef.com\/en\/wp-json\/wp\/v2\/product"}],"about":[{"href":"https:\/\/dinhosreef.com\/en\/wp-json\/wp\/v2\/types\/product"}],"replies":[{"embeddable":true,"href":"https:\/\/dinhosreef.com\/en\/wp-json\/wp\/v2\/comments?post=2329"}],"wp:featuredmedia":[{"embeddable":true,"href":"https:\/\/dinhosreef.com\/en\/wp-json\/wp\/v2\/media\/2328"}],"wp:attachment":[{"href":"https:\/\/dinhosreef.com\/en\/wp-json\/wp\/v2\/media?parent=2329"}],"wp:term":[{"taxonomy":"product_brand","embeddable":true,"href":"https:\/\/dinhosreef.com\/en\/wp-json\/wp\/v2\/product_brand?post=2329"},{"taxonomy":"product_cat","embeddable":true,"href":"https:\/\/dinhosreef.com\/en\/wp-json\/wp\/v2\/product_cat?post=2329"},{"taxonomy":"product_tag","embeddable":true,"href":"https:\/\/dinhosreef.com\/en\/wp-json\/wp\/v2\/product_tag?post=2329"}],"curies":[{"name":"wp","href":"https:\/\/api.w.org\/{rel}","templated":true}]}}