{"id":2345,"date":"2025-01-21T23:48:41","date_gmt":"2025-01-22T02:48:41","guid":{"rendered":"https:\/\/dinhosreef.com\/produto\/teste-red-sea-reef-multi-test-kit-reef-foundation-pro-ca-kh-mg\/"},"modified":"2025-07-01T15:06:36","modified_gmt":"2025-07-01T18:06:36","slug":"teste-red-sea-reef-multi-test-kit-reef-foundation-pro-ca-kh-mg","status":"publish","type":"product","link":"https:\/\/dinhosreef.com\/en\/product\/teste-red-sea-reef-multi-test-kit-reef-foundation-pro-ca-kh-mg\/","title":{"rendered":"TESTE RED SEA REEF MULTI TEST KIT REEF FOUNDATION PRO (CA\/KH\/MG)"},"content":{"rendered":"<p>O Teste RED SEA Reef Foundation Pro Multitest Kit \u2013 Ca\/KH\/Mg \u00e9 uma solu\u00e7\u00e3o completa para monitorar e manter a sa\u00fade ideal do seu aqu\u00e1rio de recife de coral. Este kit inclui testes titulom\u00e9tricos que oferecem medi\u00e7\u00f5es precisas dos elementos essenciais: C\u00e1lcio, Magn\u00e9sio e KH (Alcalinidade), fundamentais para o crescimento e a vitalidade dos corais.<\/p>\n<p>Cada elemento \u00e9 crucial e deve estar presente em uma propor\u00e7\u00e3o equilibrada para garantir um ambiente saud\u00e1vel para os corais. Este kit faz parte do abrangente Red Sea Reef Care Program (RCP), desenvolvido para simplificar e otimizar os cuidados com o seu aqu\u00e1rio.<\/p>\n<p>O Teste RED SEA Reef Foundation Pro Multitest Kit \u2013 Ca\/KH\/Mg cont\u00e9m:<\/p>\n<p>&#8211; Caixa de pl\u00e1stico resistente a luz e produtos qu\u00edmicos para armazenamento seguro;<br \/>&#8211; Titulador de alta precis\u00e3o, projetado para uso conveniente com uma \u00fanica m\u00e3o;<br \/>&#8211; Colher medidora para dosagem precisa dos reagentes;<br \/>&#8211; 01 seringa graduada de 10mL e 03 seringas graduadas de 1mL para facilitar as medidas;<br \/>&#8211; 03 frascos de vidro de grau anal\u00edtico para prepara\u00e7\u00e3o das amostras;<br \/>&#8211; 07 reagentes para realizar at\u00e9 75 testes titulom\u00e9tricos de cada elemento;<br \/>&#8211; 03 guias ilustrados passo a passo com comparadores de cor para uma an\u00e1lise f\u00e1cil e r\u00e1pida;<br \/>&#8211; Manual de instru\u00e7\u00f5es em portugu\u00eas para garantir o uso correto e eficaz do kit.<\/p>\n<p>Sobre a Marca:<\/p>\n<p>A Red Sea \u00e9 reconhecida mundialmente pela sua excel\u00eancia em qualidade e inova\u00e7\u00e3o. H\u00e1 mais de 25 anos, a marca tem se dedicado a oferecer solu\u00e7\u00f5es completas para aquaristas, especialmente aqueles que mant\u00eam aqu\u00e1rios marinhos e recifes de coral. Gra\u00e7as ao compromisso cont\u00ednuo com a pesquisa e o desenvolvimento, a Red Sea tem sido pioneira em avan\u00e7os significativos na manuten\u00e7\u00e3o de recifes de coral, tornando a pr\u00e1tica mais acess\u00edvel e bem-sucedida para uma ampla gama de entusiastas, desde iniciantes at\u00e9 experts.<\/p>\n<p>Uso: Este kit \u00e9 ideal para aqu\u00e1rios marinhos, recifes de coral, aqu\u00e1rios plantados, aquapaisagismo, estudos biol\u00f3gicos, universidades e qualquer outra aplica\u00e7\u00e3o que exija monitoramento preciso dos par\u00e2metros da \u00e1gua.<\/p>\n<p>Dimens\u00f5es da Embalagem:<br \/>14&#215;7,5&#215;16,5cm<br \/>Peso: 760g<\/p>\n<p>Com o Teste RED SEA Reef Foundation Pro Multitest Kit \u2013 Ca\/KH\/Mg, voc\u00ea ter\u00e1 a confian\u00e7a de que seu aqu\u00e1rio est\u00e1 recebendo os cuidados necess\u00e1rios para prosperar e manter a vida marinha saud\u00e1vel e vibrante.<\/p>","protected":false},"excerpt":{"rendered":"<p>O Teste RED SEA Reef Foundation Pro Multitest Kit \u2013 Ca\/KH\/Mg \u00e9 uma solu\u00e7\u00e3o completa para monitorar e manter a sa\u00fade ideal do seu aqu\u00e1rio de recife de coral. Este kit inclui testes titulom\u00e9tricos que oferecem medi\u00e7\u00f5es precisas dos elementos essenciais: C\u00e1lcio, Magn\u00e9sio e KH (Alcalinidade), fundamentais para o crescimento e a vitalidade dos corais. [&hellip;]<\/p>\n","protected":false},"featured_media":2792,"comment_status":"open","ping_status":"closed","template":"","meta":{"googlesitekit_rrm_CAow0N7NCw:productID":"","content-type":"","pmpro_default_level":"","_themeisle_gutenberg_block_has_review":false},"product_brand":[],"product_cat":[47],"product_tag":[],"class_list":{"0":"post-2345","1":"product","2":"type-product","3":"status-publish","4":"has-post-thumbnail","6":"product_cat-condicionadores-de-agua","7":"aux-has-gallery","8":"pmpro-has-access","10":"first","11":"instock","12":"taxable","13":"shipping-taxable","14":"purchasable","15":"product-type-simple"},"_links":{"self":[{"href":"https:\/\/dinhosreef.com\/en\/wp-json\/wp\/v2\/product\/2345","targetHints":{"allow":["GET"]}}],"collection":[{"href":"https:\/\/dinhosreef.com\/en\/wp-json\/wp\/v2\/product"}],"about":[{"href":"https:\/\/dinhosreef.com\/en\/wp-json\/wp\/v2\/types\/product"}],"replies":[{"embeddable":true,"href":"https:\/\/dinhosreef.com\/en\/wp-json\/wp\/v2\/comments?post=2345"}],"wp:featuredmedia":[{"embeddable":true,"href":"https:\/\/dinhosreef.com\/en\/wp-json\/wp\/v2\/media\/2792"}],"wp:attachment":[{"href":"https:\/\/dinhosreef.com\/en\/wp-json\/wp\/v2\/media?parent=2345"}],"wp:term":[{"taxonomy":"product_brand","embeddable":true,"href":"https:\/\/dinhosreef.com\/en\/wp-json\/wp\/v2\/product_brand?post=2345"},{"taxonomy":"product_cat","embeddable":true,"href":"https:\/\/dinhosreef.com\/en\/wp-json\/wp\/v2\/product_cat?post=2345"},{"taxonomy":"product_tag","embeddable":true,"href":"https:\/\/dinhosreef.com\/en\/wp-json\/wp\/v2\/product_tag?post=2345"}],"curies":[{"name":"wp","href":"https:\/\/api.w.org\/{rel}","templated":true}]}}