{"id":2362,"date":"2025-01-28T19:19:02","date_gmt":"2025-01-28T22:19:02","guid":{"rendered":"https:\/\/dinhosreef.com\/produto\/pond-sticks-mixed-bag-800g-tropical\/"},"modified":"2025-07-02T02:06:52","modified_gmt":"2025-07-02T05:06:52","slug":"pond-sticks-mixed-bag-800g-tropical","status":"publish","type":"product","link":"https:\/\/dinhosreef.com\/en\/product\/pond-sticks-mixed-bag-800g-tropical\/","title":{"rendered":"POND STICKS MIXED &#8211; BAG 800G   &#8211;  TROPICAL"},"content":{"rendered":"<p>POND STICKS MIXED 10L 800g<br \/>\u00a0<br \/>&#8211; Descri\u00e7\u00e3o:\u00a0<br \/>A\u00a0Ra\u00e7\u00e3o de Carpas Pond Sticks Mixed\u00a0\u00e9 uma ra\u00e7\u00e3o que como o pr\u00f3prio nome j\u00e1 diz, \u00e9 composta com um Mix efetivo de v\u00e1rios tipos de vitaminas e minerais, balanceados e proporcionais, como por exemplo, Ferro, Zinco, Iodo, Sel\u00eanio e Cobalto,\u00a0minerais essenciais\u00a0para um excelente desenvolvimento de suas\u00a0Carpas e Kinguios de Estima\u00e7\u00e3o.<br \/>\u00a0<br \/>\u00a0<br \/>&#8211; Especifica\u00e7\u00e3o:\u00a0<br \/>Pond Sticks Mixed com baixo teor de f\u00f3sforo &#8211; n\u00e3o provoca a prolifera\u00e7\u00e3o de algas no lago. Pond Sticks Mixed \u00e9 uma ra\u00e7\u00e3o flutuante completo para Kois\/carpas, kinguios, e outros peixes ornamentais da fam\u00edlia dos Ciprin\u00eddeos mantidos em lagos de jardins. Este alimento fornece ao peixe uma dieta nutricionalmente correta e ao mesmo tempo real\u00e7a a sua cor vermelha e dourada.\u00a0<br \/>\u00a0<br \/>&#8211; Apresenta\u00e7\u00e3o:\u00a0<br \/>Com seu formato de bastonetes flutuantes\u00a0propicia uma f\u00e1cil coleta e digestibilidade, ajudando para que os v\u00e1rios tamanhos de carpas possam se alimentar igualmente sem maiores problemas.<br \/>\u00a0<br \/>\u00a0<br \/>&#8211; Indica\u00e7\u00e3o:\u00a0<br \/>Alimente seus peixes\u00a0com pequenas por\u00e7\u00f5es v\u00e1rias vezes ao dia.<br \/>\u00a0<br \/>\u00a0<br \/>-Ingredientes \/ Vitaminas:<br \/>Cereais, derivados de origem vegetal, peixe e derivados de peixe, extratos de prote\u00ednas vegetais, carne e subprodutos de carne (derivados de farinha de peixe), \u00f3leos e gordura, subst\u00e2ncias minerais. Cont\u00eam: Vitaminas, pr\u00f3-vitaminas, corantes e antioxidantes.<br \/>\u00a0<br \/>Vitamina A\u00a0\u00a0\u00a0\u00a0 12 000 IU\/kg<br \/>Vitamina D\u00a0\u00a0\u00a0\u00a0 31 500 IU\/kg<br \/>Vitamina E\u00a0\u00a0\u00a0\u00a0 80 mg\/kg<br \/>Vitamina C\u00a0\u00a0\u00a0\u00a0 50 mg\/kg<br \/>\u00a0<br \/>\u00a0<br \/>&#8211; N\u00edveis de Garantia<br \/>Mangan\u00eas\u00a0\u00a0\u00a0\u00a0\u00a0\u00a0\u00a0\u00a0\u00a0\u00a0\u00a0\u00a0\u00a0\u00a0 5,0 mg\/kg<br \/>Cobre\u00a0\u00a0\u00a0\u00a0\u00a0\u00a0\u00a0\u00a0\u00a0\u00a0\u00a0\u00a0\u00a0\u00a0\u00a0\u00a0\u00a0 1,2 mg\/kg<br \/>Iodo\u00a0\u00a0\u00a0\u00a0\u00a0\u00a0\u00a0\u00a0\u00a0\u00a0\u00a0\u00a0\u00a0\u00a0\u00a0\u00a0\u00a0\u00a0 0,15 mg\/kg<br \/>Sel\u00e9nio\u00a0\u00a0\u00a0\u00a0\u00a0\u00a0\u00a0\u00a0\u00a0\u00a0\u00a0\u00a0\u00a0\u00a0\u00a0 0,15 mg\/kg<br \/>Molibd\u00eanio\u00a0\u00a0\u00a0\u00a0\u00a0\u00a0\u00a0\u00a0\u00a0\u00a0\u00a0\u00a0 0,03 mg\/kg<br \/>Cobalto\u00a0\u00a0\u00a0\u00a0\u00a0\u00a0\u00a0\u00a0\u00a0\u00a0\u00a0\u00a0\u00a0\u00a0\u00a0 0,01 mg\/kg<br \/>Prote\u00edna bruta\u00a0\u00a0\u00a0\u00a0\u00a0\u00a0\u00a0\u00a0 23,0%<br \/>Mat\u00e9ria gorda bruta\u00a0\u00a0\u00a0 3,0%<br \/>Fibra bruta\u00a0\u00a0\u00a0\u00a0\u00a0\u00a0\u00a0\u00a0\u00a0\u00a0\u00a0 1,5%<br \/>Umidade\u00a0\u00a0\u00a0\u00a0\u00a0\u00a0\u00a0\u00a0\u00a0\u00a0\u00a0\u00a0\u00a0\u00a0\u00a0 8,0%<br \/>\u00a0<\/p>","protected":false},"excerpt":{"rendered":"<p>POND STICKS MIXED 10L 800g\u00a0&#8211; Descri\u00e7\u00e3o:\u00a0A\u00a0Ra\u00e7\u00e3o de Carpas Pond Sticks Mixed\u00a0\u00e9 uma ra\u00e7\u00e3o que como o pr\u00f3prio nome j\u00e1 diz, \u00e9 composta com um Mix efetivo de v\u00e1rios tipos de vitaminas e minerais, balanceados e proporcionais, como por exemplo, Ferro, Zinco, Iodo, Sel\u00eanio e Cobalto,\u00a0minerais essenciais\u00a0para um excelente desenvolvimento de suas\u00a0Carpas e Kinguios de Estima\u00e7\u00e3o.\u00a0\u00a0&#8211; [&hellip;]<\/p>\n","protected":false},"featured_media":2360,"comment_status":"open","ping_status":"closed","template":"","meta":{"googlesitekit_rrm_CAow0N7NCw:productID":"","content-type":"","pmpro_default_level":"","_themeisle_gutenberg_block_has_review":false},"product_brand":[],"product_cat":[57],"product_tag":[],"class_list":{"0":"post-2362","1":"product","2":"type-product","3":"status-publish","4":"has-post-thumbnail","6":"product_cat-alimentos","7":"aux-has-gallery","8":"pmpro-has-access","10":"first","11":"outofstock","12":"taxable","13":"shipping-taxable","14":"purchasable","15":"product-type-simple"},"_links":{"self":[{"href":"https:\/\/dinhosreef.com\/en\/wp-json\/wp\/v2\/product\/2362","targetHints":{"allow":["GET"]}}],"collection":[{"href":"https:\/\/dinhosreef.com\/en\/wp-json\/wp\/v2\/product"}],"about":[{"href":"https:\/\/dinhosreef.com\/en\/wp-json\/wp\/v2\/types\/product"}],"replies":[{"embeddable":true,"href":"https:\/\/dinhosreef.com\/en\/wp-json\/wp\/v2\/comments?post=2362"}],"wp:featuredmedia":[{"embeddable":true,"href":"https:\/\/dinhosreef.com\/en\/wp-json\/wp\/v2\/media\/2360"}],"wp:attachment":[{"href":"https:\/\/dinhosreef.com\/en\/wp-json\/wp\/v2\/media?parent=2362"}],"wp:term":[{"taxonomy":"product_brand","embeddable":true,"href":"https:\/\/dinhosreef.com\/en\/wp-json\/wp\/v2\/product_brand?post=2362"},{"taxonomy":"product_cat","embeddable":true,"href":"https:\/\/dinhosreef.com\/en\/wp-json\/wp\/v2\/product_cat?post=2362"},{"taxonomy":"product_tag","embeddable":true,"href":"https:\/\/dinhosreef.com\/en\/wp-json\/wp\/v2\/product_tag?post=2362"}],"curies":[{"name":"wp","href":"https:\/\/api.w.org\/{rel}","templated":true}]}}