{"id":2368,"date":"2025-01-28T19:19:22","date_gmt":"2025-01-28T22:19:22","guid":{"rendered":"https:\/\/dinhosreef.com\/produto\/pond-sticks-mixed-bag-4kg-50l-tropical\/"},"modified":"2025-06-25T12:09:03","modified_gmt":"2025-06-25T15:09:03","slug":"pond-sticks-mixed-bag-4kg-50l-tropical","status":"publish","type":"product","link":"https:\/\/dinhosreef.com\/en\/product\/pond-sticks-mixed-bag-4kg-50l-tropical\/","title":{"rendered":"POND STICKS MIXED &#8211; BAG 4KG  (50L) &#8211;  TROPICAL"},"content":{"rendered":"<p>Tropical Pond Sticks Mixed 4kg (50l) &#8211; Tropical<\/p>\n<p>Ra\u00e7\u00e3o especial para Carpas Koi, Kinguios, Goldfish e outros peixes ornamentais da fam\u00edlia dos Ciprin\u00eddeos;<\/p>\n<p>Pond Sticks Mixed \u00e9 uma ra\u00e7\u00e3o flutuante completo para Kois\/carpas, kinguios, e outros peixes ornamentais da fam\u00edlia dos Ciprin\u00eddeos mantidos em lagos de jardins. Este alimento fornece ao peixe uma dieta nutricionalmente correta e ao mesmo tempo real\u00e7a a sua cor vermelha e dourada. Com baixo teor de f\u00f3sforo, n\u00e3o provoca a prolifera\u00e7\u00e3o de algas no seu lago ou aqu\u00e1rio. O alimento satisfaz plenamente as necessidades nutricionais dos peixes ornamentais.<\/p>\n<p>Vantagens:<br \/>-Baixo teor de f\u00f3sforo;<br \/>-N\u00e3o provoca a prolifera\u00e7\u00e3o de algas no lago<br \/>-Satisfaz plenamente as necessidades nutricionais dos peixes ornamentais.<br \/>-Real\u00e7a a cor vermelha e dourada dos peixes.<\/p>\n<p>Indica\u00e7\u00f5es\/Recomenda\u00e7\u00f5es: Alimentar v\u00e1rias vezes ao dia (2-4 vezes) em pequenas por\u00e7\u00f5es.<\/p>\n<p>Ingredientes:<br \/>Cereais, derivados de origem vegetal, peixe e derivados de peixe, extratos de prote\u00ednas vegetais, carne e subprodutos de carne (derivados de farinha de peixe), \u00f3leos e gordura, subst\u00e2ncias minerais. Cont\u00eam: Vitaminas, pr\u00f3-vitaminas, corantes e antioxidantes.<\/p>\n<p>Vitaminas:<br \/>A: 12000 IU\/kg<br \/>D3: 1500 IU\/kg<br \/>E: 80 mg\/kg<br \/>C: 50 mg\/kg<\/p>\n<p>N\u00edveis de Garantia:<br \/>Ferro: 24,0 mg\/kg<br \/>Zinco: 7,0 mg\/kg<br \/>Mangan\u00eas: 5,0 mg\/kg<br \/>Cobre: 1,2 mg\/kg<br \/>Iodo: 0,15 mg\/kg<br \/>Sel\u00e9nio: 0,15 mg\/kg<br \/>Molibd\u00eanio: 0,03 mg\/kg<br \/>Cobalto: 0,01 mg\/kg<br \/>Prote\u00edna Bruta: 23,0%<br \/>Mat\u00e9ria Gorda Bruta: 3,0%<br \/>Fibra Bruta: 1,5%<br \/>Umidade: 8,0%<\/p>","protected":false},"excerpt":{"rendered":"<p>Tropical Pond Sticks Mixed 4kg (50l) &#8211; Tropical Ra\u00e7\u00e3o especial para Carpas Koi, Kinguios, Goldfish e outros peixes ornamentais da fam\u00edlia dos Ciprin\u00eddeos; Pond Sticks Mixed \u00e9 uma ra\u00e7\u00e3o flutuante completo para Kois\/carpas, kinguios, e outros peixes ornamentais da fam\u00edlia dos Ciprin\u00eddeos mantidos em lagos de jardins. Este alimento fornece ao peixe uma dieta nutricionalmente [&hellip;]<\/p>\n","protected":false},"featured_media":2363,"comment_status":"open","ping_status":"closed","template":"","meta":{"googlesitekit_rrm_CAow0N7NCw:productID":"","content-type":"","pmpro_default_level":"","_themeisle_gutenberg_block_has_review":false},"product_brand":[],"product_cat":[57],"product_tag":[],"class_list":{"0":"post-2368","1":"product","2":"type-product","3":"status-publish","4":"has-post-thumbnail","6":"product_cat-alimentos","7":"aux-has-gallery","8":"pmpro-has-access","10":"first","11":"outofstock","12":"taxable","13":"shipping-taxable","14":"purchasable","15":"product-type-simple"},"_links":{"self":[{"href":"https:\/\/dinhosreef.com\/en\/wp-json\/wp\/v2\/product\/2368","targetHints":{"allow":["GET"]}}],"collection":[{"href":"https:\/\/dinhosreef.com\/en\/wp-json\/wp\/v2\/product"}],"about":[{"href":"https:\/\/dinhosreef.com\/en\/wp-json\/wp\/v2\/types\/product"}],"replies":[{"embeddable":true,"href":"https:\/\/dinhosreef.com\/en\/wp-json\/wp\/v2\/comments?post=2368"}],"wp:featuredmedia":[{"embeddable":true,"href":"https:\/\/dinhosreef.com\/en\/wp-json\/wp\/v2\/media\/2363"}],"wp:attachment":[{"href":"https:\/\/dinhosreef.com\/en\/wp-json\/wp\/v2\/media?parent=2368"}],"wp:term":[{"taxonomy":"product_brand","embeddable":true,"href":"https:\/\/dinhosreef.com\/en\/wp-json\/wp\/v2\/product_brand?post=2368"},{"taxonomy":"product_cat","embeddable":true,"href":"https:\/\/dinhosreef.com\/en\/wp-json\/wp\/v2\/product_cat?post=2368"},{"taxonomy":"product_tag","embeddable":true,"href":"https:\/\/dinhosreef.com\/en\/wp-json\/wp\/v2\/product_tag?post=2368"}],"curies":[{"name":"wp","href":"https:\/\/api.w.org\/{rel}","templated":true}]}}