{"id":2648,"date":"2025-02-03T18:22:19","date_gmt":"2025-02-03T21:22:19","guid":{"rendered":"https:\/\/dinhosreef.com\/produto\/luminaria-artika-freshwater-ocean-tech\/"},"modified":"2025-11-24T13:43:24","modified_gmt":"2025-11-24T16:43:24","slug":"luminaria-artika-freshwater-ocean-tech","status":"publish","type":"product","link":"https:\/\/dinhosreef.com\/en\/product\/luminaria-artika-freshwater-ocean-tech\/","title":{"rendered":"LUMINARIA ARTIKA FRESHWATER  &#8211;  OCEAN TECH"},"content":{"rendered":"<p>\u2022 Lumin\u00e1ria PROFISSIONAL Especial para Aqu\u00e1rios de \u00c1gua Doce e Plantados<\/p>\n<p>\u2022 Lumin\u00e1ria ideal para todas esp\u00e9cies de corais ou plantas, inclusive os mais exigentes. A Lumin\u00e1ria Oceantech Artika FreshWater \u00e9 um produto de alta qualidade da marca Ocean Tech, conhecida por sua excel\u00eancia em tecnologia e design.<br \/>\nEssa lumin\u00e1ria tem como objetivo fornecer a ilumina\u00e7\u00e3o necess\u00e1ria para os peixes e plantas al\u00e9m de destacar a beleza e as cores vibrantes dos animais e da decora\u00e7\u00e3o do aqu\u00e1rio.<br \/>\nO modelo Artika Fresh Water 36w \u00e9 control\u00e1vel por aplicativo via Bluetooth, permitindo que voc\u00ea ajuste a ilumina\u00e7\u00e3o de acordo com as necessidades do seu aqu\u00e1rio.<\/p>\n<p>-&gt; VANTAGENS<\/p>\n<p>\u2022 Ilumina\u00e7\u00e3o mais eficiente e econ\u00f4mica do que as l\u00e2mpadas convencionais.<br \/>\n\u2022 Ideal para o crescimento de plantas<br \/>\n\u2022 Atende TODOS os TIPOS de PEIXES e PLANTAS, at\u00e9 os Mais Exigentes<br \/>\n\u2022 DESTACA a Beleza e as CORES dos Peixes e Plantas<br \/>\n\u2022 Ilumina\u00e7\u00e3o em LED, mais Eficiente e Econ\u00f4mica<br \/>\n\u2022 PROGRAM\u00c1VEL VIA APP (Bluetooth)<br \/>\n\u2022 Possui VENTOINHA para Proteger a Lumin\u00e1ria Contra Superaquecimento<br \/>\n\u2022 Leve e f\u00e1cil de instalar.<br \/>\n\u2022 Suporte RESISTENTE: Feito de Metal Esmaltado<\/p>\n<p>-&gt; Diferenciais<\/p>\n<p>\u2022 Possui diferentes espectros de luz, que podem ser ajustados de acordo com as necessidades do aqu\u00e1rio.<br \/>\n\u2022 Personaliza\u00e7\u00e3o na ilumina\u00e7\u00e3o de seus aqu\u00e1rios para melhor atender \u00e0s necessidades de seus animais e plantas<br \/>\n\u2022 Destaca a beleza e as cores vibrantes dos animais e da decora\u00e7\u00e3o do aqu\u00e1rio.<br \/>\n\u2022 Ajusta a altura de acordo com o tamanho do seu aqu\u00e1rio.<\/p>\n<p>-&gt; APLICATIVO<\/p>\n<p>\u2022 Com sua conex\u00e3o Bluetooth, a f\u00e1cil integra\u00e7\u00e3o com o aplicativo OCEAN TECH voc\u00ea consegue controlar todas as fun\u00e7\u00f5es da sua LUMIN\u00c1RIA.<br \/>\nAjuste cores, hor\u00e1rios de funcionamento, mistura de cores, e outras diversas funcionalidades dispon\u00edveis no aplicativo!<\/p>\n<p>-&gt; CORES<\/p>\n<p>\u2022 12 Power Leds de 3W cada com 4 Canais de Cores:<\/p>\n<ul>\n<li>4 Cool White (Branco) 10.000 k<\/p>\n<\/li>\n<li>\n<p>4 x Warm White (Branco Quente) 6500K<\/p>\n<\/li>\n<li>\n<p>2 x Green (Verde) 520nm<\/p>\n<\/li>\n<li>\n<p>2 x Red (Vermelho) 660nm<\/p>\n<\/li>\n<\/ul>\n<p>-&gt; FICHA T\u00c9CNICA DA LUMIN\u00c1RIA ARTIKA FRESHWATER<\/p>\n<p>\u2022 Modelo: Artika Fresh Water<br \/>\n\u2022 Pot\u00eancia: 36w<br \/>\n\u2022 Canais: 4 Cool White (Branco) 10.000 k, 4 x Warm White (Branco Quente) 6500K, 2 x Green (Verde) 520nm, 2 x Red (Vermelho) 660nm<br \/>\n\u2022 Quantidade de LEDs: 12<br \/>\n\u2022 Medidas da Lumin\u00e1ria (CxLxA) &#8211; 22 x 11 x 3<br \/>\n\u2022 Tipo de \u00c1gua: Doce<br \/>\n\u2022 L\u00famens: 1410<br \/>\n\u2022 Voltagem: Bivolt<br \/>\n\u2022 Cabo de Energia Total: 2,1m<br \/>\n\u2022 Cabo de Energia da Fonte at\u00e9 a Tomada: 0,8m \/ 80cm<br \/>\n\u2022 Peso: 700g<br \/>\n\u2022 Material do Suporte: Metal Esmaltado<br \/>\n\u2022 Tamanho M\u00e1ximo do Aqu\u00e1rio: 50cm de Comprimento<\/p>\n<p>-&gt; GARANTIA:<\/p>\n<p>\u2022 1 ano de f\u00e1brica<\/p>\n<p>-&gt;CONTE\u00daDO da EMBALAGEM:<\/p>\n<p>\u2022 1 x Lumin\u00e1ria Artika Fresh Water<br \/>\n\u2022 1 x Suporte Lumin\u00e1ria<br \/>\n\u2022 1 x Suporte de Apoio Aqu\u00e1rio<br \/>\n\u2022 1 x Suporte Alongador<br \/>\n\u2022 1 x Fonte de 24V-AC\/DC<br \/>\n\u2022 8 x Parafusos para Fixa\u00e7\u00e3o<br \/>\n\u2022 2 x Chaves Sextavadas<\/p>\n<p>-&gt; PERGUNTAS FREQUENTES:<\/p>\n<p>Segue pelos Correios ou Transportadora?<br \/>\nUsamos o servi\u00e7o de entrega do pr\u00f3prio Mercadolivre &#8211; O MercadoEnvios &#8211; Seu produto ser\u00e1 postado pelo correio ou transportadora em poucas horas ap\u00f3s aprova\u00e7\u00e3o da sua compra e voc\u00ea receber\u00e1 o rastreamento automaticamente pelo chat do Mercadolivre;<\/p>\n<p>Possui loja f\u00edsica?<br \/>\nSim, temos escrit\u00f3rio f\u00edsico. Voc\u00ea pode comprar aqui no ML e receber gratuitamente em sua endere\u00e7o com Frete Gr\u00e1tis;<\/p>\n<p>Envio\/postagem em quanto tempo?<br \/>\nEnvio em at\u00e9 24h ap\u00f3s a aprova\u00e7\u00e3o do pagamento &#8211; Normalmente Enviamos Bem Antes Disso!<\/p>\n<p>Qual a marca?<br \/>\nOcean Tech &#8211; Produto Novo, Lacrado, Original, De Recente Fabrica\u00e7\u00e3o! &#8211; Somos Distribuidor Autorizado<\/p>","protected":false},"excerpt":{"rendered":"<p>\u2022 Lumin\u00e1ria PROFISSIONAL Especial para Aqu\u00e1rios de \u00c1gua Doce e Plantados \u2022 Lumin\u00e1ria ideal para todas esp\u00e9cies de corais ou plantas, inclusive os mais exigentes. A Lumin\u00e1ria Oceantech Artika FreshWater \u00e9 um produto de alta qualidade da marca Ocean Tech, conhecida por sua excel\u00eancia em tecnologia e design. Essa lumin\u00e1ria tem como objetivo fornecer a [&hellip;]<\/p>\n","protected":false},"featured_media":2641,"comment_status":"open","ping_status":"closed","template":"","meta":{"googlesitekit_rrm_CAow0N7NCw:productID":"","content-type":"","pmpro_default_level":"","_themeisle_gutenberg_block_has_review":false},"product_brand":[],"product_cat":[59],"product_tag":[],"class_list":{"0":"post-2648","1":"product","2":"type-product","3":"status-publish","4":"has-post-thumbnail","6":"product_cat-iluminacao-para-aquarios","7":"aux-has-gallery","8":"pmpro-has-access","10":"first","11":"outofstock","12":"taxable","13":"shipping-taxable","14":"purchasable","15":"product-type-simple"},"_links":{"self":[{"href":"https:\/\/dinhosreef.com\/en\/wp-json\/wp\/v2\/product\/2648","targetHints":{"allow":["GET"]}}],"collection":[{"href":"https:\/\/dinhosreef.com\/en\/wp-json\/wp\/v2\/product"}],"about":[{"href":"https:\/\/dinhosreef.com\/en\/wp-json\/wp\/v2\/types\/product"}],"replies":[{"embeddable":true,"href":"https:\/\/dinhosreef.com\/en\/wp-json\/wp\/v2\/comments?post=2648"}],"wp:featuredmedia":[{"embeddable":true,"href":"https:\/\/dinhosreef.com\/en\/wp-json\/wp\/v2\/media\/2641"}],"wp:attachment":[{"href":"https:\/\/dinhosreef.com\/en\/wp-json\/wp\/v2\/media?parent=2648"}],"wp:term":[{"taxonomy":"product_brand","embeddable":true,"href":"https:\/\/dinhosreef.com\/en\/wp-json\/wp\/v2\/product_brand?post=2648"},{"taxonomy":"product_cat","embeddable":true,"href":"https:\/\/dinhosreef.com\/en\/wp-json\/wp\/v2\/product_cat?post=2648"},{"taxonomy":"product_tag","embeddable":true,"href":"https:\/\/dinhosreef.com\/en\/wp-json\/wp\/v2\/product_tag?post=2648"}],"curies":[{"name":"wp","href":"https:\/\/api.w.org\/{rel}","templated":true}]}}