{"id":2650,"date":"2025-02-03T18:22:28","date_gmt":"2025-02-03T21:22:28","guid":{"rendered":"https:\/\/dinhosreef.com\/produto\/luminaria-artika-ocean-tech-marine-p-aquario-nano-marinho\/"},"modified":"2026-03-25T09:50:22","modified_gmt":"2026-03-25T12:50:22","slug":"luminaria-artika-ocean-tech-marine-p-aquario-nano-marinho","status":"publish","type":"product","link":"https:\/\/dinhosreef.com\/en\/product\/luminaria-artika-ocean-tech-marine-p-aquario-nano-marinho\/","title":{"rendered":"Lumin\u00e1ria Artika Ocean Tech Marine P\/ Aqu\u00e1rio Nano Marinho"},"content":{"rendered":"<p>OCEAN TECH LUMINARIA ARTIKA MARINE<\/p>\n<p>\u00a0<\/p>\n<p>Artika Marine \u00e9 uma Lumin\u00e1ria de uso profissional para aqu\u00e1rios de \u00e1gua salgada com cobertura de \u00e1rea m\u00e1xima de 50cm densamente plantados. Ideal para todas as esp\u00e9cies de Peixes e Corais, at\u00e9 mesmo as mais exigentes.<\/p>\n<p>\u00a0<\/p>\n<p>Especifica\u00e7\u00e3o:<\/p>\n<p>\u00a0<\/p>\n<p>&#8211; Bivolt<\/p>\n<p>&#8211; 4 canais de cores ajust\u00e1veis via app\/ Bluetooth<\/p>\n<p>&#8211; 1410 Lumens<\/p>\n<p>&#8211; Leds 3535 3W<\/p>\n<p>&#8211; Pot\u00eancia 36w<\/p>\n<p>&#8211; Medidas (CxLxA) &#8211; 27x7x24* cm<\/p>\n<p>&#8211; Peso: 800G<\/p>\n<p>&#8211; Controlada por APP, via Bluetooth.<\/p>\n<p>Possui haste pre\u00eansil regul\u00e1vel de 25cm a 30cm<\/p>\n<p>\u00a0<\/p>\n<p>12 leds com 4 canais de cores.<\/p>\n<p>\u00a0<\/p>\n<p>\u00c1REA DE COBERTURA APROX. 50CM<\/p>\n<p>Com 12 Power led\u00b4s de 3w sendo:<\/p>\n<p>3 x cool white 100000k<\/p>\n<p>3 x deep blue 450nm<\/p>\n<p>2 x violet 420nm<\/p>\n<p>2 x UV 395nm<\/p>\n<p>1 x green 520nm<\/p>\n<p>1 x red 660nm<\/p>\n<p>\u00a0<\/p>\n<p>\u00a0<\/p>\n<p><strong>Para aqu\u00e1rios de at\u00e9 50cm<\/strong><\/p>","protected":false},"excerpt":{"rendered":"<p>OCEAN TECH LUMINARIA ARTIKA MARINE \u00a0 Artika Marine \u00e9 uma Lumin\u00e1ria de uso profissional para aqu\u00e1rios de \u00e1gua salgada com cobertura de \u00e1rea m\u00e1xima de 50cm densamente plantados. Ideal para todas as esp\u00e9cies de Peixes e Corais, at\u00e9 mesmo as mais exigentes. \u00a0 Especifica\u00e7\u00e3o: \u00a0 &#8211; Bivolt &#8211; 4 canais de cores ajust\u00e1veis via app\/ [&hellip;]<\/p>\n","protected":false},"featured_media":2649,"comment_status":"open","ping_status":"closed","template":"","meta":{"googlesitekit_rrm_CAow0N7NCw:productID":"","content-type":"","pmpro_default_level":"","_themeisle_gutenberg_block_has_review":false},"product_brand":[],"product_cat":[59],"product_tag":[],"class_list":{"0":"post-2650","1":"product","2":"type-product","3":"status-publish","4":"has-post-thumbnail","6":"product_cat-iluminacao-para-aquarios","7":"pmpro-has-access","9":"first","10":"outofstock","11":"taxable","12":"shipping-taxable","13":"purchasable","14":"product-type-variable"},"_links":{"self":[{"href":"https:\/\/dinhosreef.com\/en\/wp-json\/wp\/v2\/product\/2650","targetHints":{"allow":["GET"]}}],"collection":[{"href":"https:\/\/dinhosreef.com\/en\/wp-json\/wp\/v2\/product"}],"about":[{"href":"https:\/\/dinhosreef.com\/en\/wp-json\/wp\/v2\/types\/product"}],"replies":[{"embeddable":true,"href":"https:\/\/dinhosreef.com\/en\/wp-json\/wp\/v2\/comments?post=2650"}],"wp:featuredmedia":[{"embeddable":true,"href":"https:\/\/dinhosreef.com\/en\/wp-json\/wp\/v2\/media\/2649"}],"wp:attachment":[{"href":"https:\/\/dinhosreef.com\/en\/wp-json\/wp\/v2\/media?parent=2650"}],"wp:term":[{"taxonomy":"product_brand","embeddable":true,"href":"https:\/\/dinhosreef.com\/en\/wp-json\/wp\/v2\/product_brand?post=2650"},{"taxonomy":"product_cat","embeddable":true,"href":"https:\/\/dinhosreef.com\/en\/wp-json\/wp\/v2\/product_cat?post=2650"},{"taxonomy":"product_tag","embeddable":true,"href":"https:\/\/dinhosreef.com\/en\/wp-json\/wp\/v2\/product_tag?post=2650"}],"curies":[{"name":"wp","href":"https:\/\/api.w.org\/{rel}","templated":true}]}}