{"id":2662,"date":"2025-02-03T18:36:20","date_gmt":"2025-02-03T21:36:20","guid":{"rendered":"https:\/\/dinhosreef.com\/produto\/seachem-reef-phytoplankton-250ml\/"},"modified":"2026-04-07T09:51:00","modified_gmt":"2026-04-07T12:51:00","slug":"seachem-reef-phytoplankton-250ml","status":"publish","type":"product","link":"https:\/\/dinhosreef.com\/en\/product\/seachem-reef-phytoplankton-250ml\/","title":{"rendered":"Seachem Reef Phytoplankton 250ml"},"content":{"rendered":"<p>Reef phytopl\u00e2ncton \u2122 Mistura concentrada de fitopl\u00e2ncton marinho verde e marrom Tamanho varia de 1-20 u M Refor\u00e7ada para aumentar a biodisponibilidade de nutrientes importantes Descri\u00e7\u00e3o Reef phytopl\u00e2ncton \u2122 \u00e9 uma mistura concentrada de fitopl\u00e2ncton marinho verde e marrom projetado para fornecer os \u00e1cidos graxos, prote\u00ednas, vitaminas, amino\u00e1cidos essenciais, com caroten\u00f3ides biol\u00f3gicos para a dieta de invertebrados. Tamanho varia de 1-20 mm para alimentar uma ampla gama de alimentadores do filtro do aqu\u00e1rio marinhos tropicais e invertebrados. Recife fitopl\u00e2ncton \u2122 cont\u00e9m uma fonte natural de caroten\u00f3ides que fornece as prote\u00ednas essenciais, bem como uma fonte de pigmenta\u00e7\u00e3o mais biodisponivel quando comparado com outras fontes naturais e pigmentos sint\u00e9ticos. Os caroten\u00f3ides proporcionar o benef\u00edcio extra de actividade antioxidante. Al\u00e9m disso, Recife fitopl\u00e2ncton \u2122 \u00e9 aumentada para aumentar a biodisponibilidade de nutrientes importantes, tais como prote\u00ednas, l\u00edpidos, vitaminas B, e outros pigmentos org\u00e2nicos, assim, corais gasta menos energia para derivar o benef\u00edcio nutricional. \u00c9 misturado para conter a propor\u00e7\u00e3o adequada de \u00e1cidos gordos, hidratos de carbono e prote\u00ednas. Misturando fitopl\u00e2ncton produz melhor valor nutricional. Estudos * mostrar aumento do consumo de fitopl\u00e2ncton em alimentadores do filtro quando se utiliza culturas mistas versus uma \u00fanica cultura de fitopl\u00e2ncton. * Villa, B. Rico, Le Coz, JR, Mingant, C., e Robert, R. (2006). Aquicultura. 256, 377-388. Instru\u00e7\u00f5es Agite bem antes de usar. Use 5 m L para cada 190 L (50 gal\u00f5es) de \u00e1gua duas vezes por semana ou como necess\u00e1rio para manter o crescimento de corais. (Para fins de refer\u00eancia, a tampa possui 5 m L). Refrigera\u00e7\u00e3o ap\u00f3s a abertura \u00e9 recomendado, mas n\u00e3o obrigat\u00f3rio. An\u00e1lise garantida Valores por 1 grama Prote\u00edna (min)0,40% Gordura bruta (min)0,15% Cobre (Cu)0,032 mg Fibra bruta (max)0,5% Humidade (max)96,8% Ash (max)3,0% Ingredientes: \u00c1gua, Thalassiosira weissflogii, Isochrysis SP, Nannochloropsis, hidrolisados de prote\u00edna com caroten\u00f3ides, \u00e1cido c\u00edtrico, \u00e1cido carbox\u00edlico, Metilparabeno, Sodium propionato<\/p>","protected":false},"excerpt":{"rendered":"<p>Reef phytopl\u00e2ncton \u2122 Mistura concentrada de fitopl\u00e2ncton marinho verde e marrom Tamanho varia de 1-20 u M Refor\u00e7ada para aumentar a biodisponibilidade de nutrientes importantes Descri\u00e7\u00e3o Reef phytopl\u00e2ncton \u2122 \u00e9 uma mistura concentrada de fitopl\u00e2ncton marinho verde e marrom projetado para fornecer os \u00e1cidos graxos, prote\u00ednas, vitaminas, amino\u00e1cidos essenciais, com caroten\u00f3ides biol\u00f3gicos para a dieta [&hellip;]<\/p>\n","protected":false},"featured_media":2661,"comment_status":"open","ping_status":"closed","template":"","meta":{"googlesitekit_rrm_CAow0N7NCw:productID":"","content-type":"","pmpro_default_level":"","_themeisle_gutenberg_block_has_review":false},"product_brand":[402],"product_cat":[31],"product_tag":[],"class_list":{"0":"post-2662","1":"product","2":"type-product","3":"status-publish","4":"has-post-thumbnail","6":"product_brand-seachem","7":"product_cat-materiais-filtrantes","8":"pmpro-has-access","10":"first","11":"outofstock","12":"taxable","13":"shipping-taxable","14":"purchasable","15":"product-type-simple"},"_links":{"self":[{"href":"https:\/\/dinhosreef.com\/en\/wp-json\/wp\/v2\/product\/2662","targetHints":{"allow":["GET"]}}],"collection":[{"href":"https:\/\/dinhosreef.com\/en\/wp-json\/wp\/v2\/product"}],"about":[{"href":"https:\/\/dinhosreef.com\/en\/wp-json\/wp\/v2\/types\/product"}],"replies":[{"embeddable":true,"href":"https:\/\/dinhosreef.com\/en\/wp-json\/wp\/v2\/comments?post=2662"}],"wp:featuredmedia":[{"embeddable":true,"href":"https:\/\/dinhosreef.com\/en\/wp-json\/wp\/v2\/media\/2661"}],"wp:attachment":[{"href":"https:\/\/dinhosreef.com\/en\/wp-json\/wp\/v2\/media?parent=2662"}],"wp:term":[{"taxonomy":"product_brand","embeddable":true,"href":"https:\/\/dinhosreef.com\/en\/wp-json\/wp\/v2\/product_brand?post=2662"},{"taxonomy":"product_cat","embeddable":true,"href":"https:\/\/dinhosreef.com\/en\/wp-json\/wp\/v2\/product_cat?post=2662"},{"taxonomy":"product_tag","embeddable":true,"href":"https:\/\/dinhosreef.com\/en\/wp-json\/wp\/v2\/product_tag?post=2662"}],"curies":[{"name":"wp","href":"https:\/\/api.w.org\/{rel}","templated":true}]}}