{"id":2683,"date":"2025-02-04T10:28:46","date_gmt":"2025-02-04T13:28:46","guid":{"rendered":"https:\/\/dinhosreef.com\/produto\/labcon-clean-15-ml\/"},"modified":"2026-04-08T17:36:17","modified_gmt":"2026-04-08T20:36:17","slug":"labcon-clean-15-ml","status":"publish","type":"product","link":"https:\/\/dinhosreef.com\/en\/product\/labcon-clean-15-ml\/","title":{"rendered":"LABCON CLEAN 15 ML"},"content":{"rendered":"<p>Evita a introdu\u00e7\u00e3o de patogenos no aqu\u00e1rio<\/p>\n<p>Labcon Clean\u00e9 indicado para evitar a introdu\u00e7\u00e3o no aqu\u00e1rio de organismos patog\u00eanicos causadores de doen\u00e7as em peixes, al\u00e9m de esp\u00e9cies respons\u00e1veis por infesta\u00e7\u00f5es, como os caramujos.<\/p>\n<p>O uso deLabcon Clean\u00e9 importante, pois nem sempre \u00e9 poss\u00edvel manter peixes e plantas rec\u00e9m adquiridos em aqu\u00e1rios de quarentena.<\/p>\n<p>Labcon Clean age sobre:<br \/>Fungos: como os dos g\u00eanerosSaprolegnia,Achlya,DictyuchuseIchthyophonus<br \/>Bact\u00e9rias: como as dos g\u00eanerosPseudomonas,AeromonaseFlexibacter<br \/>Protozo\u00e1rios<\/p>\n<p>Forma de uso<\/p>\n<p>Desinfe\u00e7\u00e3o de peixes:<br \/>Deve ser feita na pr\u00f3pria embalagem pl\u00e1stica usada para o transporte dos peixes, enquanto esta estiver boiando na \u00e1gua do aqu\u00e1rio para equil\u00edbrio de temperatura.<\/p>\n<p>Descartar a \u00e1gua de tratamento ao soltar os peixes no aqu\u00e1rio;<\/p>\n<p>Desinfe\u00e7\u00e3o de plantas:<br \/>Deve ser feita em recipiente n\u00e3o met\u00e1lico (lou\u00e7a oupl\u00e1stico), com \u00e1gua de torneira.<\/p>\n<p>Ap\u00f3s o tratamento passar as plantas em \u00e1gua de torneira antes de introduzi-las no aqu\u00e1rio.<\/p>\n<p>Importante:Nunca aplique o produto diretamente na \u00e1gua do aqu\u00e1rio.<\/p>\n<p>Dosagem:<br \/>Para desinfe\u00e7\u00e3o de peixes ou plantas, adicionar 1 gota deLabcon Cleanpara cada 200 ml de \u00e1gua (5 gotas por litro). Aguardar de 20 a 30 minutos.<\/p>\n<div class=\"ui-pdp-header__title-container\">\n<h1 class=\"ui-pdp-title\">Clean Labcon 15 Ml Fungos E Bact\u00e9rias<\/h1>\n<\/p><\/div>\n<div class=\"ui-pdp-header__info\">\u00a0<\/div>\n<p>\u00a0<\/p>\n<p>Contra Indica\u00e7\u00e3o:<br \/>Labcon Clean n\u00e3o \u00e9 aconselh\u00e1vel para tratamento de filhotes.<\/p>\n<p>Ingredientes<\/p>\n<p>Sulfato de cobre 0,7 g Azul de metileno 0,14 g Verde de malaquita 0,28 g Formalina 17,2 g Ve\u00edculo q.s.p. 100 ml<\/p>","protected":false},"excerpt":{"rendered":"<p>Evita a introdu\u00e7\u00e3o de patogenos no aqu\u00e1rio Labcon Clean\u00e9 indicado para evitar a introdu\u00e7\u00e3o no aqu\u00e1rio de organismos patog\u00eanicos causadores de doen\u00e7as em peixes, al\u00e9m de esp\u00e9cies respons\u00e1veis por infesta\u00e7\u00f5es, como os caramujos. O uso deLabcon Clean\u00e9 importante, pois nem sempre \u00e9 poss\u00edvel manter peixes e plantas rec\u00e9m adquiridos em aqu\u00e1rios de quarentena. Labcon Clean [&hellip;]<\/p>\n","protected":false},"featured_media":2681,"comment_status":"open","ping_status":"closed","template":"","meta":{"googlesitekit_rrm_CAow0N7NCw:productID":"","content-type":"","pmpro_default_level":"","_themeisle_gutenberg_block_has_review":false},"product_brand":[],"product_cat":[47],"product_tag":[],"class_list":{"0":"post-2683","1":"product","2":"type-product","3":"status-publish","4":"has-post-thumbnail","6":"product_cat-condicionadores-de-agua","7":"aux-has-gallery","8":"pmpro-has-access","10":"first","11":"instock","12":"taxable","13":"shipping-taxable","14":"purchasable","15":"product-type-simple"},"_links":{"self":[{"href":"https:\/\/dinhosreef.com\/en\/wp-json\/wp\/v2\/product\/2683","targetHints":{"allow":["GET"]}}],"collection":[{"href":"https:\/\/dinhosreef.com\/en\/wp-json\/wp\/v2\/product"}],"about":[{"href":"https:\/\/dinhosreef.com\/en\/wp-json\/wp\/v2\/types\/product"}],"replies":[{"embeddable":true,"href":"https:\/\/dinhosreef.com\/en\/wp-json\/wp\/v2\/comments?post=2683"}],"wp:featuredmedia":[{"embeddable":true,"href":"https:\/\/dinhosreef.com\/en\/wp-json\/wp\/v2\/media\/2681"}],"wp:attachment":[{"href":"https:\/\/dinhosreef.com\/en\/wp-json\/wp\/v2\/media?parent=2683"}],"wp:term":[{"taxonomy":"product_brand","embeddable":true,"href":"https:\/\/dinhosreef.com\/en\/wp-json\/wp\/v2\/product_brand?post=2683"},{"taxonomy":"product_cat","embeddable":true,"href":"https:\/\/dinhosreef.com\/en\/wp-json\/wp\/v2\/product_cat?post=2683"},{"taxonomy":"product_tag","embeddable":true,"href":"https:\/\/dinhosreef.com\/en\/wp-json\/wp\/v2\/product_tag?post=2683"}],"curies":[{"name":"wp","href":"https:\/\/api.w.org\/{rel}","templated":true}]}}