{"id":2685,"date":"2025-02-04T10:28:53","date_gmt":"2025-02-04T13:28:53","guid":{"rendered":"https:\/\/dinhosreef.com\/produto\/labcon-test-dureza-total-gh-100-testes\/"},"modified":"2026-04-15T11:53:12","modified_gmt":"2026-04-15T14:53:12","slug":"labcon-test-dureza-total-gh-100-testes","status":"publish","type":"product","link":"https:\/\/dinhosreef.com\/en\/product\/labcon-test-dureza-total-gh-100-testes\/","title":{"rendered":"LABCON TEST DUREZA TOTAL GH 100 TESTES"},"content":{"rendered":"<p>Teste de Dureza para aqu\u00e1rios de \u00e1gua doce<\/p>\n<p>A concentra\u00e7\u00e3o de \u00edons met\u00e1licos, principalmente C\u00e1lcio (Ca+) e Magn\u00e9sio (Mg+), confere \u00e0 \u00e1gua o que se convencionou chamar de Dureza da \u00e1gua ou Dureza Total. Outros \u00edons met\u00e1licos como ferro, alum\u00ednio, mangan\u00eas e zinco tamb\u00e9m podem influenciar os valores de Dureza, mas normalmente ocorrem em concentra\u00e7\u00f5es insignificantes. Como a maioria dos \u00edons Ca+ e Mg+ encontram-se na forma de sais de carbonatos (CO3&#8211;) e bicarbonatos (HCO3-), com frequ\u00eancia os valores da Dureza se equiparam aos valores de Alcalinidade (Dureza em Carbonatos). Em \u00e1guas onde a Dureza Total supera a Alcalinidade, parte dos \u00edons Ca+ e Mg+ encontram-se associados a sulfatos, nitratos, cloretos e silicatos. Por outro lado, em situa\u00e7\u00f5es de alta Alcalinidade e baixa Dureza Total, parte dos carbonatos e bicarbonatos est\u00e1 associada aos \u00edons Na+ e K+ ao inv\u00e9s de Ca+ e Mg+. A Dureza da \u00e1gua \u00e9 expressa em equivalentes de CaCO3 (mg \/ litro ou ppm) ou em Grau Alem\u00e3o (\u00badH).<\/p>\n<p>Os peixes ornamentais s\u00e3o, em geral, tolerantes a diferentes valores de Dureza da \u00e1gua, especialmente quando criados em cativeiro. Algumas esp\u00e9cies, no entanto, n\u00e3o se reproduzem quando a \u00e1gua do aqu\u00e1rio apresenta Dureza diferente da encontrada em seu habitat natural. Deve-se consultar a literatura para conhecer as necessidades das esp\u00e9cies que se pretende criar.<\/p>","protected":false},"excerpt":{"rendered":"<p>Teste de Dureza para aqu\u00e1rios de \u00e1gua doce A concentra\u00e7\u00e3o de \u00edons met\u00e1licos, principalmente C\u00e1lcio (Ca+) e Magn\u00e9sio (Mg+), confere \u00e0 \u00e1gua o que se convencionou chamar de Dureza da \u00e1gua ou Dureza Total. Outros \u00edons met\u00e1licos como ferro, alum\u00ednio, mangan\u00eas e zinco tamb\u00e9m podem influenciar os valores de Dureza, mas normalmente ocorrem em concentra\u00e7\u00f5es [&hellip;]<\/p>\n","protected":false},"featured_media":2684,"comment_status":"open","ping_status":"closed","template":"","meta":{"googlesitekit_rrm_CAow0N7NCw:productID":"","content-type":"","pmpro_default_level":"","_themeisle_gutenberg_block_has_review":false},"product_brand":[],"product_cat":[47],"product_tag":[],"class_list":{"0":"post-2685","1":"product","2":"type-product","3":"status-publish","4":"has-post-thumbnail","6":"product_cat-condicionadores-de-agua","7":"pmpro-has-access","9":"first","10":"outofstock","11":"taxable","12":"shipping-taxable","13":"purchasable","14":"product-type-simple"},"_links":{"self":[{"href":"https:\/\/dinhosreef.com\/en\/wp-json\/wp\/v2\/product\/2685","targetHints":{"allow":["GET"]}}],"collection":[{"href":"https:\/\/dinhosreef.com\/en\/wp-json\/wp\/v2\/product"}],"about":[{"href":"https:\/\/dinhosreef.com\/en\/wp-json\/wp\/v2\/types\/product"}],"replies":[{"embeddable":true,"href":"https:\/\/dinhosreef.com\/en\/wp-json\/wp\/v2\/comments?post=2685"}],"wp:featuredmedia":[{"embeddable":true,"href":"https:\/\/dinhosreef.com\/en\/wp-json\/wp\/v2\/media\/2684"}],"wp:attachment":[{"href":"https:\/\/dinhosreef.com\/en\/wp-json\/wp\/v2\/media?parent=2685"}],"wp:term":[{"taxonomy":"product_brand","embeddable":true,"href":"https:\/\/dinhosreef.com\/en\/wp-json\/wp\/v2\/product_brand?post=2685"},{"taxonomy":"product_cat","embeddable":true,"href":"https:\/\/dinhosreef.com\/en\/wp-json\/wp\/v2\/product_cat?post=2685"},{"taxonomy":"product_tag","embeddable":true,"href":"https:\/\/dinhosreef.com\/en\/wp-json\/wp\/v2\/product_tag?post=2685"}],"curies":[{"name":"wp","href":"https:\/\/api.w.org\/{rel}","templated":true}]}}