{"id":2687,"date":"2025-02-04T10:29:00","date_gmt":"2025-02-04T13:29:00","guid":{"rendered":"https:\/\/dinhosreef.com\/produto\/labcon-test-ph-ciclideos-e-marinhos-19-ml\/"},"modified":"2026-04-23T00:54:07","modified_gmt":"2026-04-23T03:54:07","slug":"labcon-test-ph-ciclideos-e-marinhos-19-ml","status":"publish","type":"product","link":"https:\/\/dinhosreef.com\/en\/product\/labcon-test-ph-ciclideos-e-marinhos-19-ml\/","title":{"rendered":"LABCON TEST PH CICLIDEOS E MARINHOS 19 ML"},"content":{"rendered":"<p>Mede o pH na escala de 7,6 a 9,2<\/p>\n<p>O pH \u00e9 quantificado dentro de uma escala num\u00e9rica que vai de 0 a 14, tendo o 7 como ponto neutro. Valores inferiores a 7 referem-se a um estado de acidez, e valores superiores a 7 indicam estado de alcalinidade.<\/p>\n<p>LabconTest pH Cicl\u00eddeos &amp; Marinhos \u00e9 indicado para a verifica\u00e7\u00e3o do pH de \u00e1gua salgada ou doce, dentro da faixa de pH alcalino, como os aqu\u00e1rios marinhos e de Cicl\u00eddeos africanos.<\/p>\n<p>No ambiente natural marinho, assim como nos grandes lagos de origem dos Cicl\u00eddeos africanos, o pH alcalino praticamente n\u00e3o se altera. Por esta raz\u00e3o os organismos s\u00e3o pouco resistentes a eventuais altera\u00e7\u00f5es de pH.<\/p>\n<p>No ambiente limitado do aqu\u00e1rio o pH tende a acidificar, devido principalmente \u00e0 decomposi\u00e7\u00e3o dos res\u00edduos org\u00e2nicos acumulados. Tal situa\u00e7\u00e3o resulta em estresse para os peixes, com consequente aumento da suscetibilidade dos organismos a doen\u00e7as e outros males.<\/p>\n<p>O pH deve ser analisado semanalmente. Havendo necessidade de elevar o pH aplica-se o corretivo Labcon Alcali na \u00e1gua do aqu\u00e1rio. Para uma eventual necessidade inversa, de baixar o pH, aplica-se o corretivo Labcon Acid. A dureza em carbonatos da \u00e1gua funciona como um indicador da estabilidade do pH, da\u00ed a import\u00e2ncia de monitorar tamb\u00e9m esta vari\u00e1vel, usando LabconTest Dureza em Carbonatos KH.<\/p>\n<p>Forma de uso:<br \/>1. Preencha a proveta at\u00e9 a marca com a \u00e1gua do aqu\u00e1rio a ser analisada;<br \/>2. Pingue 2 gotas da solu\u00e7\u00e3o reagente, tampe a proveta e agite;<br \/>3. Ap\u00f3s 2 minutos, compare a cor desenvolvida no teste com a escala de cores apresentada, buscando aquela que mais se aproxima.<\/p>\n<p>Obs:<br \/>&#8211; Realize a leitura de prefer\u00eancia sob luz natural. Para melhor compara\u00e7\u00e3o, encoste a proveta aberta no c\u00edrculo branco e fa\u00e7a a observa\u00e7\u00e3o por cima.<br \/>&#8211; Ap\u00f3s cada teste, lave imediatamente a proveta e a mantenha fechada. Caso a proveta n\u00e3o esteja limpa, poder\u00e1 haver altera\u00e7\u00e3o da cor resultante no pr\u00f3ximo teste, com consequente erro de leitura.<br \/>&#8211; Para garantir a efici\u00eancia dos testes, mantenha o frasco da solu\u00e7\u00e3o reagente sempre bem fechado.<\/p>\n<p>Limita\u00e7\u00f5es de Uso:<br \/>A leitura do resultado do teste poder\u00e1 sofrer distor\u00e7\u00f5es quando a \u00e1gua testada estiver sendo tratada com produtos que desenvolvem cor. N\u00e3o \u00e9 aconselh\u00e1vel a utiliza\u00e7\u00e3o simult\u00e2nea de Labcon Test pH Cicl\u00eddeos &amp; Marinhos com produtos desta natureza.<\/p>","protected":false},"excerpt":{"rendered":"<p>Mede o pH na escala de 7,6 a 9,2 O pH \u00e9 quantificado dentro de uma escala num\u00e9rica que vai de 0 a 14, tendo o 7 como ponto neutro. Valores inferiores a 7 referem-se a um estado de acidez, e valores superiores a 7 indicam estado de alcalinidade. LabconTest pH Cicl\u00eddeos &amp; Marinhos \u00e9 [&hellip;]<\/p>\n","protected":false},"featured_media":2686,"comment_status":"open","ping_status":"closed","template":"","meta":{"googlesitekit_rrm_CAow0N7NCw:productID":"","content-type":"","pmpro_default_level":"","_themeisle_gutenberg_block_has_review":false},"product_brand":[],"product_cat":[47],"product_tag":[],"class_list":{"0":"post-2687","1":"product","2":"type-product","3":"status-publish","4":"has-post-thumbnail","6":"product_cat-condicionadores-de-agua","7":"pmpro-has-access","9":"first","10":"outofstock","11":"taxable","12":"shipping-taxable","13":"purchasable","14":"product-type-simple"},"_links":{"self":[{"href":"https:\/\/dinhosreef.com\/en\/wp-json\/wp\/v2\/product\/2687","targetHints":{"allow":["GET"]}}],"collection":[{"href":"https:\/\/dinhosreef.com\/en\/wp-json\/wp\/v2\/product"}],"about":[{"href":"https:\/\/dinhosreef.com\/en\/wp-json\/wp\/v2\/types\/product"}],"replies":[{"embeddable":true,"href":"https:\/\/dinhosreef.com\/en\/wp-json\/wp\/v2\/comments?post=2687"}],"wp:featuredmedia":[{"embeddable":true,"href":"https:\/\/dinhosreef.com\/en\/wp-json\/wp\/v2\/media\/2686"}],"wp:attachment":[{"href":"https:\/\/dinhosreef.com\/en\/wp-json\/wp\/v2\/media?parent=2687"}],"wp:term":[{"taxonomy":"product_brand","embeddable":true,"href":"https:\/\/dinhosreef.com\/en\/wp-json\/wp\/v2\/product_brand?post=2687"},{"taxonomy":"product_cat","embeddable":true,"href":"https:\/\/dinhosreef.com\/en\/wp-json\/wp\/v2\/product_cat?post=2687"},{"taxonomy":"product_tag","embeddable":true,"href":"https:\/\/dinhosreef.com\/en\/wp-json\/wp\/v2\/product_tag?post=2687"}],"curies":[{"name":"wp","href":"https:\/\/api.w.org\/{rel}","templated":true}]}}