{"id":2703,"date":"2025-02-04T10:35:22","date_gmt":"2025-02-04T13:35:22","guid":{"rendered":"https:\/\/dinhosreef.com\/produto\/labcon-aqualife-15-ml\/"},"modified":"2026-04-20T08:50:39","modified_gmt":"2026-04-20T11:50:39","slug":"labcon-aqualife-15-ml","status":"publish","type":"product","link":"https:\/\/dinhosreef.com\/en\/product\/labcon-aqualife-15-ml\/","title":{"rendered":"LABCON AQUALIFE 15 ML"},"content":{"rendered":"<p>Medicamento fungicida<\/p>\n<p>Indica\u00e7\u00f5es Como fungicida: Saprolegnioses<br \/>Nome comum: Doen\u00e7a dos tufos de algod\u00e3o<br \/>Agentes Etiol\u00f3gicos: principalmente os fungos<\/p>\n<p>Forma de uso<\/p>\n<p>Suspenda temporariamente a filtragem sem desligar o oxigenador. A maioria dos sistemas de filtragem funciona associados \u00e0 oxigena\u00e7\u00e3o. Se n\u00e3o for poss\u00edvel desconectar o oxigenador do sistema, ent\u00e3o n\u00e3o desligue a filtragem.<\/p>\n<p>Dosagem: Aplique o produto diretamente na \u00e1gua, na propor\u00e7\u00e3o de 1 gota para cada 2 L de \u00e1gua. Repita as aplica\u00e7\u00f5es a cada 48 horas, at\u00e9 regress\u00e3o dos sintomas.<\/p>\n<p>Em caso de associa\u00e7\u00e3o com parasiticidas, como Labcon Ictio, aplicar 1 gota para cada 4 L de \u00e1gua.<\/p>\n<p>Labcon Aqualife normalmente muda a colora\u00e7\u00e3o da \u00e1gua, em aproximadamente 48 h ap\u00f3s o termino do tratamento a \u00e1gua retorna a sua colora\u00e7\u00e3o normal. Por\u00e9m pode haver manchas no silicone, dependo da qualidade do material.<\/p>\n<p>Ingredientes<\/p>\n<p>Acriflavina (cloridrato) 0,45 g Ve\u00edculo q.s.p 100 ml<\/p>","protected":false},"excerpt":{"rendered":"<p>Medicamento fungicida Indica\u00e7\u00f5es Como fungicida: SaprolegniosesNome comum: Doen\u00e7a dos tufos de algod\u00e3oAgentes Etiol\u00f3gicos: principalmente os fungos Forma de uso Suspenda temporariamente a filtragem sem desligar o oxigenador. A maioria dos sistemas de filtragem funciona associados \u00e0 oxigena\u00e7\u00e3o. Se n\u00e3o for poss\u00edvel desconectar o oxigenador do sistema, ent\u00e3o n\u00e3o desligue a filtragem. Dosagem: Aplique o produto [&hellip;]<\/p>\n","protected":false},"featured_media":2700,"comment_status":"open","ping_status":"closed","template":"","meta":{"googlesitekit_rrm_CAow0N7NCw:productID":"","content-type":"","pmpro_default_level":"","_themeisle_gutenberg_block_has_review":false},"product_brand":[332],"product_cat":[47],"product_tag":[],"class_list":{"0":"post-2703","1":"product","2":"type-product","3":"status-publish","4":"has-post-thumbnail","6":"product_brand-alcon","7":"product_cat-condicionadores-de-agua","8":"aux-has-gallery","9":"pmpro-has-access","11":"first","12":"outofstock","13":"taxable","14":"shipping-taxable","15":"purchasable","16":"product-type-simple"},"_links":{"self":[{"href":"https:\/\/dinhosreef.com\/en\/wp-json\/wp\/v2\/product\/2703","targetHints":{"allow":["GET"]}}],"collection":[{"href":"https:\/\/dinhosreef.com\/en\/wp-json\/wp\/v2\/product"}],"about":[{"href":"https:\/\/dinhosreef.com\/en\/wp-json\/wp\/v2\/types\/product"}],"replies":[{"embeddable":true,"href":"https:\/\/dinhosreef.com\/en\/wp-json\/wp\/v2\/comments?post=2703"}],"wp:featuredmedia":[{"embeddable":true,"href":"https:\/\/dinhosreef.com\/en\/wp-json\/wp\/v2\/media\/2700"}],"wp:attachment":[{"href":"https:\/\/dinhosreef.com\/en\/wp-json\/wp\/v2\/media?parent=2703"}],"wp:term":[{"taxonomy":"product_brand","embeddable":true,"href":"https:\/\/dinhosreef.com\/en\/wp-json\/wp\/v2\/product_brand?post=2703"},{"taxonomy":"product_cat","embeddable":true,"href":"https:\/\/dinhosreef.com\/en\/wp-json\/wp\/v2\/product_cat?post=2703"},{"taxonomy":"product_tag","embeddable":true,"href":"https:\/\/dinhosreef.com\/en\/wp-json\/wp\/v2\/product_tag?post=2703"}],"curies":[{"name":"wp","href":"https:\/\/api.w.org\/{rel}","templated":true}]}}