{"id":2707,"date":"2025-02-04T10:35:35","date_gmt":"2025-02-04T13:35:35","guid":{"rendered":"https:\/\/dinhosreef.com\/produto\/labcon-test-nitrito-100-testes\/"},"modified":"2026-04-27T16:39:49","modified_gmt":"2026-04-27T19:39:49","slug":"labcon-test-nitrito-100-testes","status":"publish","type":"product","link":"https:\/\/dinhosreef.com\/en\/product\/labcon-test-nitrito-100-testes\/","title":{"rendered":"LABCON TEST NITRITO 100 TESTES"},"content":{"rendered":"<p>LABCON TEST NITRITO NO2<\/p>\n<p>Embalagem: kit contendo 100 testes<\/p>\n<p>Teste que quantifica o nitrito<\/p>\n<p>Origem dos compostos nitrogenados:<\/p>\n<p>Sobras de alimentos, produtos da excre\u00e7\u00e3o dos peixes, restos de plantas e peixes mortos s\u00e3o desdobrados em am\u00f4nia por bact\u00e9rias heterotr\u00f3ficas, num processo chamado amonifica\u00e7\u00e3o. Grande parte da am\u00f4nia tamb\u00e9m se origina diretamente dos peixes, principalmente excretada pelas br\u00e2nquias. Na seq\u00fc\u00eancia deste processo a am\u00f4nia, por a\u00e7\u00e3o de dois grupos de bact\u00e9rias auto tr\u00f3ficas nitrificantes, \u00e9 oxidada primeiramente a nitrito e depois a nitrato.<\/p>\n<p>Este \u00faltimo composto \u00e9 finalmente consumido como nutriente pelas algas e plantas aqu\u00e1ticas. Em ambientes naturais intactos h\u00e1 um completo equil\u00edbrio entre os organismos e os compostos gerados, fazendo com que este ciclo funcione perfeitamente. Sendo os aqu\u00e1rios ambientes limitados, normalmente n\u00e3o se tem deforma natural e espont\u00e2nea o equil\u00edbrio desejado.<\/p>\n<p>O monitoramento dos compostos nitrogenados(am\u00f4nia, nitrito e nitrato) na \u00e1gua, as rotinas de manuten\u00e7\u00e3o, bem como, a montagem e manuten\u00e7\u00e3o dos filtros biol\u00f3gicos e mec\u00e2nicos, s\u00e3o responsabilidade do aquarista. Estas pr\u00e1ticas s\u00e3o fundamentais para obten\u00e7\u00e3o de sucesso neste hobby.<\/p>\n<p>Teores elevados de nitrito s\u00e3o t\u00f3xicos aos peixes, causam estresse e afetam os gl\u00f3bulos vermelhos do sangue, reduzindo a capacidade respirat\u00f3ria destes animais. A \u00e1gua do aqu\u00e1rio sob tais condi\u00e7\u00f5es, por um per\u00edodo prolongado, pode provocar a morte dos peixes por asfixia. N\u00edveis adequados de nitrito n\u00e3o significam necessariamente n\u00edveis adequados de seu precursor am\u00f4nia evice-versa, da\u00ed a necessidade de monitoramento das duas vari\u00e1veis.<\/p>","protected":false},"excerpt":{"rendered":"<p>LABCON TEST NITRITO NO2 Embalagem: kit contendo 100 testes Teste que quantifica o nitrito Origem dos compostos nitrogenados: Sobras de alimentos, produtos da excre\u00e7\u00e3o dos peixes, restos de plantas e peixes mortos s\u00e3o desdobrados em am\u00f4nia por bact\u00e9rias heterotr\u00f3ficas, num processo chamado amonifica\u00e7\u00e3o. Grande parte da am\u00f4nia tamb\u00e9m se origina diretamente dos peixes, principalmente excretada [&hellip;]<\/p>\n","protected":false},"featured_media":2706,"comment_status":"open","ping_status":"closed","template":"","meta":{"googlesitekit_rrm_CAow0N7NCw:productID":"","content-type":"","pmpro_default_level":"","_themeisle_gutenberg_block_has_review":false},"product_brand":[332],"product_cat":[47],"product_tag":[],"class_list":{"0":"post-2707","1":"product","2":"type-product","3":"status-publish","4":"has-post-thumbnail","6":"product_brand-alcon","7":"product_cat-condicionadores-de-agua","8":"pmpro-has-access","10":"first","11":"instock","12":"taxable","13":"shipping-taxable","14":"purchasable","15":"product-type-simple"},"_links":{"self":[{"href":"https:\/\/dinhosreef.com\/en\/wp-json\/wp\/v2\/product\/2707","targetHints":{"allow":["GET"]}}],"collection":[{"href":"https:\/\/dinhosreef.com\/en\/wp-json\/wp\/v2\/product"}],"about":[{"href":"https:\/\/dinhosreef.com\/en\/wp-json\/wp\/v2\/types\/product"}],"replies":[{"embeddable":true,"href":"https:\/\/dinhosreef.com\/en\/wp-json\/wp\/v2\/comments?post=2707"}],"wp:featuredmedia":[{"embeddable":true,"href":"https:\/\/dinhosreef.com\/en\/wp-json\/wp\/v2\/media\/2706"}],"wp:attachment":[{"href":"https:\/\/dinhosreef.com\/en\/wp-json\/wp\/v2\/media?parent=2707"}],"wp:term":[{"taxonomy":"product_brand","embeddable":true,"href":"https:\/\/dinhosreef.com\/en\/wp-json\/wp\/v2\/product_brand?post=2707"},{"taxonomy":"product_cat","embeddable":true,"href":"https:\/\/dinhosreef.com\/en\/wp-json\/wp\/v2\/product_cat?post=2707"},{"taxonomy":"product_tag","embeddable":true,"href":"https:\/\/dinhosreef.com\/en\/wp-json\/wp\/v2\/product_tag?post=2707"}],"curies":[{"name":"wp","href":"https:\/\/api.w.org\/{rel}","templated":true}]}}