{"id":2730,"date":"2025-02-04T10:37:55","date_gmt":"2025-02-04T13:37:55","guid":{"rendered":"https:\/\/dinhosreef.com\/produto\/labcon-anticlor-15-ml\/"},"modified":"2026-04-08T15:46:49","modified_gmt":"2026-04-08T18:46:49","slug":"labcon-anticlor-15-ml","status":"publish","type":"product","link":"https:\/\/dinhosreef.com\/en\/product\/labcon-anticlor-15-ml\/","title":{"rendered":"LABCON ANTICLOR 15 ML"},"content":{"rendered":"<p>Labcon Anticlor Removedor De Cloro Anticloro Alcon 15ml<br \/>\u00a0<\/p>\n<p>\u00a0<br \/>O\u00a0Labcon Anticlor Removedor De Cloro Anticloro Alcon 15ml \u00e9 um\u00a0Agente complexante e inativador do cloro livre da \u00e1gua.<\/p>\n<p>Toda a \u00e1gua tratada para o abastecimento de resid\u00eancias apresenta em sua composi\u00e7\u00e3o uma certa quantidade de cloro livre. Este elemento, devido ao seu efeito sanitizante e bactericida, \u00e9 de grande import\u00e2ncia para a sa\u00fade dos seres humanos. Por outro lado, o cloro livre exerce um efeito t\u00f3xico aos organismos aqu\u00e1ticos. O produto\u00a0Labcon Anticlor\u00a0tem a capacidade de eliminar o cloro ativo da \u00e1gua sem comprometer a sa\u00fade dos peixes<\/p>\n<p>MODO DE USAR:\u00a0<br \/>1.Calcule o volume do aqu\u00e1rio a ser montado ou da por\u00e7\u00e3o de \u00e1gua a ser substitu\u00edda;<br \/>2. Com a bisnaga na posi\u00e7\u00e3o vertical, adicione 2 gotas de\u00a0Labcon Anticlor\u00a0para cada litro de \u00e1gua e acione o sistema de filtragem;<br \/>3.Certifique-se da efetiva elimina\u00e7\u00e3o do cloro, testando a \u00e1gua ap\u00f3s 10 minutos.<br \/>4. Nas trocas parciais de \u00e1gua, prepare em recipiente separado a \u00e1gua a ser introduzida, aplicando\u00a0Labcon Anticlor<br \/>\u00a0<br \/>CONSERVA\u00c7\u00c3O:<br \/>Conservar o produto na embalagem original sempre bem fechada, \u00e0 temperatura ambiente, longe do alcance das crian\u00e7as.<br \/>\u00a0<br \/>ATEN\u00c7\u00c3O:\u00a0<br \/>Em caso de ingest\u00e3o acidental procure orienta\u00e7\u00e3o m\u00e9dica e leve junto a embalagem do produto.<br \/>\u00a0<br \/>COMPOSI\u00c7\u00c3O:<br \/>Tiossulfato de s\u00f3dio, carbonato de s\u00f3dio, \u00e1gua filtrada<\/p>\n<p>Garantia do vendedor: 30 dias<\/p>","protected":false},"excerpt":{"rendered":"<p>Labcon Anticlor Removedor De Cloro Anticloro Alcon 15ml\u00a0 \u00a0O\u00a0Labcon Anticlor Removedor De Cloro Anticloro Alcon 15ml \u00e9 um\u00a0Agente complexante e inativador do cloro livre da \u00e1gua. Toda a \u00e1gua tratada para o abastecimento de resid\u00eancias apresenta em sua composi\u00e7\u00e3o uma certa quantidade de cloro livre. Este elemento, devido ao seu efeito sanitizante e bactericida, \u00e9 [&hellip;]<\/p>\n","protected":false},"featured_media":2728,"comment_status":"open","ping_status":"closed","template":"","meta":{"googlesitekit_rrm_CAow0N7NCw:productID":"","content-type":"","pmpro_default_level":"","_themeisle_gutenberg_block_has_review":false},"product_brand":[332],"product_cat":[47,425],"product_tag":[],"class_list":{"0":"post-2730","1":"product","2":"type-product","3":"status-publish","4":"has-post-thumbnail","6":"product_brand-alcon","7":"product_cat-condicionadores-de-agua","8":"product_cat-framacia-aquarios","9":"aux-has-gallery","10":"pmpro-has-access","12":"first","13":"instock","14":"taxable","15":"shipping-taxable","16":"purchasable","17":"product-type-simple"},"_links":{"self":[{"href":"https:\/\/dinhosreef.com\/en\/wp-json\/wp\/v2\/product\/2730","targetHints":{"allow":["GET"]}}],"collection":[{"href":"https:\/\/dinhosreef.com\/en\/wp-json\/wp\/v2\/product"}],"about":[{"href":"https:\/\/dinhosreef.com\/en\/wp-json\/wp\/v2\/types\/product"}],"replies":[{"embeddable":true,"href":"https:\/\/dinhosreef.com\/en\/wp-json\/wp\/v2\/comments?post=2730"}],"wp:featuredmedia":[{"embeddable":true,"href":"https:\/\/dinhosreef.com\/en\/wp-json\/wp\/v2\/media\/2728"}],"wp:attachment":[{"href":"https:\/\/dinhosreef.com\/en\/wp-json\/wp\/v2\/media?parent=2730"}],"wp:term":[{"taxonomy":"product_brand","embeddable":true,"href":"https:\/\/dinhosreef.com\/en\/wp-json\/wp\/v2\/product_brand?post=2730"},{"taxonomy":"product_cat","embeddable":true,"href":"https:\/\/dinhosreef.com\/en\/wp-json\/wp\/v2\/product_cat?post=2730"},{"taxonomy":"product_tag","embeddable":true,"href":"https:\/\/dinhosreef.com\/en\/wp-json\/wp\/v2\/product_tag?post=2730"}],"curies":[{"name":"wp","href":"https:\/\/api.w.org\/{rel}","templated":true}]}}