{"id":2782,"date":"2025-02-05T17:34:53","date_gmt":"2025-02-05T20:34:53","guid":{"rendered":"https:\/\/dinhosreef.com\/produto\/suplemento-red-sea-rcp-foundation-kh-alkalinity-b-500ml\/"},"modified":"2025-04-01T22:27:01","modified_gmt":"2025-04-02T01:27:01","slug":"suplemento-red-sea-rcp-foundation-kh-alkalinity-b-500ml","status":"publish","type":"product","link":"https:\/\/dinhosreef.com\/en\/product\/suplemento-red-sea-rcp-foundation-kh-alkalinity-b-500ml\/","title":{"rendered":"SUPLEMENTO RED SEA RCP FOUNDATION KH\/ALKALINITY  B &#8211;  500ML"},"content":{"rendered":"<p>Transforme seu aqu\u00e1rio em um para\u00edso de corais vibrantes com o Suplemento RED SEA RCP Foundation Magnesium (B) &#8211; 500ml. Este produto essencial da Red Sea \u00e9 projetado para garantir que seu sistema de recife tenha os n\u00edveis ideais de magn\u00e9sio, um elemento crucial para a sa\u00fade e crescimento dos corais.<\/p>\n<p>**Descri\u00e7\u00e3o do Produto:**<br \/>O Suplemento RED SEA RCP Foundation Magnesium (B) \u00e9 parte do programa abrangente &#8220;Reef Care&#8221; da Red Sea, formulado especificamente para manter a alcalinidade e pH est\u00e1veis enquanto promove a forma\u00e7\u00e3o balanceada do esqueleto de corais. C\u00e1lcio, magn\u00e9sio, estr\u00f4ncio e carbonato s\u00e3o elementos essenciais que precisam ser fornecidos na propor\u00e7\u00e3o correta para garantir o crescimento saud\u00e1vel e a resist\u00eancia dos corais.<\/p>\n<p>**Modo de Uso:**<br \/>&#8211; Cada 1 ml trata 100 litros de \u00e1gua, elevando a alcalinidade em 0,036 meq\/L (0,1 dKH).<\/p>\n<p>**Indica\u00e7\u00f5es \/ Recomenda\u00e7\u00f5es:**<br \/>&#8211; Para obter resultados \u00f3timos, dose o suplemento de acordo com os testes de alcalinidade recomendados. Utilize em conjunto com os suplementos Reef Foundation A e C para um cuidado completo do recife.<\/p>\n<p>**Sobre a Marca:**<br \/>H\u00e1 mais de 25 anos, a Red Sea tem sido l\u00edder em qualidade e inova\u00e7\u00e3o no setor de aqu\u00e1rios marinhos. Comprometida com a pesquisa cont\u00ednua, a Red Sea desenvolve produtos que facilitam a manuten\u00e7\u00e3o bem-sucedida de recifes de coral, permitindo que aquaristas de todos os n\u00edveis apreciem a beleza de seus aqu\u00e1rios sem preocupa\u00e7\u00f5es com a qu\u00edmica da \u00e1gua. Confie na Red Sea para transformar seu hobby em uma experi\u00eancia gratificante e de sucesso.<\/p>\n<p>Prepare-se para testemunhar corais saud\u00e1veis e vibrantes como nunca antes com o Suplemento RED SEA RCP Foundation Magnesium (B). Adquira agora e descubra por que a Red Sea \u00e9 a escolha preferida entre os amantes de aqu\u00e1rios marinhos em todo o mundo.<\/p>","protected":false},"excerpt":{"rendered":"<p>Transforme seu aqu\u00e1rio em um para\u00edso de corais vibrantes com o Suplemento RED SEA RCP Foundation Magnesium (B) &#8211; 500ml. Este produto essencial da Red Sea \u00e9 projetado para garantir que seu sistema de recife tenha os n\u00edveis ideais de magn\u00e9sio, um elemento crucial para a sa\u00fade e crescimento dos corais. **Descri\u00e7\u00e3o do Produto:**O Suplemento [&hellip;]<\/p>\n","protected":false},"featured_media":2779,"comment_status":"open","ping_status":"closed","template":"","meta":{"googlesitekit_rrm_CAow0N7NCw:productID":"","content-type":"","pmpro_default_level":"","_themeisle_gutenberg_block_has_review":false},"product_brand":[],"product_cat":[47],"product_tag":[],"class_list":{"0":"post-2782","1":"product","2":"type-product","3":"status-publish","4":"has-post-thumbnail","6":"product_cat-condicionadores-de-agua","7":"aux-has-gallery","8":"pmpro-has-access","10":"first","11":"outofstock","12":"taxable","13":"shipping-taxable","14":"purchasable","15":"product-type-simple"},"_links":{"self":[{"href":"https:\/\/dinhosreef.com\/en\/wp-json\/wp\/v2\/product\/2782","targetHints":{"allow":["GET"]}}],"collection":[{"href":"https:\/\/dinhosreef.com\/en\/wp-json\/wp\/v2\/product"}],"about":[{"href":"https:\/\/dinhosreef.com\/en\/wp-json\/wp\/v2\/types\/product"}],"replies":[{"embeddable":true,"href":"https:\/\/dinhosreef.com\/en\/wp-json\/wp\/v2\/comments?post=2782"}],"wp:featuredmedia":[{"embeddable":true,"href":"https:\/\/dinhosreef.com\/en\/wp-json\/wp\/v2\/media\/2779"}],"wp:attachment":[{"href":"https:\/\/dinhosreef.com\/en\/wp-json\/wp\/v2\/media?parent=2782"}],"wp:term":[{"taxonomy":"product_brand","embeddable":true,"href":"https:\/\/dinhosreef.com\/en\/wp-json\/wp\/v2\/product_brand?post=2782"},{"taxonomy":"product_cat","embeddable":true,"href":"https:\/\/dinhosreef.com\/en\/wp-json\/wp\/v2\/product_cat?post=2782"},{"taxonomy":"product_tag","embeddable":true,"href":"https:\/\/dinhosreef.com\/en\/wp-json\/wp\/v2\/product_tag?post=2782"}],"curies":[{"name":"wp","href":"https:\/\/api.w.org\/{rel}","templated":true}]}}