{"id":2866,"date":"2025-02-10T12:40:17","date_gmt":"2025-02-10T15:40:17","guid":{"rendered":"https:\/\/dinhosreef.com\/produto\/bebedouro-beija-flor-ecologico-c-poleiro-e-chapeu-200ml\/"},"modified":"2025-12-24T12:15:32","modified_gmt":"2025-12-24T15:15:32","slug":"bebedouro-beija-flor-ecologico-c-poleiro-e-chapeu-200ml","status":"publish","type":"product","link":"https:\/\/dinhosreef.com\/en\/product\/bebedouro-beija-flor-ecologico-c-poleiro-e-chapeu-200ml\/","title":{"rendered":"Bebedouro Beija-flor Ecol\u00f3gico C\/ Poleiro E Chap\u00e9u (200ml)"},"content":{"rendered":"<p><strong>Pronta Entrega &#8211; Expedi\u00e7\u00e3o em at\u00e9 24 horas nos dias \u00fateis<\/strong><\/p>\n<p><strong>Bebedouro para Beija-Flor com Poleiro e Chap\u00e9u<\/strong><\/p>\n<p><strong>Cor Dispon\u00edvel:<\/strong> Rosa <strong>Marca:<\/strong> Injetfour <strong>Capacidade:<\/strong> 200ml <strong>Dimens\u00f5es:<\/strong><\/p>\n<ul>\n<li>16 cm de base com poleiro<\/li>\n<li>15 cm de altura<\/li>\n<\/ul>\n<p>A imagem do produto \u00e9 ilustrativa do modelo. A cor dispon\u00edvel (rosa) se refere ao corpo do bebedouro. Os chap\u00e9us e flores v\u00eam em diversas combina\u00e7\u00f5es de cores que n\u00e3o podem ser selecionadas individualmente.<\/p>\n<p><strong>Destaques do Produto:<\/strong><\/p>\n<ul>\n<li>O poleiro serve como uma base de apoio e descanso para os p\u00e1ssaros.<\/li>\n<li>A base \u00e9 projetada para minimizar o vazamento do l\u00edquido durante o manuseio ou em dias de vento, evitando o desperd\u00edcio do alimento.<\/li>\n<li>Decore sua casa e atraia lindos beija-flores como visitantes di\u00e1rios.<\/li>\n<li>Pode ser abastecido com n\u00e9ctar para beija-flor ou \u00e1gua com a\u00e7\u00facar.<\/li>\n<li>F\u00e1cil de montar e limpar.<\/li>\n<\/ul>\n<p><strong>Perguntas Frequentes:<\/strong><\/p>\n<ol>\n<li>\n<p><strong>Posso escolher a cor do chap\u00e9u?<\/strong> N\u00e3o. O produto j\u00e1 vem embalado e as cores do chap\u00e9u variam de acordo com a produ\u00e7\u00e3o do fabricante.<\/p>\n<\/li>\n<li>\n<p><strong>Posso escolher as cores das flores?<\/strong> N\u00e3o. As flores v\u00eam em combina\u00e7\u00f5es de cores que variam conforme a produ\u00e7\u00e3o do fabricante.<\/p>\n<\/li>\n<\/ol>","protected":false},"excerpt":{"rendered":"<p>Pronta Entrega &#8211; Expedi\u00e7\u00e3o em at\u00e9 24 horas nos dias \u00fateis Bebedouro para Beija-Flor com Poleiro e Chap\u00e9u Cor Dispon\u00edvel: Rosa Marca: Injetfour Capacidade: 200ml Dimens\u00f5es: 16 cm de base com poleiro 15 cm de altura A imagem do produto \u00e9 ilustrativa do modelo. A cor dispon\u00edvel (rosa) se refere ao corpo do bebedouro. Os [&hellip;]<\/p>\n","protected":false},"featured_media":2862,"comment_status":"open","ping_status":"closed","template":"","meta":{"googlesitekit_rrm_CAow0N7NCw:productID":"","content-type":"","pmpro_default_level":"","_themeisle_gutenberg_block_has_review":false},"product_brand":[],"product_cat":[50],"product_tag":[],"class_list":{"0":"post-2866","1":"product","2":"type-product","3":"status-publish","4":"has-post-thumbnail","6":"product_cat-bebedouros-e-comedouros","7":"aux-has-gallery","8":"pmpro-has-access","10":"first","11":"instock","12":"taxable","13":"shipping-taxable","14":"purchasable","15":"product-type-variable"},"_links":{"self":[{"href":"https:\/\/dinhosreef.com\/en\/wp-json\/wp\/v2\/product\/2866","targetHints":{"allow":["GET"]}}],"collection":[{"href":"https:\/\/dinhosreef.com\/en\/wp-json\/wp\/v2\/product"}],"about":[{"href":"https:\/\/dinhosreef.com\/en\/wp-json\/wp\/v2\/types\/product"}],"replies":[{"embeddable":true,"href":"https:\/\/dinhosreef.com\/en\/wp-json\/wp\/v2\/comments?post=2866"}],"wp:featuredmedia":[{"embeddable":true,"href":"https:\/\/dinhosreef.com\/en\/wp-json\/wp\/v2\/media\/2862"}],"wp:attachment":[{"href":"https:\/\/dinhosreef.com\/en\/wp-json\/wp\/v2\/media?parent=2866"}],"wp:term":[{"taxonomy":"product_brand","embeddable":true,"href":"https:\/\/dinhosreef.com\/en\/wp-json\/wp\/v2\/product_brand?post=2866"},{"taxonomy":"product_cat","embeddable":true,"href":"https:\/\/dinhosreef.com\/en\/wp-json\/wp\/v2\/product_cat?post=2866"},{"taxonomy":"product_tag","embeddable":true,"href":"https:\/\/dinhosreef.com\/en\/wp-json\/wp\/v2\/product_tag?post=2866"}],"curies":[{"name":"wp","href":"https:\/\/api.w.org\/{rel}","templated":true}]}}