{"id":2879,"date":"2025-02-10T18:51:15","date_gmt":"2025-02-10T21:51:15","guid":{"rendered":"https:\/\/dinhosreef.com\/produto\/filtro-uv-para-lago-carpas-aquario-25000-litro-oceantech-55w\/"},"modified":"2026-04-07T10:51:03","modified_gmt":"2026-04-07T13:51:03","slug":"filtro-uv-para-lago-carpas-aquario-25000-litro-oceantech-55w","status":"publish","type":"product","link":"https:\/\/dinhosreef.com\/en\/product\/filtro-uv-para-lago-carpas-aquario-25000-litro-oceantech-55w\/","title":{"rendered":"Filtro Uv Para Lago Carpas Aquario 25000 Litro Oceantech 55w"},"content":{"rendered":"<p>\u00a0Ultra Violeta, UV 55w<\/p>\n<p>&#8212;&#8212;&#8212;&#8212;&#8212;&#8212;&#8212;&#8212;&#8212;&#8212;&#8212;&#8211;<\/p>\n<p>\u00a0<\/p>\n<p>Caracter\u00edsticas principais Marca Ocean Tech, OceanTech Modelo Ocean Tech, OceanTech, Ultra Violeta, UV 55w, Ultra Violeta para Lagos, Uv 25.000L, PU-55w, Ultra Violeta para Aquarios, Ultra VIoleta Para Fontes, Filtro de Ultra Violeta, UltraVioleta, Ocean Tech UltraVioleta, Esterilizador Ultra Violeta Pot\u00eancia 55 W Caudal m\u00e1ximo por hora 8000 l\/min Outros Capacidade m\u00e1xima do filtro: 25000 L Tipo de filtro: Canister Com regulador de fluxo: Sim Tipo de filtra\u00e7\u00e3o: Qu\u00edmico Tipo de material de filtragem: Ultra violeta Inclui bomba: N\u00e3o Comprimento x Altura x Largura: 60 cm x 9 cm x 9 cm<\/p>","protected":false},"excerpt":{"rendered":"<p>\u00a0Ultra Violeta, UV 55w &#8212;&#8212;&#8212;&#8212;&#8212;&#8212;&#8212;&#8212;&#8212;&#8212;&#8212;&#8211; \u00a0 Caracter\u00edsticas principais Marca Ocean Tech, OceanTech Modelo Ocean Tech, OceanTech, Ultra Violeta, UV 55w, Ultra Violeta para Lagos, Uv 25.000L, PU-55w, Ultra Violeta para Aquarios, Ultra VIoleta Para Fontes, Filtro de Ultra Violeta, UltraVioleta, Ocean Tech UltraVioleta, Esterilizador Ultra Violeta Pot\u00eancia 55 W Caudal m\u00e1ximo por hora 8000 l\/min [&hellip;]<\/p>\n","protected":false},"featured_media":2878,"comment_status":"open","ping_status":"closed","template":"","meta":{"googlesitekit_rrm_CAow0N7NCw:productID":"","content-type":"","pmpro_default_level":"","_themeisle_gutenberg_block_has_review":false},"product_brand":[],"product_cat":[71],"product_tag":[],"class_list":{"0":"post-2879","1":"product","2":"type-product","3":"status-publish","4":"has-post-thumbnail","6":"product_cat-filtros","7":"pmpro-has-access","9":"first","10":"instock","11":"taxable","12":"shipping-taxable","13":"purchasable","14":"product-type-variable"},"_links":{"self":[{"href":"https:\/\/dinhosreef.com\/en\/wp-json\/wp\/v2\/product\/2879","targetHints":{"allow":["GET"]}}],"collection":[{"href":"https:\/\/dinhosreef.com\/en\/wp-json\/wp\/v2\/product"}],"about":[{"href":"https:\/\/dinhosreef.com\/en\/wp-json\/wp\/v2\/types\/product"}],"replies":[{"embeddable":true,"href":"https:\/\/dinhosreef.com\/en\/wp-json\/wp\/v2\/comments?post=2879"}],"wp:featuredmedia":[{"embeddable":true,"href":"https:\/\/dinhosreef.com\/en\/wp-json\/wp\/v2\/media\/2878"}],"wp:attachment":[{"href":"https:\/\/dinhosreef.com\/en\/wp-json\/wp\/v2\/media?parent=2879"}],"wp:term":[{"taxonomy":"product_brand","embeddable":true,"href":"https:\/\/dinhosreef.com\/en\/wp-json\/wp\/v2\/product_brand?post=2879"},{"taxonomy":"product_cat","embeddable":true,"href":"https:\/\/dinhosreef.com\/en\/wp-json\/wp\/v2\/product_cat?post=2879"},{"taxonomy":"product_tag","embeddable":true,"href":"https:\/\/dinhosreef.com\/en\/wp-json\/wp\/v2\/product_tag?post=2879"}],"curies":[{"name":"wp","href":"https:\/\/api.w.org\/{rel}","templated":true}]}}