{"id":2886,"date":"2025-02-11T09:03:52","date_gmt":"2025-02-11T12:03:52","guid":{"rendered":"https:\/\/dinhosreef.com\/produto\/protein-pp-22-alta-energia-amarela-para-canarios-1kg\/"},"modified":"2026-01-19T09:23:07","modified_gmt":"2026-01-19T12:23:07","slug":"protein-pp-22-alta-energia-amarela-para-canarios-1kg","status":"publish","type":"product","link":"https:\/\/dinhosreef.com\/en\/product\/protein-pp-22-alta-energia-amarela-para-canarios-1kg\/","title":{"rendered":"Protein &#8211; Pp-22 Alta Energia Amarela Para Can\u00e1rios &#8211; 1kg"},"content":{"rendered":"<div class=\"container-header\">\n<div class=\"container-img-produto\">\n<div>\n<h4>Protein &#8211; Pp-22 Alta Energia Amarela Para Can\u00e1rios &#8211; 1kg<\/h4>\n<\/p><\/div>\n<\/p><\/div>\n<\/p><\/div>\n<div class=\"mensagens-header-edicao\">\n<div id=\"mensagem\" class=\"nomessage\"><\/div>\n<\/p><\/div>\n<div class=\"panel-body\">\n<div id=\"tab-geral\" class=\"tab-container\"> \u00a0<\/p>\n<\/p><\/div>\n<\/p><\/div>\n<p>PP &#8211; 22 ALTA ENERGIA AMARELA \u00e9 um produto desenvolvido para p\u00e1ssaros gran\u00edvoros. Um alimento especialmente formulado para aves em desenvolvimento e reprodu\u00e7\u00e3o. Produto completo, enriquecido com Vitaminas, Amino\u00e1cidos, Minerais essenciais, Prebi\u00f3ticos, Probi\u00f3ticos e Adsorvente de Micotoxinas. \u00c9 um alimento com ovo, rico em Prote\u00ednas e com alto teor energ\u00e9tico. \u00c9 um alimento com alta palatabilidade e elaborado com pigmento amarelo.<\/p>\n<p>Modo de Usar:<br \/>\u00c9 um produto pronto para o uso. Recomendamos que seja umedecida com \u00e1gua que facilitar\u00e1 o trato, lembrando que deve ser preparada diariamente para evitar fermenta\u00e7\u00e3o. Para evitar algum tipo de dist\u00farbio como stress ou at\u00e9 mesmo um muda de pena, \u00e9 recomendado que seja introduzido gradativamente este alimento, por um per\u00edodo de 7 a 10 dias, misturando nos alimentos a que s\u00e3o fornecidas, proporcionando deste modo, uma mudan\u00e7a e melhor adapta\u00e7\u00e3o pela flora intestinal das aves.<\/p>\n<p>INDICA\u00c7\u00c3O DE USO E ESP\u00c9CIE A QUE SE DESTINA<br \/>PP &#8211; 22 ALTA ENERGIA AMARELA \u00e9 indicada para aves de fundo AMARELO. Para Can\u00e1rios Lipocr\u00f4micos (linha clara), como os Can\u00e1rios Amarelo Intenso e Nevado, Amarelo Marfim, Mosaico e Marfim Mosaico. Para os Can\u00e1rios Mel\u00e2nicos de fundo Amarelo, diluir a PP-22 ALTA ENERGIA AMARELA, na propor\u00e7\u00e3o 1:1 com a PP-22 ALTA ENERGIA SUPER PREMIUM.<\/p>\n<p>BENEF\u00cdCIOS PRINCIPAIS NA UTILIZA\u00c7\u00c3O DA PP-22 ALTA ENERGIA AMARELA<br \/>&#8211; \u00c9 um alimento produzido com mat\u00e9ria prima de alt\u00edssima qualidade e com pigmento amarelo de \u00faltima gera\u00e7\u00e3o, explorando o m\u00e1ximo da capacidade gen\u00e9tica da ave no que diz respeito \u00e0 cor.<br \/>&#8211; \u00c9 um alimento com Probi\u00f3tico, que facilita o processo digestivo, ajudando a produzir enzimas essenciais, para degradar os nutrientes complexos, aumentando a assimila\u00e7\u00e3o dos mesmos.<br \/>&#8211; \u00c9 um alimento com Prebi\u00f3tico, que estimula o sistema imunol\u00f3gico e normaliza a produ\u00e7\u00e3o da Vitamina K e Vitamina B12 no intestino.<br \/>&#8211; Alimento com alto teor Proteico e Energ\u00e9tico, possuindo em sua composi\u00e7\u00e3o ovo integral, melhorando a sa\u00fade das aves e contribuindo com a sua beleza.<br \/>&#8211; \u00c9 um alimento com inativador de micotoxina &#8211; ADITIVO ANTIF\u00daNGICO -.<br \/>&#8211; Alimento cozido a uma temperatura que varia entre 180\u00b0C a 200\u00b0C, proporcionando uma melhora na digestibilidade e aproveitamento dos nutrientes ingeridos, como as Prote\u00ednas e Vitaminas.<\/p>\n<p>COMPOSI\u00c7\u00c3O QUALITATIVA DO PRODUTO<br \/>Farelo de Soja Tostada, Ovo integral, Sal comum (Cloreto de S\u00f3dio), Farinha de Trigo, Farelo de Arroz, \u00d3leo vegetal, Aditivos Aromatizantes, Corante artificial, Prebi\u00f3ticos e Probi\u00f3ticos, Adsorvente de Micotoxinas, Edulcorantes, Palatabelizante de coco, Fosfato Bic\u00e1lcico, Caulim, Calc\u00e1rio Calc\u00edtico, Cromo levedura, \u00d3xido de Magn\u00e9sio, Transquelato de Cobre, Transquelato de Mangan\u00eas, Sulfato Ferroso, Sulfato de Mangan\u00eas, Transquelato de Zinco, \u00d3xido de Zinco, Sulfato de Cobalto, Iodato de C\u00e1lcio, Transquelato de Sel\u00eanio, Cloreto de Colina, L-Lisina, L-Treonina, Metionina Hidroxian\u00e1loga, L-Triptofano, Aditivos Antioxidantes, Vitamina A, Vitamina D3, Vitamina E, Vitamina K3, Vitamina C, Vitamina B2, Vitamina B6, Vitamina B12, Niacina, \u00c1cido Pantot\u00eanico, \u00c1cido F\u00f3lico, Biotina, Aditivos Antif\u00fangicos, Conservantes e Estabilizantes.<\/p>\n<p>EVENTUAIS SUBSTITUTIVOS<br \/>Milho Branco, Prote\u00edna Texturizada de Soja, Farinha de Milho Branca, A\u00e7\u00facar, Ovo em p\u00f3, G\u00e9rmen de Trigo, Farinha de Conchas de Ostras tipo um, \u00d3leo de Girassol,<\/p>\n<p>N\u00cdVEIS DE ENRIQUECIMENTO<br \/>Vitamina A (min) UI 20.000,00<br \/>Colina (min) mg\/kg 550,00<br \/>Vitamina D3 (min) UI 6.600,00<br \/>Cobalto (min) mg\/kg 0,55<br \/>Vitamina E (min) UI 100,00<br \/>Iodo (min) mg\/kg 3,00<br \/>Vitamina K3 (min) mg\/kg 5,00<br \/>Sel\u00eanio (min) mg\/kg 0,70<br \/>Vitamina C (min) mg\/kg 50,00<br \/>Ferro (min) mg\/kg 250,00<br \/>Vitamina B1 (min) mg\/kg 14,64<br \/>Zinco (min) mg\/kg 197,00<br \/>Vitamina B2 (min) mg\/kg 40,00<br \/>Mangan\u00eas (min) mg\/kg 100,00<br \/>Vitamina B5 (min) mg\/kg 60,00<br \/>Magn\u00e9sio (min) mg\/kg 1286,00<br \/>Vitamina B6 (min) mg\/kg 5,22<br \/>Niacina (min) mg\/kg 203,00<br \/>Vitamina B9 (min) mg\/kg 10,00<br \/>Cromo (min) mg\/kg 0,20<br \/>Vitamina B12 (min) mcg\/kg 80,00<br \/>Cobre (min) mg\/kg 5,00<br \/>Vitamina H (min) mg\/kg 0,30<br \/>S\u00f3dio (min) mg\/kg 888,00<br \/>Treonina (min) mg\/kg 2250,00<br \/>Triptofano (min) mg\/kg 100,00<\/p>\n<p>N\u00cdVEIS DE GARANTIA<br \/>Umidade (max) g\/kg 120,00<br \/>Extrato Et\u00e9reo (min) g\/kg 45,00<br \/>Mat\u00e9ria Mineral (max) g\/kg 80,00<br \/>F\u00f3sforo (min) mg\/kg 6700,00<br \/>Energia Metaboliz\u00e1vel (min) kcal\/kg 3880,00<br \/>Proteina Bruta (min) g\/kg 220,00<br \/>Mat\u00e9ria Fibrosa (max) g\/kg 45,00<br \/>C\u00e1lcio (max) g\/kg 14,10<br \/>C\u00e1lcio (min) mg\/kg 10750,00<\/p>","protected":false},"excerpt":{"rendered":"<p>Protein &#8211; Pp-22 Alta Energia Amarela Para Can\u00e1rios &#8211; 1kg \u00a0 PP &#8211; 22 ALTA ENERGIA AMARELA \u00e9 um produto desenvolvido para p\u00e1ssaros gran\u00edvoros. Um alimento especialmente formulado para aves em desenvolvimento e reprodu\u00e7\u00e3o. Produto completo, enriquecido com Vitaminas, Amino\u00e1cidos, Minerais essenciais, Prebi\u00f3ticos, Probi\u00f3ticos e Adsorvente de Micotoxinas. \u00c9 um alimento com ovo, rico em [&hellip;]<\/p>\n","protected":false},"featured_media":2883,"comment_status":"open","ping_status":"closed","template":"","meta":{"googlesitekit_rrm_CAow0N7NCw:productID":"","content-type":"","pmpro_default_level":"","_themeisle_gutenberg_block_has_review":false},"product_brand":[],"product_cat":[165],"product_tag":[],"class_list":{"0":"post-2886","1":"product","2":"type-product","3":"status-publish","4":"has-post-thumbnail","6":"product_cat-peixes-pet-shop","7":"aux-has-gallery","8":"pmpro-has-access","10":"first","11":"outofstock","12":"taxable","13":"shipping-taxable","14":"purchasable","15":"product-type-simple"},"_links":{"self":[{"href":"https:\/\/dinhosreef.com\/en\/wp-json\/wp\/v2\/product\/2886","targetHints":{"allow":["GET"]}}],"collection":[{"href":"https:\/\/dinhosreef.com\/en\/wp-json\/wp\/v2\/product"}],"about":[{"href":"https:\/\/dinhosreef.com\/en\/wp-json\/wp\/v2\/types\/product"}],"replies":[{"embeddable":true,"href":"https:\/\/dinhosreef.com\/en\/wp-json\/wp\/v2\/comments?post=2886"}],"wp:featuredmedia":[{"embeddable":true,"href":"https:\/\/dinhosreef.com\/en\/wp-json\/wp\/v2\/media\/2883"}],"wp:attachment":[{"href":"https:\/\/dinhosreef.com\/en\/wp-json\/wp\/v2\/media?parent=2886"}],"wp:term":[{"taxonomy":"product_brand","embeddable":true,"href":"https:\/\/dinhosreef.com\/en\/wp-json\/wp\/v2\/product_brand?post=2886"},{"taxonomy":"product_cat","embeddable":true,"href":"https:\/\/dinhosreef.com\/en\/wp-json\/wp\/v2\/product_cat?post=2886"},{"taxonomy":"product_tag","embeddable":true,"href":"https:\/\/dinhosreef.com\/en\/wp-json\/wp\/v2\/product_tag?post=2886"}],"curies":[{"name":"wp","href":"https:\/\/api.w.org\/{rel}","templated":true}]}}