{"id":2904,"date":"2025-02-11T09:04:30","date_gmt":"2025-02-11T12:04:30","guid":{"rendered":"https:\/\/dinhosreef.com\/produto\/farinhada-pp-22-alta-energia-vermelha-canarios-protein-1kg\/"},"modified":"2026-03-12T14:50:59","modified_gmt":"2026-03-12T17:50:59","slug":"farinhada-pp-22-alta-energia-vermelha-canarios-protein-1kg","status":"publish","type":"product","link":"https:\/\/dinhosreef.com\/en\/product\/farinhada-pp-22-alta-energia-vermelha-canarios-protein-1kg\/","title":{"rendered":"Farinhada Pp-22 Alta Energia Vermelha Can\u00e1rios Protein &#8211; 1kg"},"content":{"rendered":"<div class=\"ui-pdp-header\">\n<div class=\"ui-pdp-header__title-container\">\n<h1 class=\"ui-pdp-title\">Farinhada Pp-22 Alta Energia Vermelha Can\u00e1rios Protein &#8211; 1kg<\/h1>\n<\/p><\/div>\n<\/p><\/div>\n<p>Farinhada PP-22 Alta Energia Vermelha \u00e9 um alimento completo com pigmento vermelho, desenvolvido para p\u00e1ssaros gran\u00edvoros com fator para pigmenta\u00e7\u00e3o vermelha. Especialmente formulado para aves em reprodu\u00e7\u00e3o, \u00e9 enriquecido com vitaminas, amino\u00e1cidos, minerais essenciais e enzimas digestivas. Rico em prote\u00edna e com alto teor energ\u00e9tico.<\/p>\n<p>Indicado para Can\u00e1rios do Reino, Tarim e p\u00e1ssaros com fator para pigmenta\u00e7\u00e3o vermelha.<\/p>\n<p>Uso proibido na alimenta\u00e7\u00e3o de ruminantes.<\/p>\n<p>Modo de usar:<br \/>Produto pronto para o uso. Recomenda-se umedecer com \u00e1gua para facilitar o trato, preparando diariamente para evitar fermenta\u00e7\u00e3o. Introduzir gradativamente por um per\u00edodo de 7 a 10 dias, misturando aos alimentos habituais para melhor adapta\u00e7\u00e3o pela flora intestinal das aves.<\/p>\n<p>Composi\u00e7\u00e3o b\u00e1sica do produto:<br \/>Farelo de Soja, Albumina de Ovo, Sal Comum (Cloreto de s\u00f3dio), Farinha de Trigo, Farinha de Arroz, \u00d3leo de Soja Refinado, Corante vermelho (amaranto), Corante pigmentante (Cantaxantina), Aromatizantes (Banana e Mam\u00e3o), Prebi\u00f3tico (Saccharomyces cerevisiae, Mananoligossacar\u00eddeos e Glucoligossar\u00eddeos), Probi\u00f3ticos (Bacillus subtilis, Bifidobacterium, Enterococcus faecium, Lactobacillus acidophilus), Adsorventes de Micotoxinas (Bentonita), Antiaglomerante (Sepiolita), Edulcorantes (Sacarina, Taumatina, Neohesperidina), Semente de Niger, Gr\u00e3o de Linha\u00e7a, Fosfato Bic\u00e1lcico, Enzimas Digestivas, Caulim, Calc\u00e1rio Calc\u00edtico, Cromo Levedura, \u00d3xido de Magn\u00e9sio, Transquelato de Cobre, Transquelato de Mangan\u00eas, Sulfato de Mangan\u00eas, Sulfato Ferroso, Sulfato de Mangan\u00eas, Transquelato de Zinco, \u00d3xido de Zinco, Sulfato de Cobalto, Iodato de C\u00e1lcio, Transquelato de Sel\u00eanio, Cloreto de Colina, L-Lisina, L-Treonina, Metionina Hidroxian\u00e1loga, L-Triptofano, Aditivo Antioxidante (B.H.T., B.H.A., Etoxiquin), Vitamina A, Vitamina D3, Vitamina E, Vitamina K3, Vitamina C, Vitamina B1, Vitamina B2, Vitamina B6, Vitamina B12, Niacina, \u00c1cido Pantot\u00eanico, \u00c1cido F\u00f3lico, Biotina, Conservantes (sorbato de pot\u00e1ssio e propionato de c\u00e1lcio).<\/p>\n<p>Cont\u00e9m soja transg\u00eanica (esp\u00e9cie doadora de gene: Agrobacterium tumefaciens, Arabidopsis thaliana, Streptomyces viridochromogenes, Bacillus thuringiensis)<br \/>Cont\u00e9m milho branco transg\u00eanico (esp\u00e9cie doadora de gene: Bacillus thuringiensis, Agrobacterium tumefaciens, Streptomyces viridochromogenes)<\/p>\n<p>Eventuais substitutivos:<br \/>Milho mo\u00eddo, Prote\u00edna Texturizada de Soja, Farinha de V\u00edsceras (Aves), Ovo em P\u00f3, Farinha de Aveia, \u00d3leo de Girassol Refinado, Farinha de alga Schizochytrium sp, Farinha de Concha de Ostra, Farinha de carne e osso mista (bovino e su\u00edno).<\/p>\n<p>N\u00edveis de garantia do produto:<br \/>Pectinase (Min.) 0,72 mcg<br \/>Fitase (Min.) 0,054 mcg<br \/>Xilanase (Min.) 0,018 mcg<br \/>Amilase (Min.) 0,005 mcg<br \/>Prote\u00edna Bruta (Min.) 220,00 g\/kg<br \/>Mat\u00e9ria Fibrosa (Max) 60,00 g\/kg<br \/>C\u00e1lcio (Max) 12,00 g\/kg<br \/>C\u00e1lcio (Min.) 7.600,00 mg\/kg<br \/>Protease (Min) 0,126 mcg<br \/>Betaglucanase (Min.) 0,036 mcg<br \/>Celulase (Min) 0,007 mcg<br \/>Umidade (Max) 120,00 g\/kg<br \/>Extrato Et\u00e9reo (Min.) 50,00 g\/kg<br \/>Mat\u00e9ria Mineral (Max.) 80,00 g\/kg<br \/>F\u00f3sforo (Min.) 5.000,00 mg\/kg<\/p>\n<p>Enriquecimento por quilograma do produto:<br \/>Colina (Min.) 440,0 mg\/kg<br \/>Cobalto (Min.) 0,44 mg\/kg<br \/>Iodo (Min.) 2,40 mg\/kg<br \/>Sel\u00eanio (Min.) 0,24 mg\/kg<br \/>Ferro (Min.) 100,00 mg\/kg<br \/>Zinco (Min.) 140,00 mg\/kg<br \/>Mangan\u00eas (Min.) 82,00 mg\/kg<br \/>Magn\u00e9sio (Min.) 1.133,00 mg\/kg<br \/>\u00c1cido Pantot\u00eanico (Min.) 48,00 mg\/kg<br \/>\u00c1cido F\u00f3lico (Min.) 8,00 mg\/kg<br \/>Cromo (Min.) 0,16 mg\/kg<br \/>Cobre (Min.) 4,40 mg\/kg<br \/>Triptofano (Min.) 80,00 mg\/kg<br \/>Lisina (Min) 599,00 mg\/kg<br \/>Vitamina A (Min.) 16.000,00 UI<br \/>Vitamina D3 (Min.) 5.280,00 UI<br \/>Vitamina E (Min.) 120,00 UI<br \/>Vitamina K3 (Min.) 4,00 mg\/kg<br \/>Vitamina C (Min.) 40,00 mg\/kg<br \/>Vitamina B1 (Min.) 11,00 mg\/kg<br \/>Vitamina B2 (Min.) 32,00 mg\/kg<br \/>Vitamina B6 (Min.) 4,20 mg\/kg<br \/>Vitamina B12 (Min) 64,00 mcg\/kg<br \/>Niacina (Min.) 86,00 mg\/kg<br \/>Biotina (Min.) 0,80 mg\/kg<br \/>S\u00f3dio (Min) 1.200,00 mg\/kg<br \/>Treonina (Min.) 1.800,00 mg\/kg<\/p>","protected":false},"excerpt":{"rendered":"<p>Farinhada Pp-22 Alta Energia Vermelha Can\u00e1rios Protein &#8211; 1kg Farinhada PP-22 Alta Energia Vermelha \u00e9 um alimento completo com pigmento vermelho, desenvolvido para p\u00e1ssaros gran\u00edvoros com fator para pigmenta\u00e7\u00e3o vermelha. Especialmente formulado para aves em reprodu\u00e7\u00e3o, \u00e9 enriquecido com vitaminas, amino\u00e1cidos, minerais essenciais e enzimas digestivas. Rico em prote\u00edna e com alto teor energ\u00e9tico. Indicado [&hellip;]<\/p>\n","protected":false},"featured_media":2901,"comment_status":"open","ping_status":"closed","template":"","meta":{"googlesitekit_rrm_CAow0N7NCw:productID":"","content-type":"","pmpro_default_level":"","_themeisle_gutenberg_block_has_review":false},"product_brand":[],"product_cat":[165],"product_tag":[],"class_list":{"0":"post-2904","1":"product","2":"type-product","3":"status-publish","4":"has-post-thumbnail","6":"product_cat-peixes-pet-shop","7":"aux-has-gallery","8":"pmpro-has-access","10":"first","11":"outofstock","12":"taxable","13":"shipping-taxable","14":"purchasable","15":"product-type-simple"},"_links":{"self":[{"href":"https:\/\/dinhosreef.com\/en\/wp-json\/wp\/v2\/product\/2904","targetHints":{"allow":["GET"]}}],"collection":[{"href":"https:\/\/dinhosreef.com\/en\/wp-json\/wp\/v2\/product"}],"about":[{"href":"https:\/\/dinhosreef.com\/en\/wp-json\/wp\/v2\/types\/product"}],"replies":[{"embeddable":true,"href":"https:\/\/dinhosreef.com\/en\/wp-json\/wp\/v2\/comments?post=2904"}],"wp:featuredmedia":[{"embeddable":true,"href":"https:\/\/dinhosreef.com\/en\/wp-json\/wp\/v2\/media\/2901"}],"wp:attachment":[{"href":"https:\/\/dinhosreef.com\/en\/wp-json\/wp\/v2\/media?parent=2904"}],"wp:term":[{"taxonomy":"product_brand","embeddable":true,"href":"https:\/\/dinhosreef.com\/en\/wp-json\/wp\/v2\/product_brand?post=2904"},{"taxonomy":"product_cat","embeddable":true,"href":"https:\/\/dinhosreef.com\/en\/wp-json\/wp\/v2\/product_cat?post=2904"},{"taxonomy":"product_tag","embeddable":true,"href":"https:\/\/dinhosreef.com\/en\/wp-json\/wp\/v2\/product_tag?post=2904"}],"curies":[{"name":"wp","href":"https:\/\/api.w.org\/{rel}","templated":true}]}}