{"id":2907,"date":"2025-02-11T09:04:37","date_gmt":"2025-02-11T12:04:37","guid":{"rendered":"https:\/\/dinhosreef.com\/produto\/extrusada-protein-passaros-pp-gmx-1kg\/"},"modified":"2025-11-22T15:21:31","modified_gmt":"2025-11-22T18:21:31","slug":"extrusada-protein-passaros-pp-gmx-1kg","status":"publish","type":"product","link":"https:\/\/dinhosreef.com\/en\/product\/extrusada-protein-passaros-pp-gmx-1kg\/","title":{"rendered":"Extrusada Protein P\u00e1ssaros &#8211; Pp Gmx &#8211; 1kg"},"content":{"rendered":"<p>Indicado para:<\/p>\n<p>Can\u00e1rios do Reino, Diamante de Gould, Curi\u00f3, Bicudo do Norte, Pintassilgo, Can\u00e1rio da Terra e demais P\u00e1ssaros Gran\u00edvoros.USO PROIBIDO NA ALIMENTA\u00c7\u00c3O DE RUMINANTES. PP-GMX<\/p>\n<p>COMPOSI\u00c7\u00c3O B\u00c1SICA DO PRODUTO:<\/p>\n<p>*Farelo de Soja Tostado,<strong>Milho Branco Integral, Farinha de Ma\u00e7\u00e3 desidratada, Farinha de Aveia sem casca,corante artificial, Farinha de Ostra, Spirulinna, Albumina de Ovo, Sal Comum (Cloreto de s\u00f3dio), Farelo\u00a0de Trigo, Farelo de Arroz, \u00d3leo Vegetal, Aditivos Aromatizantes, Pr\u00e9 e Probi\u00f3ticos, Adsorventes de Mico Toxinas, Edulcorantes, Palatabilizante\u00a0(frutas vermelhas), Fosfato Bic\u00e1lcico, Enzimas Digestivas,\u00a0Caulim, Calc\u00e1rio Calc\u00edtico, Cromo Levedura, \u00d3xido de Magn\u00e9sio, Transquelato de Cobre, Transquelato de Mangan\u00eas, Sulfato Ferroso, Sulfato de Mangan\u00eas, Transquelato de Zinco,\u00d3xido de Zinco, Sulfato de Cobalto, Iodato de C\u00e1lcio, Transquelato de Sel\u00eanio, Cloreto de Colina, L-Lisina, L-treonina, Metionina Hidroxian\u00e1loga, L-Triptofano, Aditivo Antioxidante (B.H.T), Vitamina A, Vitamina D3, Vitamina E, Vitamina K3, Vitamina C, Vitamina B1, Vitamina B2, Vitamina B6, Vitamina B12, Niacina, \u00c1cido Pantot\u00eanico, \u00c1cido F\u00f3lico, Biotina, Aditivo Antif\u00fangico (propionato de c\u00e1lcio) e\u00a0Conservante e Estabilizante (sorbato de pot\u00e1ssio) , Farinha de alga Schizochytrium sp.<\/p>\n<p>*Cont\u00e9m soja transg\u00eanica (esp\u00e9cie doadora de gene; Agrobacterium tumefaciens, Arabidopsis thaliana, Streptomyces viridochromogenes, Bacillus thuringiensis)<\/p>\n<p><\/strong>Cont\u00e9m milho transg\u00eanico (esp\u00e9cie doadora de gene; Bacillus thuringiensis, Agrobacterium tumefaciens, Streptomyces viridochromogenes).<\/p>","protected":false},"excerpt":{"rendered":"<p>Indicado para: Can\u00e1rios do Reino, Diamante de Gould, Curi\u00f3, Bicudo do Norte, Pintassilgo, Can\u00e1rio da Terra e demais P\u00e1ssaros Gran\u00edvoros.USO PROIBIDO NA ALIMENTA\u00c7\u00c3O DE RUMINANTES. PP-GMX COMPOSI\u00c7\u00c3O B\u00c1SICA DO PRODUTO: *Farelo de Soja Tostado,Milho Branco Integral, Farinha de Ma\u00e7\u00e3 desidratada, Farinha de Aveia sem casca,corante artificial, Farinha de Ostra, Spirulinna, Albumina de Ovo, Sal Comum [&hellip;]<\/p>\n","protected":false},"featured_media":2905,"comment_status":"open","ping_status":"closed","template":"","meta":{"googlesitekit_rrm_CAow0N7NCw:productID":"","content-type":"","pmpro_default_level":"","_themeisle_gutenberg_block_has_review":false},"product_brand":[],"product_cat":[165],"product_tag":[],"class_list":{"0":"post-2907","1":"product","2":"type-product","3":"status-publish","4":"has-post-thumbnail","6":"product_cat-peixes-pet-shop","7":"aux-has-gallery","8":"pmpro-has-access","10":"first","11":"outofstock","12":"taxable","13":"shipping-taxable","14":"purchasable","15":"product-type-simple"},"_links":{"self":[{"href":"https:\/\/dinhosreef.com\/en\/wp-json\/wp\/v2\/product\/2907","targetHints":{"allow":["GET"]}}],"collection":[{"href":"https:\/\/dinhosreef.com\/en\/wp-json\/wp\/v2\/product"}],"about":[{"href":"https:\/\/dinhosreef.com\/en\/wp-json\/wp\/v2\/types\/product"}],"replies":[{"embeddable":true,"href":"https:\/\/dinhosreef.com\/en\/wp-json\/wp\/v2\/comments?post=2907"}],"wp:featuredmedia":[{"embeddable":true,"href":"https:\/\/dinhosreef.com\/en\/wp-json\/wp\/v2\/media\/2905"}],"wp:attachment":[{"href":"https:\/\/dinhosreef.com\/en\/wp-json\/wp\/v2\/media?parent=2907"}],"wp:term":[{"taxonomy":"product_brand","embeddable":true,"href":"https:\/\/dinhosreef.com\/en\/wp-json\/wp\/v2\/product_brand?post=2907"},{"taxonomy":"product_cat","embeddable":true,"href":"https:\/\/dinhosreef.com\/en\/wp-json\/wp\/v2\/product_cat?post=2907"},{"taxonomy":"product_tag","embeddable":true,"href":"https:\/\/dinhosreef.com\/en\/wp-json\/wp\/v2\/product_tag?post=2907"}],"curies":[{"name":"wp","href":"https:\/\/api.w.org\/{rel}","templated":true}]}}