{"id":2913,"date":"2025-02-11T09:04:57","date_gmt":"2025-02-11T12:04:57","guid":{"rendered":"https:\/\/dinhosreef.com\/produto\/af-protect-dip-10-ml\/"},"modified":"2025-07-01T15:06:43","modified_gmt":"2025-07-01T18:06:43","slug":"af-protect-dip-10-ml","status":"publish","type":"product","link":"https:\/\/dinhosreef.com\/en\/product\/af-protect-dip-10-ml\/","title":{"rendered":"Skimmer P\/ Aqu\u00e1rio At\u00e9 400 Litros Oceantech Octo 120 Bivolt"},"content":{"rendered":"<p>Descri\u00e7\u00e3o =============================================================== NOVO SKIMMER OCEAN TECH OCTO 120 =============================================================== *** LAN\u00c7AMENTO OCEAN TECH *** DESIGN INOVADOR *** CORPO e COPO INJETADO &#8211; MAIOR RESIST\u00caNCIA *** BOMBA NANO WAVE &#8211; COMPACTA e SILENCIOSA *** GARANTIA de 1 ANO =============================================================== *** Para Aqu\u00e1rios Marinhos de At\u00e9 400 litros *** Bomba DC-1000 (Bivolt &#8211; 1000 litros\/hora) &#8211; Sem Controladora *** Dimens\u00f5es (C x L x A) cm: 13 x 16 x 44 *** N\u00edvel de \u00c1gua Recomendado: 15 \u00e0 20cm ===============================================================<\/p>","protected":false},"excerpt":{"rendered":"<p>Descri\u00e7\u00e3o =============================================================== NOVO SKIMMER OCEAN TECH OCTO 120 =============================================================== *** LAN\u00c7AMENTO OCEAN TECH *** DESIGN INOVADOR *** CORPO e COPO INJETADO &#8211; MAIOR RESIST\u00caNCIA *** BOMBA NANO WAVE &#8211; COMPACTA e SILENCIOSA *** GARANTIA de 1 ANO =============================================================== *** Para Aqu\u00e1rios Marinhos de At\u00e9 400 litros *** Bomba DC-1000 (Bivolt &#8211; 1000 litros\/hora) &#8211; Sem [&hellip;]<\/p>\n","protected":false},"featured_media":3996,"comment_status":"open","ping_status":"closed","template":"","meta":{"googlesitekit_rrm_CAow0N7NCw:productID":"","content-type":"","pmpro_default_level":"","_themeisle_gutenberg_block_has_review":false},"product_brand":[],"product_cat":[16],"product_tag":[],"class_list":{"0":"post-2913","1":"product","2":"type-product","3":"status-publish","4":"has-post-thumbnail","6":"product_cat-diversos","7":"aux-has-gallery","8":"pmpro-has-access","10":"first","11":"outofstock","12":"taxable","13":"shipping-taxable","14":"purchasable","15":"product-type-variable"},"_links":{"self":[{"href":"https:\/\/dinhosreef.com\/en\/wp-json\/wp\/v2\/product\/2913","targetHints":{"allow":["GET"]}}],"collection":[{"href":"https:\/\/dinhosreef.com\/en\/wp-json\/wp\/v2\/product"}],"about":[{"href":"https:\/\/dinhosreef.com\/en\/wp-json\/wp\/v2\/types\/product"}],"replies":[{"embeddable":true,"href":"https:\/\/dinhosreef.com\/en\/wp-json\/wp\/v2\/comments?post=2913"}],"wp:featuredmedia":[{"embeddable":true,"href":"https:\/\/dinhosreef.com\/en\/wp-json\/wp\/v2\/media\/3996"}],"wp:attachment":[{"href":"https:\/\/dinhosreef.com\/en\/wp-json\/wp\/v2\/media?parent=2913"}],"wp:term":[{"taxonomy":"product_brand","embeddable":true,"href":"https:\/\/dinhosreef.com\/en\/wp-json\/wp\/v2\/product_brand?post=2913"},{"taxonomy":"product_cat","embeddable":true,"href":"https:\/\/dinhosreef.com\/en\/wp-json\/wp\/v2\/product_cat?post=2913"},{"taxonomy":"product_tag","embeddable":true,"href":"https:\/\/dinhosreef.com\/en\/wp-json\/wp\/v2\/product_tag?post=2913"}],"curies":[{"name":"wp","href":"https:\/\/api.w.org\/{rel}","templated":true}]}}