{"id":2933,"date":"2025-02-11T09:09:21","date_gmt":"2025-02-11T12:09:21","guid":{"rendered":"https:\/\/dinhosreef.com\/produto\/pp-palatto-alta-energia-1kg-racao-para-passaros-e-aves\/"},"modified":"2025-02-11T09:09:21","modified_gmt":"2025-02-11T12:09:21","slug":"pp-palatto-alta-energia-1kg-racao-para-passaros-e-aves","status":"publish","type":"product","link":"https:\/\/dinhosreef.com\/en\/product\/pp-palatto-alta-energia-1kg-racao-para-passaros-e-aves\/","title":{"rendered":"Pp &#8211; Palatto Alta Energia &#8211; 1kg &#8211; Ra\u00e7\u00e3o Para P\u00e1ssaros E Aves"},"content":{"rendered":"<div id=\"description\" class=\"ui-pdp-container__row ui-pdp-container__row--description\">\n<div class=\"ui-pdp-collapsable ui-pdp-description-collapse\">\n<div class=\"ui-pdp-collapsable__container\">\n<div class=\"ui-pdp-description\">\n<p class=\"ui-pdp-description__content\">PP Palato &#8211; Protein P\u00e1ssaros &#8211; Alta Energia &#8211; Embalagem de 1kg<\/p>\n<p>PP &#8211; PALATTO Alta Energia\u00a0\u00e9 um produto desenvolvido para p\u00e1ssaros gran\u00edvoros.Um alimento especialmente formulado para aves em repouso. Produto completo, enriquecido com vitaminas,amino\u00e1cidos, minerais essenciais.\u00a0\u00c9 um alimento rico em proteina\u00a0e com alto teor energ\u00e9tico<\/p>\n<p>INDICA\u00c7\u00c3O DE USO E ESP\u00c9CIE A QUE SE DESTINA<\/p>\n<p>PP &#8211; PALATTO Alta Energia\u00a0\u00e9 um\u00a0indicado para Can\u00e1rios do Reino, Diamante de Gould,Calafate, Manom, Mandarim, Pintassilgo, Can\u00e1rio da Terra e demais P\u00e1ssaros Gran\u00edvoros. USO PROIBIDO NA ALIMENTA\u00c7\u00c3O DE RUMINANTES.<\/p>\n<p>MODE DE USAR:<\/p>\n<p>\u00c9 um produto pronto para o uso. Recomendamos que seja umedecida\u00a0 com \u00e1gua na propor\u00e7\u00e3o de 0,200 ml\u00a0de \u00e1gua filtrada para kg do alimento \u00a0que facilitar\u00e1 o trato, lembrando que deve ser preparada diariamente para evitar fermenta\u00e7\u00e3o. Podem ser acrescentadas verduras picadas como; Almeir\u00e3o, Couve, Chic\u00f3ria e sementes. Para evitar algum tipo de dist\u00farbio como stress ou at\u00e9 mesmo uma muda de pena,\u00e9 recomendado que seja introduzido gradativamente este alimento, por um per\u00edodo de 7 a 10 dias, misturando nos alimentos a que s\u00e3o fornecidas,proporcionando deste modo, uma\u00a0mudan\u00e7a e melhor adapta\u00e7\u00e3o pela flora intestinal das aves.<\/p>\n<p>COMPOSI\u00c7\u00c3O B\u00c1SICA DO PRODUTO:<\/p>\n<p>*Farelo de Soja Tostado,Albumina de Ovo, Sal Comum (Cloreto de s\u00f3dio), Farinha\u00a0de Trigo, Farelo de Arroz, \u00d3leo Vegetal, Aditivos Aromatizantes,\u00a0Edulcorantes, Saborizantes,Corante Alimenticio, Farinha de Aveia, Espirulina,Fosfato Bic\u00e1lcico,\u00a0Caulim, Calc\u00e1rio Calc\u00edtico, Cromo Levedura, \u00d3xido de Magn\u00e9sio, Transquelato de Cobre, Transquelato de Mangan\u00eas, Sulfato Ferroso, Sulfato de Mangan\u00eas, Transquelato de Zinco,\u00d3xido de Zinco, Sulfato de Cobalto, Iodato de C\u00e1lcio, Transquelato de Sel\u00eanio, Cloreto de Colina, L-Lisina, L-treonina, Metionina Hidroxian\u00e1loga, L-Triptofano, Aditivo Antioxidante (B.H.T), Vitamina A, Vitamina D3, Vitamina E, Vitamina K3, Vitamina C, Vitamina B1, Vitamina B2, Vitamina B6, Vitamina B12, Niacina, \u00c1cido Pantot\u00eanico, \u00c1cido F\u00f3lico, Biotina, Aditivo Antif\u00fangico (propionato de c\u00e1lcio) e\u00a0Conservante e Estabilizante (sorbato de pot\u00e1ssio).<\/p>\n<p>*Cont\u00e9m soja transg\u00eanica (esp\u00e9cie doadora de gene; Agrobacterium tumefaciens, Arabidopsis thaliana, Streptomyces viridochromogenes, Bacillus thuringiensis)<\/p>\n<p>**Cont\u00e9m milho transg\u00eanico (esp\u00e9cie doadora de gene; Bacillus thuringiensis, Agrobacterium tumefaciens, Streptomyces viridochromogenes).<\/p>\n<p>EVENTUAIS SUBSTITUTIVOS:<\/p>\n<p>**Milho Branco,* Prote\u00edna\u00a0Texturizada de Soja,** Farinha de Milho Branco,\u00a0A\u00e7\u00facar, Ovo em P\u00f3,\u00a0Germe de Trigo,Farinha de conchas de Ostras tipo um, \u00d3leo de Girassol, Fosfato Bic\u00e1lcico.<\/p>\n<p>NIVEIS DE GARANTIA DO PRODUTO:<\/p>\n<p>Umidade (max) &#8230;&#8230;&#8230;&#8230;&#8230;&#8230;&#8230;&#8230;&#8230;&#8230;&#8230;&#8230;120,00 g\/kg<\/p>\n<p>Proteina Bruta (Min.)&#8230;&#8230;&#8230;&#8230;&#8230;&#8230;&#8230;&#8230;&#8230;..170,00 g\/kg<\/p>\n<p>Mat\u00e9ria Fibrosa (Max)&#8230;&#8230;&#8230;&#8230;&#8230;&#8230;&#8230;&#8230;&#8230;.65,00 g\/ kg<\/p>\n<p>C\u00e1lcio (Max)&#8230;&#8230;&#8230;&#8230;&#8230;&#8230;&#8230;&#8230;&#8230;&#8230;&#8230;&#8230;&#8230;&#8230;&#8230;.6,50 g\/kg<\/p>\n<p>C\u00e1lcio (Min.)&#8230;&#8230;&#8230;&#8230;&#8230;&#8230;&#8230;&#8230;&#8230;&#8230;&#8230;..4.400,00 mg \/ kg<\/p>\n<p>Extrato Et\u00e9reo (Min.) &#8230;&#8230;&#8230;&#8230;&#8230;&#8230;&#8230;&#8230;&#8230;&#8230;.50,00 g\/kg<\/p>\n<p>Mat\u00e9ria Mineral (Max)&#8230;&#8230;&#8230;&#8230;&#8230;&#8230;&#8230;&#8230;&#8230;&#8230;.80,00 g\/kg<\/p>\n<p>F\u00f3sforo (Min.)&#8230;&#8230;&#8230;&#8230;&#8230;&#8230;&#8230;&#8230;&#8230;&#8230;&#8230;&#8230;2.700,00 mg\/kg<\/p>\n<p>Energia Metaboliz\u00e1vel (Min.) &#8230;&#8230;&#8230;..3400,00 kcal\/kg<\/p>\n<p>Enriquecimento por quilograma do produto:<\/p>\n<p>Colina (Min.) &#8230;&#8230;&#8230;&#8230;&#8230;&#8230;&#8230;110,00 mg\/Kg<\/p>\n<p>Cobalto (Min.)&#8230;&#8230;&#8230;&#8230;&#8230;&#8230;..0,11\u00a0mg\/Kg<\/p>\n<p>Iodo (Min.)&#8230;&#8230;&#8230;&#8230;&#8230;&#8230;&#8230;&#8230;..0,60\u00a0mg\/Kg<\/p>\n<p>Sel\u00eanio (Min.)&#8230;&#8230;&#8230;&#8230;&#8230;&#8230;&#8230;.0,14\u00a0mg\/Kg<\/p>\n<p>Ferro (Min.)&#8230;&#8230;&#8230;&#8230;&#8230;&#8230;&#8230;&#8230;.74,00 mg\/Kg<\/p>\n<p>Zinco (Min.)&#8230;&#8230;&#8230;&#8230;&#8230;&#8230;&#8230;&#8230;.48,00 mg\/Kg<\/p>\n<p>Mangan\u00eas (Min.) &#8230;&#8230;&#8230;&#8230;&#8230;..26,00 mg\/Kg<\/p>\n<p>Magn\u00e9sio (Min.)&#8230;&#8230;&#8230;&#8230;&#8230;&#8230;..826,00 mg\/Kg<\/p>\n<p>\u00c1cido Pantot\u00eanico (Min.)&#8230;&#8230;..12,00 mg\/Kg<\/p>\n<p>\u00c1cido F\u00f3lico (Min.)&#8230;&#8230;&#8230;&#8230;&#8230;..2,00 mg\/Kg<\/p>\n<p>Cromo (Min.)&#8230;&#8230;&#8230;&#8230;&#8230;&#8230;&#8230;&#8230;..0,04\u00a0mg\/Kg<\/p>\n<p>Cobre (Min.)&#8230;&#8230;&#8230;&#8230;&#8230;&#8230;&#8230;&#8230;&#8230;3,50\u00a0mg\/Kg<\/p>\n<p>Triptofano (Min.)&#8230;&#8230;&#8230;&#8230;&#8230;&#8230;&#8230;.20,00 mg\/Kg<\/p>\n<p>Lisina (Min)&#8230;&#8230;&#8230;&#8230;&#8230;&#8230;&#8230;&#8230;&#8230;..120,00 mg\/kg<\/p>\n<p>Vitamina A (Min.)&#8230;&#8230;&#8230;&#8230;&#8230;&#8230;..4.000,00 UI<\/p>\n<p>Vitamina D3 (Min.)&#8230;&#8230;&#8230;&#8230;&#8230;&#8230;..1.300,00 UI<\/p>\n<p>Vitamina E (Min.)&#8230;&#8230;&#8230;&#8230;&#8230;&#8230;&#8230;&#8230;..20,00 UI<\/p>\n<p>Vitamina K3 (Min.)&#8230;&#8230;&#8230;&#8230;&#8230;&#8230;..1,00\u00a0mg\/Kg<\/p>\n<p>Vitamina C (Min.)&#8230;&#8230;&#8230;&#8230;&#8230;&#8230;&#8230;.10,00 mg\/Kg<\/p>\n<p>Vitamina B1 (Min.)&#8230;&#8230;&#8230;&#8230;&#8230;&#8230;..4,80\u00a0mg\/Kg<\/p>\n<p>Vitamina B2 (Min.)&#8230;&#8230;&#8230;&#8230;&#8230;&#8230;&#8230;8,10\u00a0mg\/Kg<\/p>\n<p>Vitamina B6 (Min.)&#8230;&#8230;&#8230;&#8230;&#8230;&#8230;&#8230;1,20\u00a0mg\/Kg<\/p>\n<p>Vitamina B12 (Min.)&#8230;&#8230;&#8230;&#8230;&#8230;&#8230;..16,00 mcg\/Kg<\/p>\n<p>Niacina (Min.)&#8230;&#8230;&#8230;&#8230;&#8230;&#8230;&#8230;&#8230;&#8230;..27,00 mg\/Kg<\/p>\n<p>Biotina (Min.)&#8230;&#8230;&#8230;&#8230;&#8230;&#8230;&#8230;&#8230;&#8230;&#8230;0,06\u00a0mg\/Kg<\/p>\n<p>S\u00f3dio (Min.)&#8230;&#8230;&#8230;&#8230;&#8230;&#8230;&#8230;&#8230;&#8230;&#8230;..900,00 mg\/Kg<\/p>\n<p>Treonina (Min.)&#8230;&#8230;&#8230;&#8230;&#8230;&#8230;&#8230;&#8230;&#8230;.450,00 mg\/Kg<\/p>\n<\/p><\/div>\n<\/p><\/div>\n<\/p><\/div>\n<\/p><\/div>\n<div class=\"ui-vip-core-spot-middle\">\n<section class=\"ui-recommendations-carousel-wrapper-ref\">\n<div class=\"ui-recommendations-carousel-snapped ui-pdp-with--separator-top ui-pdp-with--separator-top--full mb-40 recos-override__card-vertical\">\n<div class=\"ui-recommendations-carousel-snapped__header\">\n<div class=\"ui-recommendations-carousel-snapped__header-titles\">\u00a0<\/div>\n<\/p><\/div>\n<\/p><\/div>\n<\/section><\/div>","protected":false},"excerpt":{"rendered":"<p>PP Palato &#8211; Protein P\u00e1ssaros &#8211; Alta Energia &#8211; Embalagem de 1kg PP &#8211; PALATTO Alta Energia\u00a0\u00e9 um produto desenvolvido para p\u00e1ssaros gran\u00edvoros.Um alimento especialmente formulado para aves em repouso. Produto completo, enriquecido com vitaminas,amino\u00e1cidos, minerais essenciais.\u00a0\u00c9 um alimento rico em proteina\u00a0e com alto teor energ\u00e9tico INDICA\u00c7\u00c3O DE USO E ESP\u00c9CIE A QUE SE DESTINA [&hellip;]<\/p>\n","protected":false},"featured_media":2931,"comment_status":"open","ping_status":"closed","template":"","meta":{"googlesitekit_rrm_CAow0N7NCw:productID":"","content-type":"","pmpro_default_level":"","_themeisle_gutenberg_block_has_review":false},"product_brand":[],"product_cat":[165],"product_tag":[],"class_list":{"0":"post-2933","1":"product","2":"type-product","3":"status-publish","4":"has-post-thumbnail","6":"product_cat-peixes-pet-shop","7":"aux-has-gallery","8":"pmpro-has-access","10":"first","11":"outofstock","12":"taxable","13":"shipping-taxable","14":"purchasable","15":"product-type-simple"},"_links":{"self":[{"href":"https:\/\/dinhosreef.com\/en\/wp-json\/wp\/v2\/product\/2933","targetHints":{"allow":["GET"]}}],"collection":[{"href":"https:\/\/dinhosreef.com\/en\/wp-json\/wp\/v2\/product"}],"about":[{"href":"https:\/\/dinhosreef.com\/en\/wp-json\/wp\/v2\/types\/product"}],"replies":[{"embeddable":true,"href":"https:\/\/dinhosreef.com\/en\/wp-json\/wp\/v2\/comments?post=2933"}],"wp:featuredmedia":[{"embeddable":true,"href":"https:\/\/dinhosreef.com\/en\/wp-json\/wp\/v2\/media\/2931"}],"wp:attachment":[{"href":"https:\/\/dinhosreef.com\/en\/wp-json\/wp\/v2\/media?parent=2933"}],"wp:term":[{"taxonomy":"product_brand","embeddable":true,"href":"https:\/\/dinhosreef.com\/en\/wp-json\/wp\/v2\/product_brand?post=2933"},{"taxonomy":"product_cat","embeddable":true,"href":"https:\/\/dinhosreef.com\/en\/wp-json\/wp\/v2\/product_cat?post=2933"},{"taxonomy":"product_tag","embeddable":true,"href":"https:\/\/dinhosreef.com\/en\/wp-json\/wp\/v2\/product_tag?post=2933"}],"curies":[{"name":"wp","href":"https:\/\/api.w.org\/{rel}","templated":true}]}}