{"id":2936,"date":"2025-02-11T09:09:27","date_gmt":"2025-02-11T12:09:27","guid":{"rendered":"https:\/\/dinhosreef.com\/produto\/multitest-copper-75-testes-seachem\/"},"modified":"2026-02-02T17:44:56","modified_gmt":"2026-02-02T20:44:56","slug":"multitest-copper-75-testes-seachem","status":"publish","type":"product","link":"https:\/\/dinhosreef.com\/en\/product\/multitest-copper-75-testes-seachem\/","title":{"rendered":"MULTITEST: COPPER 75 TESTES  &#8211;  SEACHEM"},"content":{"rendered":"<p>Principais Caracter\u00edsticas:<br \/>I &#8211; Mede todos os tipos de cobre para menos de 0,1 mg \/ l;<br \/>II &#8211; Placa multi-cavidades para testes simult\u00e2neos de at\u00e9 6 testes ao mesmo tempo;<br \/>III &#8211; Inclui refer\u00eancia para valida\u00e7\u00e3o de teste;<br \/>IV &#8211; Altamente eficaz em aqu\u00e1rios marinhos e de \u00e1gua doce.<\/p>\n<p>Descri\u00e7\u00e3o:<br \/>Os kits de cobre s\u00e3o geralmente de dois tipos: complexim\u00e9trico ou baseado em titula\u00e7\u00e3o. Alguns kits medem apenas cobre i\u00f4nico e outros medem cobre i\u00f4nico e quelatado. Este kit usa um procedimento baseado em compleximetria catal\u00edtica altamente sens\u00edvel para medir todos os tipos de cobre para menos de 0,01 mg \/ L em \u00e1gua doce ou marinha. O MultiTest Copper realiza mais de 75 testes e cont\u00e9m uma amostra de refer\u00eancia para valida\u00e7\u00e3o.<\/p>\n<p>Atributos do Produto:<br \/>Marca: Seachem<br \/>Modelo: MultiTest Copper<br \/>Tipo de Pet: Peixes<br \/>Tipo de \u00c1gua: Doce e Salgada<br \/>Rendimento: Rende at\u00e9 75 testeS<\/p>","protected":false},"excerpt":{"rendered":"<p>Principais Caracter\u00edsticas:I &#8211; Mede todos os tipos de cobre para menos de 0,1 mg \/ l;II &#8211; Placa multi-cavidades para testes simult\u00e2neos de at\u00e9 6 testes ao mesmo tempo;III &#8211; Inclui refer\u00eancia para valida\u00e7\u00e3o de teste;IV &#8211; Altamente eficaz em aqu\u00e1rios marinhos e de \u00e1gua doce. Descri\u00e7\u00e3o:Os kits de cobre s\u00e3o geralmente de dois tipos: [&hellip;]<\/p>\n","protected":false},"featured_media":2934,"comment_status":"open","ping_status":"closed","template":"","meta":{"googlesitekit_rrm_CAow0N7NCw:productID":"","content-type":"","pmpro_default_level":"","_themeisle_gutenberg_block_has_review":false},"product_brand":[402],"product_cat":[31],"product_tag":[],"class_list":{"0":"post-2936","1":"product","2":"type-product","3":"status-publish","4":"has-post-thumbnail","6":"product_brand-seachem","7":"product_cat-materiais-filtrantes","8":"aux-has-gallery","9":"pmpro-has-access","11":"first","12":"outofstock","13":"taxable","14":"shipping-taxable","15":"purchasable","16":"product-type-simple"},"_links":{"self":[{"href":"https:\/\/dinhosreef.com\/en\/wp-json\/wp\/v2\/product\/2936","targetHints":{"allow":["GET"]}}],"collection":[{"href":"https:\/\/dinhosreef.com\/en\/wp-json\/wp\/v2\/product"}],"about":[{"href":"https:\/\/dinhosreef.com\/en\/wp-json\/wp\/v2\/types\/product"}],"replies":[{"embeddable":true,"href":"https:\/\/dinhosreef.com\/en\/wp-json\/wp\/v2\/comments?post=2936"}],"wp:featuredmedia":[{"embeddable":true,"href":"https:\/\/dinhosreef.com\/en\/wp-json\/wp\/v2\/media\/2934"}],"wp:attachment":[{"href":"https:\/\/dinhosreef.com\/en\/wp-json\/wp\/v2\/media?parent=2936"}],"wp:term":[{"taxonomy":"product_brand","embeddable":true,"href":"https:\/\/dinhosreef.com\/en\/wp-json\/wp\/v2\/product_brand?post=2936"},{"taxonomy":"product_cat","embeddable":true,"href":"https:\/\/dinhosreef.com\/en\/wp-json\/wp\/v2\/product_cat?post=2936"},{"taxonomy":"product_tag","embeddable":true,"href":"https:\/\/dinhosreef.com\/en\/wp-json\/wp\/v2\/product_tag?post=2936"}],"curies":[{"name":"wp","href":"https:\/\/api.w.org\/{rel}","templated":true}]}}